{"id":870,"date":"2021-09-19T14:51:32","date_gmt":"2021-09-19T14:51:32","guid":{"rendered":"https:\/\/saida-plants.com\/?post_type=product&#038;p=870"},"modified":"2025-05-14T16:24:19","modified_gmt":"2025-05-14T16:24:19","slug":"encens-pur-oliban-%d8%a7%d9%84%d9%84%d8%a8%d8%a7%d9%86-%d8%a7%d9%84%d9%86%d9%82%d9%8a-%d9%84%d9%84%d8%aa%d8%ac%d9%85%d9%8a%d9%84","status":"publish","type":"product","link":"https:\/\/saida-plants.com\/ar\/product\/encens-pur-oliban-%d8%a7%d9%84%d9%84%d8%a8%d8%a7%d9%86-%d8%a7%d9%84%d9%86%d9%82%d9%8a-%d9%84%d9%84%d8%aa%d8%ac%d9%85%d9%8a%d9%84\/","title":{"rendered":"Encens Pur Oliban &#8211; \u0627\u0644\u0644\u0628\u0627\u0646 \u0627\u0644\u0646\u0642\u064a \u0644\u0644\u062a\u062c\u0645\u064a\u0644"},"content":{"rendered":"<h1><b>BIENFAITS ENCENS PUR OLIBAN 4g<\/b><\/h1>\n<ul>\n<li>Produit naturel ne comportant aucun conservateur dans sa pr\u00e9paration<\/li>\n<li>Ce sont les produits respectant les principes Vegan qui se basent principalement sur le refus de l&rsquo;exploitation animale<\/li>\n<li>Production 100% coop\u00e9rative f\u00e9minine et 100% fait \u00e0 la main<\/li>\n<\/ul>\n<h2><strong>Utilisation de Encens Pur Oliban<\/strong><\/h2>\n<p>Utilis\u00e9e dans de nombreux rites religieux, cette r\u00e9sine sacr\u00e9e est connue pour favoriser la m\u00e9ditation et le voyage. Elle renforce la confiance en soi et la d\u00e9termination. Son odeur \u00e0 la fois douce et bois\u00e9e, et balsamique et fra\u00eeche est particuli\u00e8rement appr\u00e9ci\u00e9e dans les compositions orientales. Cette r\u00e9sine est \u00e9galement connue comme purifiant atmosph\u00e9rique et des voies respiratoires, et s&rsquo;utilise beaucoup en fumigation.<\/p>\n<h3><b>Informations de livraison<\/b><\/h3>\n<ul>\n<li>Livraison assur\u00e9e par <a href=\"https:\/\/saida-plants.com\/ar\/product-category\/cosmetique\/\">SaidaPlants<\/a>, sous 24H \u00e0 Marrakech et sous 1 \u00e0 5 jours pour les autres villes du Maroc.<\/li>\n<li>Exp\u00e9dition pour les commandes \u00e0 l\u2019international sous 1 jour ouvr\u00e9. Les d\u00e9lais de livraison sont variables selon la destination et le mode de livraison choisi.<\/li>\n<\/ul>","protected":false},"excerpt":{"rendered":"<h2 style=\"text-align: center;\"><b>BIENFAITS ENCENS PUR OLIBAN 4g<\/b><\/h2>\n<p style=\"text-align: center;\">Produit naturel ne comportant aucun conservateur dans sa pr\u00e9paration<\/p>\n<p style=\"text-align: center;\">Ce sont les produits respectant les principes Vegan qui se basent principalement sur le refus de l&rsquo;exploitation animale<\/p>\n<p style=\"text-align: center;\">Production 100% coop\u00e9rative f\u00e9minine et 100% fait \u00e0 la main<\/p>","protected":false},"featured_media":1237,"comment_status":"open","ping_status":"closed","template":"","meta":[],"product_cat":[69],"product_tag":[],"class_list":["post-870","product","type-product","status-publish","has-post-thumbnail","hentry","product_cat-cosmetique"],"yoast_head":"<!-- This site is optimized with the Yoast SEO plugin v19.13 - https:\/\/yoast.com\/wordpress\/plugins\/seo\/ -->\n<title>Encens Pur Oliban - \u0627\u0644\u0644\u0628\u0627\u0646 \u0627\u0644\u0646\u0642\u064a \u0644\u0644\u062a\u062c\u0645\u064a\u0644 - SaidaPlants<\/title>\n<meta name=\"description\" content=\"Encens Pur Oliban - Nous faisons de notre mieux pour nos clients Obtenez le produit parfait et bio 100% fabriqu\u00e9 \u00e0 partir de la nature.\" \/>\n<meta name=\"robots\" content=\"index, follow, max-snippet:-1, max-image-preview:large, max-video-preview:-1\" \/>\n<link rel=\"canonical\" href=\"https:\/\/saida-plants.com\/ar\/product\/encens-pur-oliban-\u0627\u0644\u0644\u0628\u0627\u0646-\u0627\u0644\u0646\u0642\u064a-\u0644\u0644\u062a\u062c\u0645\u064a\u0644\/\" \/>\n<meta property=\"og:locale\" content=\"ar_AR\" \/>\n<meta property=\"og:type\" content=\"article\" \/>\n<meta property=\"og:title\" content=\"Encens Pur Oliban - \u0627\u0644\u0644\u0628\u0627\u0646 \u0627\u0644\u0646\u0642\u064a \u0644\u0644\u062a\u062c\u0645\u064a\u0644 - SaidaPlants\" \/>\n<meta property=\"og:description\" content=\"Encens Pur Oliban - Nous faisons de notre mieux pour nos clients Obtenez le produit parfait et bio 100% fabriqu\u00e9 \u00e0 partir de la nature.\" \/>\n<meta property=\"og:url\" content=\"https:\/\/saida-plants.com\/ar\/product\/encens-pur-oliban-\u0627\u0644\u0644\u0628\u0627\u0646-\u0627\u0644\u0646\u0642\u064a-\u0644\u0644\u062a\u062c\u0645\u064a\u0644\/\" \/>\n<meta property=\"og:site_name\" content=\"SaidaPlants\" \/>\n<meta property=\"article:publisher\" content=\"https:\/\/www.facebook.com\/SaidaPlants\" \/>\n<meta property=\"article:modified_time\" content=\"2025-05-14T16:24:19+00:00\" \/>\n<meta property=\"og:image\" content=\"https:\/\/saida-plants.com\/wp-content\/uploads\/2021\/09\/Encens-Pur-Oliban-saida-plants.jpg\" \/>\n\t<meta property=\"og:image:width\" content=\"321\" \/>\n\t<meta property=\"og:image:height\" content=\"542\" \/>\n\t<meta property=\"og:image:type\" content=\"image\/jpeg\" \/>\n<meta name=\"twitter:card\" content=\"summary_large_image\" \/>\n<meta name=\"twitter:label1\" content=\"\u0648\u0642\u062a \u0627\u0644\u0642\u0631\u0627\u0621\u0629 \u0627\u0644\u0645\u064f\u0642\u062f\u0651\u0631\" \/>\n\t<meta name=\"twitter:data1\" content=\"\u062f\u0642\u064a\u0642\u0629 \u0648\u0627\u062d\u062f\u0629\" \/>\n<script type=\"application\/ld+json\" class=\"yoast-schema-graph\">{\"@context\":\"https:\/\/schema.org\",\"@graph\":[{\"@type\":\"WebPage\",\"@id\":\"https:\/\/saida-plants.com\/product\/encens-pur-oliban-%d8%a7%d9%84%d9%84%d8%a8%d8%a7%d9%86-%d8%a7%d9%84%d9%86%d9%82%d9%8a-%d9%84%d9%84%d8%aa%d8%ac%d9%85%d9%8a%d9%84\/\",\"url\":\"https:\/\/saida-plants.com\/product\/encens-pur-oliban-%d8%a7%d9%84%d9%84%d8%a8%d8%a7%d9%86-%d8%a7%d9%84%d9%86%d9%82%d9%8a-%d9%84%d9%84%d8%aa%d8%ac%d9%85%d9%8a%d9%84\/\",\"name\":\"Encens Pur Oliban - \u0627\u0644\u0644\u0628\u0627\u0646 \u0627\u0644\u0646\u0642\u064a \u0644\u0644\u062a\u062c\u0645\u064a\u0644 - SaidaPlants\",\"isPartOf\":{\"@id\":\"https:\/\/saida-plants.com\/#website\"},\"datePublished\":\"2021-09-19T14:51:32+00:00\",\"dateModified\":\"2025-05-14T16:24:19+00:00\",\"description\":\"Encens Pur Oliban - Nous faisons de notre mieux pour nos clients Obtenez le produit parfait et bio 100% fabriqu\u00e9 \u00e0 partir de la nature.\",\"breadcrumb\":{\"@id\":\"https:\/\/saida-plants.com\/product\/encens-pur-oliban-%d8%a7%d9%84%d9%84%d8%a8%d8%a7%d9%86-%d8%a7%d9%84%d9%86%d9%82%d9%8a-%d9%84%d9%84%d8%aa%d8%ac%d9%85%d9%8a%d9%84\/#breadcrumb\"},\"inLanguage\":\"ar\",\"potentialAction\":[{\"@type\":\"ReadAction\",\"target\":[\"https:\/\/saida-plants.com\/product\/encens-pur-oliban-%d8%a7%d9%84%d9%84%d8%a8%d8%a7%d9%86-%d8%a7%d9%84%d9%86%d9%82%d9%8a-%d9%84%d9%84%d8%aa%d8%ac%d9%85%d9%8a%d9%84\/\"]}]},{\"@type\":\"BreadcrumbList\",\"@id\":\"https:\/\/saida-plants.com\/product\/encens-pur-oliban-%d8%a7%d9%84%d9%84%d8%a8%d8%a7%d9%86-%d8%a7%d9%84%d9%86%d9%82%d9%8a-%d9%84%d9%84%d8%aa%d8%ac%d9%85%d9%8a%d9%84\/#breadcrumb\",\"itemListElement\":[{\"@type\":\"ListItem\",\"position\":1,\"name\":\"Home\",\"item\":\"https:\/\/saida-plants.com\/\"},{\"@type\":\"ListItem\",\"position\":2,\"name\":\"Shop\",\"item\":\"https:\/\/saida-plants.com\/ar\/shop\/\"},{\"@type\":\"ListItem\",\"position\":3,\"name\":\"Encens Pur Oliban &#8211; \u0627\u0644\u0644\u0628\u0627\u0646 \u0627\u0644\u0646\u0642\u064a \u0644\u0644\u062a\u062c\u0645\u064a\u0644\"}]},{\"@type\":\"WebSite\",\"@id\":\"https:\/\/saida-plants.com\/#website\",\"url\":\"https:\/\/saida-plants.com\/\",\"name\":\"SaidaPlants\",\"description\":\"1er Boutique En ligne Produit 100% Bio\",\"publisher\":{\"@id\":\"https:\/\/saida-plants.com\/#organization\"},\"potentialAction\":[{\"@type\":\"SearchAction\",\"target\":{\"@type\":\"EntryPoint\",\"urlTemplate\":\"https:\/\/saida-plants.com\/?s={search_term_string}\"},\"query-input\":\"required name=search_term_string\"}],\"inLanguage\":\"ar\"},{\"@type\":\"Organization\",\"@id\":\"https:\/\/saida-plants.com\/#organization\",\"name\":\"SaidaPlants\",\"url\":\"https:\/\/saida-plants.com\/\",\"logo\":{\"@type\":\"ImageObject\",\"inLanguage\":\"ar\",\"@id\":\"https:\/\/saida-plants.com\/#\/schema\/logo\/image\/\",\"url\":\"https:\/\/saida-plants.com\/wp-content\/uploads\/2021\/08\/WhatsApp-Image-2021-08-11-at-17.44.40.jpeg\",\"contentUrl\":\"https:\/\/saida-plants.com\/wp-content\/uploads\/2021\/08\/WhatsApp-Image-2021-08-11-at-17.44.40.jpeg\",\"width\":1280,\"height\":463,\"caption\":\"SaidaPlants\"},\"image\":{\"@id\":\"https:\/\/saida-plants.com\/#\/schema\/logo\/image\/\"},\"sameAs\":[\"https:\/\/www.instagram.com\/saidaplants\/\",\"https:\/\/www.facebook.com\/SaidaPlants\"]}]}<\/script>\n<!-- \/ Yoast SEO plugin. -->","yoast_head_json":{"title":"Encens Pur Oliban - \u0627\u0644\u0644\u0628\u0627\u0646 \u0627\u0644\u0646\u0642\u064a \u0644\u0644\u062a\u062c\u0645\u064a\u0644 - SaidaPlants","description":"Encens Pur Oliban - Nous faisons de notre mieux pour nos clients Obtenez le produit parfait et bio 100% fabriqu\u00e9 \u00e0 partir de la nature.","robots":{"index":"index","follow":"follow","max-snippet":"max-snippet:-1","max-image-preview":"max-image-preview:large","max-video-preview":"max-video-preview:-1"},"canonical":"https:\/\/saida-plants.com\/ar\/product\/encens-pur-oliban-\u0627\u0644\u0644\u0628\u0627\u0646-\u0627\u0644\u0646\u0642\u064a-\u0644\u0644\u062a\u062c\u0645\u064a\u0644\/","og_locale":"ar_AR","og_type":"article","og_title":"Encens Pur Oliban - \u0627\u0644\u0644\u0628\u0627\u0646 \u0627\u0644\u0646\u0642\u064a \u0644\u0644\u062a\u062c\u0645\u064a\u0644 - SaidaPlants","og_description":"Encens Pur Oliban - Nous faisons de notre mieux pour nos clients Obtenez le produit parfait et bio 100% fabriqu\u00e9 \u00e0 partir de la nature.","og_url":"https:\/\/saida-plants.com\/ar\/product\/encens-pur-oliban-\u0627\u0644\u0644\u0628\u0627\u0646-\u0627\u0644\u0646\u0642\u064a-\u0644\u0644\u062a\u062c\u0645\u064a\u0644\/","og_site_name":"SaidaPlants","article_publisher":"https:\/\/www.facebook.com\/SaidaPlants","article_modified_time":"2025-05-14T16:24:19+00:00","og_image":[{"width":321,"height":542,"url":"https:\/\/saida-plants.com\/wp-content\/uploads\/2021\/09\/Encens-Pur-Oliban-saida-plants.jpg","type":"image\/jpeg"}],"twitter_card":"summary_large_image","twitter_misc":{"\u0648\u0642\u062a \u0627\u0644\u0642\u0631\u0627\u0621\u0629 \u0627\u0644\u0645\u064f\u0642\u062f\u0651\u0631":"\u062f\u0642\u064a\u0642\u0629 \u0648\u0627\u062d\u062f\u0629"},"schema":{"@context":"https:\/\/schema.org","@graph":[{"@type":"WebPage","@id":"https:\/\/saida-plants.com\/product\/encens-pur-oliban-%d8%a7%d9%84%d9%84%d8%a8%d8%a7%d9%86-%d8%a7%d9%84%d9%86%d9%82%d9%8a-%d9%84%d9%84%d8%aa%d8%ac%d9%85%d9%8a%d9%84\/","url":"https:\/\/saida-plants.com\/product\/encens-pur-oliban-%d8%a7%d9%84%d9%84%d8%a8%d8%a7%d9%86-%d8%a7%d9%84%d9%86%d9%82%d9%8a-%d9%84%d9%84%d8%aa%d8%ac%d9%85%d9%8a%d9%84\/","name":"Encens Pur Oliban - \u0627\u0644\u0644\u0628\u0627\u0646 \u0627\u0644\u0646\u0642\u064a \u0644\u0644\u062a\u062c\u0645\u064a\u0644 - SaidaPlants","isPartOf":{"@id":"https:\/\/saida-plants.com\/#website"},"datePublished":"2021-09-19T14:51:32+00:00","dateModified":"2025-05-14T16:24:19+00:00","description":"Encens Pur Oliban - Nous faisons de notre mieux pour nos clients Obtenez le produit parfait et bio 100% fabriqu\u00e9 \u00e0 partir de la nature.","breadcrumb":{"@id":"https:\/\/saida-plants.com\/product\/encens-pur-oliban-%d8%a7%d9%84%d9%84%d8%a8%d8%a7%d9%86-%d8%a7%d9%84%d9%86%d9%82%d9%8a-%d9%84%d9%84%d8%aa%d8%ac%d9%85%d9%8a%d9%84\/#breadcrumb"},"inLanguage":"ar","potentialAction":[{"@type":"ReadAction","target":["https:\/\/saida-plants.com\/product\/encens-pur-oliban-%d8%a7%d9%84%d9%84%d8%a8%d8%a7%d9%86-%d8%a7%d9%84%d9%86%d9%82%d9%8a-%d9%84%d9%84%d8%aa%d8%ac%d9%85%d9%8a%d9%84\/"]}]},{"@type":"BreadcrumbList","@id":"https:\/\/saida-plants.com\/product\/encens-pur-oliban-%d8%a7%d9%84%d9%84%d8%a8%d8%a7%d9%86-%d8%a7%d9%84%d9%86%d9%82%d9%8a-%d9%84%d9%84%d8%aa%d8%ac%d9%85%d9%8a%d9%84\/#breadcrumb","itemListElement":[{"@type":"ListItem","position":1,"name":"Home","item":"https:\/\/saida-plants.com\/"},{"@type":"ListItem","position":2,"name":"Shop","item":"https:\/\/saida-plants.com\/ar\/shop\/"},{"@type":"ListItem","position":3,"name":"Encens Pur Oliban &#8211; \u0627\u0644\u0644\u0628\u0627\u0646 \u0627\u0644\u0646\u0642\u064a \u0644\u0644\u062a\u062c\u0645\u064a\u0644"}]},{"@type":"WebSite","@id":"https:\/\/saida-plants.com\/#website","url":"https:\/\/saida-plants.com\/","name":"SaidaPlants","description":"1er Boutique En ligne Produit 100% Bio","publisher":{"@id":"https:\/\/saida-plants.com\/#organization"},"potentialAction":[{"@type":"SearchAction","target":{"@type":"EntryPoint","urlTemplate":"https:\/\/saida-plants.com\/?s={search_term_string}"},"query-input":"required name=search_term_string"}],"inLanguage":"ar"},{"@type":"Organization","@id":"https:\/\/saida-plants.com\/#organization","name":"SaidaPlants","url":"https:\/\/saida-plants.com\/","logo":{"@type":"ImageObject","inLanguage":"ar","@id":"https:\/\/saida-plants.com\/#\/schema\/logo\/image\/","url":"https:\/\/saida-plants.com\/wp-content\/uploads\/2021\/08\/WhatsApp-Image-2021-08-11-at-17.44.40.jpeg","contentUrl":"https:\/\/saida-plants.com\/wp-content\/uploads\/2021\/08\/WhatsApp-Image-2021-08-11-at-17.44.40.jpeg","width":1280,"height":463,"caption":"SaidaPlants"},"image":{"@id":"https:\/\/saida-plants.com\/#\/schema\/logo\/image\/"},"sameAs":["https:\/\/www.instagram.com\/saidaplants\/","https:\/\/www.facebook.com\/SaidaPlants"]}]}},"_links":{"self":[{"href":"https:\/\/saida-plants.com\/ar\/wp-json\/wp\/v2\/product\/870"}],"collection":[{"href":"https:\/\/saida-plants.com\/ar\/wp-json\/wp\/v2\/product"}],"about":[{"href":"https:\/\/saida-plants.com\/ar\/wp-json\/wp\/v2\/types\/product"}],"replies":[{"embeddable":true,"href":"https:\/\/saida-plants.com\/ar\/wp-json\/wp\/v2\/comments?post=870"}],"wp:featuredmedia":[{"embeddable":true,"href":"https:\/\/saida-plants.com\/ar\/wp-json\/wp\/v2\/media\/1237"}],"wp:attachment":[{"href":"https:\/\/saida-plants.com\/ar\/wp-json\/wp\/v2\/media?parent=870"}],"wp:term":[{"taxonomy":"product_cat","embeddable":true,"href":"https:\/\/saida-plants.com\/ar\/wp-json\/wp\/v2\/product_cat?post=870"},{"taxonomy":"product_tag","embeddable":true,"href":"https:\/\/saida-plants.com\/ar\/wp-json\/wp\/v2\/product_tag?post=870"}],"curies":[{"name":"wp","href":"https:\/\/api.w.org\/{rel}","templated":true}]}}