{"id":871,"date":"2021-09-10T16:10:02","date_gmt":"2021-09-10T16:10:02","guid":{"rendered":"https:\/\/saida-plants.com\/?post_type=product&#038;p=871"},"modified":"2021-09-10T16:10:02","modified_gmt":"2021-09-10T16:10:02","slug":"fenugrec-bio-%d9%85%d8%b3%d8%ad%d9%88%d9%82-%d8%a7%d9%84%d8%ad%d9%84%d8%a8%d8%a9-%d8%a7%d9%84%d8%b7%d8%a8%d9%8a%d8%b9%d9%8a","status":"publish","type":"product","link":"https:\/\/saida-plants.com\/ar\/product\/fenugrec-bio-%d9%85%d8%b3%d8%ad%d9%88%d9%82-%d8%a7%d9%84%d8%ad%d9%84%d8%a8%d8%a9-%d8%a7%d9%84%d8%b7%d8%a8%d9%8a%d8%b9%d9%8a\/","title":{"rendered":"Fenugrec Bio &#8211; \u0645\u0633\u062d\u0648\u0642 \u0627\u0644\u062d\u0644\u0628\u0629 \u0627\u0644\u0637\u0628\u064a\u0639\u064a"},"content":{"rendered":"<h1><b>BIENFAITS\u00a0FENUGREC BIO 100g<\/b><\/h1>\n<ul>\n<li>Produit naturel ne comportant aucun conservateur dans sa pr\u00e9paration<\/li>\n<li>Ce sont les produits respectant les principes Vegan qui se basent principalement sur le refus de l&rsquo;exploitation animale<\/li>\n<\/ul>\n<h2><b>Quelle est la composition du fenugrec bio ?<\/b><\/h2>\n<p><b>La graine de fenugrec est vraiment remarquable de par sa teneur en :<\/b><\/p>\n<ul>\n<li>phosphore, qui lui conf\u00e8re ses propri\u00e9t\u00e9s stimulantes neuromusculaires<\/li>\n<li>saponines, qui lui conf\u00e8rent ses propri\u00e9t\u00e9s stimulantes de l\u2019app\u00e9tit<\/li>\n<li>saponines st\u00e9ro\u00efdiques, compos\u00e9 ayant des propri\u00e9t\u00e9s similaires \u00e0 l\u2019\u0153strog\u00e8ne, qui contribuent \u00e0 la synth\u00e8se du cholest\u00e9rol et des hormones sexuelles<\/li>\n<li>un acide amin\u00e9, 4-hydroxy-isoleucine, qui augmente la production d\u2019insuline du corps lorsque le taux de sucre dans le sang est trop \u00e9lev\u00e9<\/li>\n<\/ul>\n<p><b>Voici la composition plus d\u00e9taill\u00e9e de la riche petite graine :<\/b><\/p>\n<ul>\n<li>Prot\u00e9ines (30%)<\/li>\n<li>Glucides (20%)<\/li>\n<li>Lipides (10%)<\/li>\n<li>Min\u00e9raux : phosphore, fer, soufre, acide nicotinique, magn\u00e9sium, calcium, etc.<\/li>\n<li>vitamines : A, B1 et C, principalement<\/li>\n<li>saponines st\u00e9ro\u00efdiques : notamment diosg\u00e9nine et yamog\u00e9nine (compos\u00e9s ayant des propri\u00e9t\u00e9s similaires \u00e0 l\u2019\u0153strog\u00e8ne)<\/li>\n<li>alcalo\u00efdes : trigonelline, entre autres<\/li>\n<li>flavono\u00efdes : des antioxydants<\/li>\n<li>l\u00e9cithine<\/li>\n<li>fibres mucilagineuses (jusqu\u2019\u00e0 40%) : des galactomannanes<\/li>\n<li>huiles essentielles<\/li>\n<\/ul>\n<h3><b>Quels sont les bienfaits du fenugrec bio ?<\/b><\/h3>\n<p><b>Le fenugrec poss\u00e8de des vertus anti-inflammatoires, stimulantes et apaisantes, avec la capacit\u00e9 d\u2019ouvrir l\u2019app\u00e9tit, favorisant, entre autres, la prise de poids, ou encore de r\u00e9guler la glyc\u00e9mie.<\/b><\/p>\n<p><b>En r\u00e9sum\u00e9, la graine de fenugrec est consid\u00e9r\u00e9e, en m\u00e9decine traditionnelle, comme :<\/b><\/p>\n<ul>\n<li>stimulante neuromusculaire<\/li>\n<li>tonifiante<\/li>\n<li>ouvreuse d\u2019app\u00e9tit<\/li>\n<li>r\u00e9gulatrice des s\u00e9cr\u00e9tions pancr\u00e9atiques<\/li>\n<li>hypoglyc\u00e9miante (baisse le taux de sucre sanguin)<\/li>\n<li>hypolip\u00e9miante (baisse le taux de graisse)<\/li>\n<li>hypocholest\u00e9rol\u00e9miante (baisse le taux de cholest\u00e9rol dans le sang)<\/li>\n<li>digestif naturel<\/li>\n<li>antidouleur<\/li>\n<li>aphrodisiaque<\/li>\n<li>galactog\u00e8ne (stimule les mont\u00e9es de lait maternel)<\/li>\n<li>stomachique<\/li>\n<li>anti-inflammatoire<\/li>\n<\/ul>\n<h3><b>Informations de livraison<\/b><\/h3>\n<ul>\n<li>Livraison assur\u00e9e par <a href=\"https:\/\/saida-plants.com\/ar\/product-category\/cosmetique\/\">SaidaPlants<\/a>, sous 24H \u00e0 Marrakech et sous 1 \u00e0 5 jours pour les autres villes du Maroc.<\/li>\n<li>Exp\u00e9dition pour les commandes \u00e0 l\u2019international sous 1 jour ouvr\u00e9. Les d\u00e9lais de livraison sont variables selon la destination et le mode de livraison choisi.<\/li>\n<\/ul>","protected":false},"excerpt":{"rendered":"<h2 style=\"text-align: center;\"><b>BIENFAITS\u00a0FENUGREC BIO 100g<\/b><\/h2>\n<p style=\"text-align: center;\">Produit naturel ne comportant aucun conservateur dans sa pr\u00e9paration<\/p>\n<p style=\"text-align: center;\">Ce sont les produits respectant les principes Vegan qui se basent principalement sur le refus de l&rsquo;exploitation animale<\/p>","protected":false},"featured_media":937,"comment_status":"open","ping_status":"closed","template":"","meta":[],"product_cat":[69],"product_tag":[],"class_list":["post-871","product","type-product","status-publish","has-post-thumbnail","hentry","product_cat-cosmetique"],"yoast_head":"<!-- This site is optimized with the Yoast SEO plugin v19.13 - https:\/\/yoast.com\/wordpress\/plugins\/seo\/ -->\n<title>Fenugrec Bio - \u0645\u0633\u062d\u0648\u0642 \u0627\u0644\u062d\u0644\u0628\u0629 \u0627\u0644\u0637\u0628\u064a\u0639\u064a - SaidaPlants<\/title>\n<meta name=\"description\" content=\"Fenugrec Bio - Nous faisons de notre mieux pour nos clients Obtenez le produit parfait et bio 100% fabriqu\u00e9 \u00e0 partir de la nature.\" \/>\n<meta name=\"robots\" content=\"index, follow, max-snippet:-1, max-image-preview:large, max-video-preview:-1\" \/>\n<link rel=\"canonical\" href=\"https:\/\/saida-plants.com\/ar\/product\/fenugrec-bio-\u0645\u0633\u062d\u0648\u0642-\u0627\u0644\u062d\u0644\u0628\u0629-\u0627\u0644\u0637\u0628\u064a\u0639\u064a\/\" \/>\n<meta property=\"og:locale\" content=\"ar_AR\" \/>\n<meta property=\"og:type\" content=\"article\" \/>\n<meta property=\"og:title\" content=\"Fenugrec Bio - \u0645\u0633\u062d\u0648\u0642 \u0627\u0644\u062d\u0644\u0628\u0629 \u0627\u0644\u0637\u0628\u064a\u0639\u064a - SaidaPlants\" \/>\n<meta property=\"og:description\" content=\"Fenugrec Bio - Nous faisons de notre mieux pour nos clients Obtenez le produit parfait et bio 100% fabriqu\u00e9 \u00e0 partir de la nature.\" \/>\n<meta property=\"og:url\" content=\"https:\/\/saida-plants.com\/ar\/product\/fenugrec-bio-\u0645\u0633\u062d\u0648\u0642-\u0627\u0644\u062d\u0644\u0628\u0629-\u0627\u0644\u0637\u0628\u064a\u0639\u064a\/\" \/>\n<meta property=\"og:site_name\" content=\"SaidaPlants\" \/>\n<meta property=\"article:publisher\" content=\"https:\/\/www.facebook.com\/SaidaPlants\" \/>\n<meta property=\"og:image\" content=\"https:\/\/saida-plants.com\/wp-content\/uploads\/2021\/09\/kje22bdk.jpg\" \/>\n\t<meta property=\"og:image:width\" content=\"480\" \/>\n\t<meta property=\"og:image:height\" content=\"270\" \/>\n\t<meta property=\"og:image:type\" content=\"image\/jpeg\" \/>\n<meta name=\"twitter:card\" content=\"summary_large_image\" \/>\n<meta name=\"twitter:label1\" content=\"\u0648\u0642\u062a \u0627\u0644\u0642\u0631\u0627\u0621\u0629 \u0627\u0644\u0645\u064f\u0642\u062f\u0651\u0631\" \/>\n\t<meta name=\"twitter:data1\" content=\"\u062f\u0642\u064a\u0642\u062a\u0627\u0646\" \/>\n<script type=\"application\/ld+json\" class=\"yoast-schema-graph\">{\"@context\":\"https:\/\/schema.org\",\"@graph\":[{\"@type\":\"WebPage\",\"@id\":\"https:\/\/saida-plants.com\/product\/fenugrec-bio-%d9%85%d8%b3%d8%ad%d9%88%d9%82-%d8%a7%d9%84%d8%ad%d9%84%d8%a8%d8%a9-%d8%a7%d9%84%d8%b7%d8%a8%d9%8a%d8%b9%d9%8a\/\",\"url\":\"https:\/\/saida-plants.com\/product\/fenugrec-bio-%d9%85%d8%b3%d8%ad%d9%88%d9%82-%d8%a7%d9%84%d8%ad%d9%84%d8%a8%d8%a9-%d8%a7%d9%84%d8%b7%d8%a8%d9%8a%d8%b9%d9%8a\/\",\"name\":\"Fenugrec Bio - \u0645\u0633\u062d\u0648\u0642 \u0627\u0644\u062d\u0644\u0628\u0629 \u0627\u0644\u0637\u0628\u064a\u0639\u064a - SaidaPlants\",\"isPartOf\":{\"@id\":\"https:\/\/saida-plants.com\/#website\"},\"datePublished\":\"2021-09-10T16:10:02+00:00\",\"dateModified\":\"2021-09-10T16:10:02+00:00\",\"description\":\"Fenugrec Bio - Nous faisons de notre mieux pour nos clients Obtenez le produit parfait et bio 100% fabriqu\u00e9 \u00e0 partir de la nature.\",\"breadcrumb\":{\"@id\":\"https:\/\/saida-plants.com\/product\/fenugrec-bio-%d9%85%d8%b3%d8%ad%d9%88%d9%82-%d8%a7%d9%84%d8%ad%d9%84%d8%a8%d8%a9-%d8%a7%d9%84%d8%b7%d8%a8%d9%8a%d8%b9%d9%8a\/#breadcrumb\"},\"inLanguage\":\"ar\",\"potentialAction\":[{\"@type\":\"ReadAction\",\"target\":[\"https:\/\/saida-plants.com\/product\/fenugrec-bio-%d9%85%d8%b3%d8%ad%d9%88%d9%82-%d8%a7%d9%84%d8%ad%d9%84%d8%a8%d8%a9-%d8%a7%d9%84%d8%b7%d8%a8%d9%8a%d8%b9%d9%8a\/\"]}]},{\"@type\":\"BreadcrumbList\",\"@id\":\"https:\/\/saida-plants.com\/product\/fenugrec-bio-%d9%85%d8%b3%d8%ad%d9%88%d9%82-%d8%a7%d9%84%d8%ad%d9%84%d8%a8%d8%a9-%d8%a7%d9%84%d8%b7%d8%a8%d9%8a%d8%b9%d9%8a\/#breadcrumb\",\"itemListElement\":[{\"@type\":\"ListItem\",\"position\":1,\"name\":\"Home\",\"item\":\"https:\/\/saida-plants.com\/\"},{\"@type\":\"ListItem\",\"position\":2,\"name\":\"Shop\",\"item\":\"https:\/\/saida-plants.com\/ar\/shop\/\"},{\"@type\":\"ListItem\",\"position\":3,\"name\":\"Fenugrec Bio &#8211; \u0645\u0633\u062d\u0648\u0642 \u0627\u0644\u062d\u0644\u0628\u0629 \u0627\u0644\u0637\u0628\u064a\u0639\u064a\"}]},{\"@type\":\"WebSite\",\"@id\":\"https:\/\/saida-plants.com\/#website\",\"url\":\"https:\/\/saida-plants.com\/\",\"name\":\"SaidaPlants\",\"description\":\"1er Boutique En ligne Produit 100% Bio\",\"publisher\":{\"@id\":\"https:\/\/saida-plants.com\/#organization\"},\"potentialAction\":[{\"@type\":\"SearchAction\",\"target\":{\"@type\":\"EntryPoint\",\"urlTemplate\":\"https:\/\/saida-plants.com\/?s={search_term_string}\"},\"query-input\":\"required name=search_term_string\"}],\"inLanguage\":\"ar\"},{\"@type\":\"Organization\",\"@id\":\"https:\/\/saida-plants.com\/#organization\",\"name\":\"SaidaPlants\",\"url\":\"https:\/\/saida-plants.com\/\",\"logo\":{\"@type\":\"ImageObject\",\"inLanguage\":\"ar\",\"@id\":\"https:\/\/saida-plants.com\/#\/schema\/logo\/image\/\",\"url\":\"https:\/\/saida-plants.com\/wp-content\/uploads\/2021\/08\/WhatsApp-Image-2021-08-11-at-17.44.40.jpeg\",\"contentUrl\":\"https:\/\/saida-plants.com\/wp-content\/uploads\/2021\/08\/WhatsApp-Image-2021-08-11-at-17.44.40.jpeg\",\"width\":1280,\"height\":463,\"caption\":\"SaidaPlants\"},\"image\":{\"@id\":\"https:\/\/saida-plants.com\/#\/schema\/logo\/image\/\"},\"sameAs\":[\"https:\/\/www.instagram.com\/saidaplants\/\",\"https:\/\/www.facebook.com\/SaidaPlants\"]}]}<\/script>\n<!-- \/ Yoast SEO plugin. -->","yoast_head_json":{"title":"Fenugrec Bio - \u0645\u0633\u062d\u0648\u0642 \u0627\u0644\u062d\u0644\u0628\u0629 \u0627\u0644\u0637\u0628\u064a\u0639\u064a - SaidaPlants","description":"Fenugrec Bio - Nous faisons de notre mieux pour nos clients Obtenez le produit parfait et bio 100% fabriqu\u00e9 \u00e0 partir de la nature.","robots":{"index":"index","follow":"follow","max-snippet":"max-snippet:-1","max-image-preview":"max-image-preview:large","max-video-preview":"max-video-preview:-1"},"canonical":"https:\/\/saida-plants.com\/ar\/product\/fenugrec-bio-\u0645\u0633\u062d\u0648\u0642-\u0627\u0644\u062d\u0644\u0628\u0629-\u0627\u0644\u0637\u0628\u064a\u0639\u064a\/","og_locale":"ar_AR","og_type":"article","og_title":"Fenugrec Bio - \u0645\u0633\u062d\u0648\u0642 \u0627\u0644\u062d\u0644\u0628\u0629 \u0627\u0644\u0637\u0628\u064a\u0639\u064a - SaidaPlants","og_description":"Fenugrec Bio - Nous faisons de notre mieux pour nos clients Obtenez le produit parfait et bio 100% fabriqu\u00e9 \u00e0 partir de la nature.","og_url":"https:\/\/saida-plants.com\/ar\/product\/fenugrec-bio-\u0645\u0633\u062d\u0648\u0642-\u0627\u0644\u062d\u0644\u0628\u0629-\u0627\u0644\u0637\u0628\u064a\u0639\u064a\/","og_site_name":"SaidaPlants","article_publisher":"https:\/\/www.facebook.com\/SaidaPlants","og_image":[{"width":480,"height":270,"url":"https:\/\/saida-plants.com\/wp-content\/uploads\/2021\/09\/kje22bdk.jpg","type":"image\/jpeg"}],"twitter_card":"summary_large_image","twitter_misc":{"\u0648\u0642\u062a \u0627\u0644\u0642\u0631\u0627\u0621\u0629 \u0627\u0644\u0645\u064f\u0642\u062f\u0651\u0631":"\u062f\u0642\u064a\u0642\u062a\u0627\u0646"},"schema":{"@context":"https:\/\/schema.org","@graph":[{"@type":"WebPage","@id":"https:\/\/saida-plants.com\/product\/fenugrec-bio-%d9%85%d8%b3%d8%ad%d9%88%d9%82-%d8%a7%d9%84%d8%ad%d9%84%d8%a8%d8%a9-%d8%a7%d9%84%d8%b7%d8%a8%d9%8a%d8%b9%d9%8a\/","url":"https:\/\/saida-plants.com\/product\/fenugrec-bio-%d9%85%d8%b3%d8%ad%d9%88%d9%82-%d8%a7%d9%84%d8%ad%d9%84%d8%a8%d8%a9-%d8%a7%d9%84%d8%b7%d8%a8%d9%8a%d8%b9%d9%8a\/","name":"Fenugrec Bio - \u0645\u0633\u062d\u0648\u0642 \u0627\u0644\u062d\u0644\u0628\u0629 \u0627\u0644\u0637\u0628\u064a\u0639\u064a - SaidaPlants","isPartOf":{"@id":"https:\/\/saida-plants.com\/#website"},"datePublished":"2021-09-10T16:10:02+00:00","dateModified":"2021-09-10T16:10:02+00:00","description":"Fenugrec Bio - Nous faisons de notre mieux pour nos clients Obtenez le produit parfait et bio 100% fabriqu\u00e9 \u00e0 partir de la nature.","breadcrumb":{"@id":"https:\/\/saida-plants.com\/product\/fenugrec-bio-%d9%85%d8%b3%d8%ad%d9%88%d9%82-%d8%a7%d9%84%d8%ad%d9%84%d8%a8%d8%a9-%d8%a7%d9%84%d8%b7%d8%a8%d9%8a%d8%b9%d9%8a\/#breadcrumb"},"inLanguage":"ar","potentialAction":[{"@type":"ReadAction","target":["https:\/\/saida-plants.com\/product\/fenugrec-bio-%d9%85%d8%b3%d8%ad%d9%88%d9%82-%d8%a7%d9%84%d8%ad%d9%84%d8%a8%d8%a9-%d8%a7%d9%84%d8%b7%d8%a8%d9%8a%d8%b9%d9%8a\/"]}]},{"@type":"BreadcrumbList","@id":"https:\/\/saida-plants.com\/product\/fenugrec-bio-%d9%85%d8%b3%d8%ad%d9%88%d9%82-%d8%a7%d9%84%d8%ad%d9%84%d8%a8%d8%a9-%d8%a7%d9%84%d8%b7%d8%a8%d9%8a%d8%b9%d9%8a\/#breadcrumb","itemListElement":[{"@type":"ListItem","position":1,"name":"Home","item":"https:\/\/saida-plants.com\/"},{"@type":"ListItem","position":2,"name":"Shop","item":"https:\/\/saida-plants.com\/ar\/shop\/"},{"@type":"ListItem","position":3,"name":"Fenugrec Bio &#8211; \u0645\u0633\u062d\u0648\u0642 \u0627\u0644\u062d\u0644\u0628\u0629 \u0627\u0644\u0637\u0628\u064a\u0639\u064a"}]},{"@type":"WebSite","@id":"https:\/\/saida-plants.com\/#website","url":"https:\/\/saida-plants.com\/","name":"SaidaPlants","description":"1er Boutique En ligne Produit 100% Bio","publisher":{"@id":"https:\/\/saida-plants.com\/#organization"},"potentialAction":[{"@type":"SearchAction","target":{"@type":"EntryPoint","urlTemplate":"https:\/\/saida-plants.com\/?s={search_term_string}"},"query-input":"required name=search_term_string"}],"inLanguage":"ar"},{"@type":"Organization","@id":"https:\/\/saida-plants.com\/#organization","name":"SaidaPlants","url":"https:\/\/saida-plants.com\/","logo":{"@type":"ImageObject","inLanguage":"ar","@id":"https:\/\/saida-plants.com\/#\/schema\/logo\/image\/","url":"https:\/\/saida-plants.com\/wp-content\/uploads\/2021\/08\/WhatsApp-Image-2021-08-11-at-17.44.40.jpeg","contentUrl":"https:\/\/saida-plants.com\/wp-content\/uploads\/2021\/08\/WhatsApp-Image-2021-08-11-at-17.44.40.jpeg","width":1280,"height":463,"caption":"SaidaPlants"},"image":{"@id":"https:\/\/saida-plants.com\/#\/schema\/logo\/image\/"},"sameAs":["https:\/\/www.instagram.com\/saidaplants\/","https:\/\/www.facebook.com\/SaidaPlants"]}]}},"_links":{"self":[{"href":"https:\/\/saida-plants.com\/ar\/wp-json\/wp\/v2\/product\/871"}],"collection":[{"href":"https:\/\/saida-plants.com\/ar\/wp-json\/wp\/v2\/product"}],"about":[{"href":"https:\/\/saida-plants.com\/ar\/wp-json\/wp\/v2\/types\/product"}],"replies":[{"embeddable":true,"href":"https:\/\/saida-plants.com\/ar\/wp-json\/wp\/v2\/comments?post=871"}],"wp:featuredmedia":[{"embeddable":true,"href":"https:\/\/saida-plants.com\/ar\/wp-json\/wp\/v2\/media\/937"}],"wp:attachment":[{"href":"https:\/\/saida-plants.com\/ar\/wp-json\/wp\/v2\/media?parent=871"}],"wp:term":[{"taxonomy":"product_cat","embeddable":true,"href":"https:\/\/saida-plants.com\/ar\/wp-json\/wp\/v2\/product_cat?post=871"},{"taxonomy":"product_tag","embeddable":true,"href":"https:\/\/saida-plants.com\/ar\/wp-json\/wp\/v2\/product_tag?post=871"}],"curies":[{"name":"wp","href":"https:\/\/api.w.org\/{rel}","templated":true}]}}