{"id":878,"date":"2021-09-09T15:46:53","date_gmt":"2021-09-09T15:46:53","guid":{"rendered":"https:\/\/saida-plants.com\/?post_type=product&#038;p=878"},"modified":"2021-09-10T15:03:28","modified_gmt":"2021-09-10T15:03:28","slug":"ginkgo-biloba-feuille-coupee-%d9%82%d8%b7%d8%b9-%d8%a3%d9%88%d8%b1%d8%a7%d9%82-%d8%a7%d9%84%d8%ac%d9%86%d9%83%d8%a9-%d8%a8%d9%8a%d9%84%d9%88%d8%a8%d8%a7","status":"publish","type":"product","link":"https:\/\/saida-plants.com\/ar\/product\/ginkgo-biloba-feuille-coupee-%d9%82%d8%b7%d8%b9-%d8%a3%d9%88%d8%b1%d8%a7%d9%82-%d8%a7%d9%84%d8%ac%d9%86%d9%83%d8%a9-%d8%a8%d9%8a%d9%84%d9%88%d8%a8%d8%a7\/","title":{"rendered":"ginkgo biloba feuille coup\u00e9e &#8211; \u0642\u0637\u0639 \u0623\u0648\u0631\u0627\u0642 \u0627\u0644\u062c\u0646\u0643\u0629 \u0628\u064a\u0644\u0648\u0628\u0627"},"content":{"rendered":"<h1><b>BIENFAITS\u00a0GINKGO BILOBA FEUILLE COUP\u00c9E 100g<\/b><\/h1>\n<ul>\n<li>Produit naturel ne comportant aucun conservateur dans sa pr\u00e9paration<\/li>\n<li>Ce sont les produits respectant les principes Vegan qui se basent principalement sur le refus de l&rsquo;exploitation animale<\/li>\n<\/ul>\n<p>Connu pour son exceptionnelle facult\u00e9 de survie, le Ginkgo renferme des actifs antioxydants et apaisants tr\u00e8s puissants. Cet arbre sacr\u00e9, traditionnellement utilis\u00e9 en m\u00e9decine chinoise depuis des mill\u00e9naires, est reconnu pour ses multiples bienfaits. En tant qu&rsquo;ingr\u00e9dient cosm\u00e9tique, il s&rsquo;utilise pour apaiser les peaux sujettes aux rougeurs ou les peaux inconfortables, et pour lutter contre les signes du vieillissement cutan\u00e9.<\/p>\n<h2><strong>PROPRI\u00c9T\u00c9S<\/strong><\/h2>\n<p>Comme ingr\u00e9dient cosm\u00e9tique, le ginkgo biloba feuille coup\u00e9e est reconnu pour ces propri\u00e9t\u00e9s : Tonique et drainant, il participe au raffermissement des tissus. Apaisant, il aide \u00e0 calmer les peaux<span class=\"Apple-converted-space\">\u00a0 <\/span>sensibilis\u00e9es et sujettes \u00e0 rougeurs. Anti-\u00e2ge, raffermissant et r\u00e9parateur,<span class=\"Apple-converted-space\">\u00a0 <\/span>il participe au rajeunissement de la peau. Riche en flavono\u00efdes, antioxydants puissants, il lutte contre les radicaux libres et contre les signes du vieillissement cutan\u00e9.<\/p>\n<h2><strong>UTILISATIONS<\/strong><\/h2>\n<p>Le ginkgo biloba feuille coup\u00e9e utilise en tant qu&rsquo;ingr\u00e9dient dans vos pr\u00e9parations : Soins hydratants et tonifiants pour tous types de peaux Soins des peaux sensibles Soins anti-\u00e2ge pr\u00e9ventifs Soins anti-pollution et anti-stress Soins des jambes l\u00e9g\u00e8res Soins des peaux sujettes \u00e0 rougeurs Soins toniques mains et pieds froids<\/p>\n<h2><strong>EN PRATIQUE<\/strong><\/h2>\n<p>En p\u00e2te ou en cataplasme \u00e0 10%, en <a href=\"https:\/\/saida-plants.com\/ar\/product-category\/super-food\/\">m\u00e9lange<\/a> avec d&rsquo;autres poudres naturelles Incorpor\u00e9 dans un savon En mac\u00e9r\u00e2t aqueux (ou en infusion), incorpor\u00e9 en phase aqueuse dans vos formules cosm\u00e9tiques maison, comme actif id\u00e9al pour r\u00e9aliser : une lotion tonique une cr\u00e8me pour att\u00e9nuer les rougeurs du visage un soin anti-\u00e2ge un lait corporel drainant<\/p>\n<h3><b>Informations de livraison<\/b><\/h3>\n<ul>\n<li>Livraison assur\u00e9e par SaidaPlants, sous 24H \u00e0 Marrakech et sous 1 \u00e0 5 jours pour les autres villes du Maroc.<\/li>\n<li>Exp\u00e9dition pour les commandes \u00e0 l\u2019international sous 1 jour ouvr\u00e9. Les d\u00e9lais de livraison sont variables selon la destination et le mode de livraison choisi.<\/li>\n<\/ul>","protected":false},"excerpt":{"rendered":"<h2 style=\"text-align: center;\"><b>BIENFAITS\u00a0GINKGO BILOBA FEUILLE COUP\u00c9E 100g<\/b><\/h2>\n<p style=\"text-align: center;\">Produit naturel ne comportant aucun conservateur dans sa pr\u00e9paration<\/p>\n<p style=\"text-align: center;\">Ce sont les produits respectant les principes Vegan qui se basent principalement sur le refus de l&rsquo;exploitation animale<\/p>\n<p style=\"text-align: center;\">Connu pour son exceptionnelle facult\u00e9 de survie, le Ginkgo renferme des actifs antioxydants et apaisants tr\u00e8s puissants. Cet arbre sacr\u00e9, traditionnellement utilis\u00e9 en m\u00e9decine chinoise depuis des mill\u00e9naires, est reconnu pour ses multiples bienfaits. En tant qu&rsquo;ingr\u00e9dient cosm\u00e9tique, il s&rsquo;utilise pour apaiser les peaux sujettes aux rougeurs ou les peaux inconfortables, et pour lutter contre les signes du vieillissement cutan\u00e9.<\/p>","protected":false},"featured_media":906,"comment_status":"open","ping_status":"closed","template":"","meta":[],"product_cat":[69,70],"product_tag":[],"class_list":["post-878","product","type-product","status-publish","has-post-thumbnail","hentry","product_cat-cosmetique","product_cat-super-food"],"yoast_head":"<!-- This site is optimized with the Yoast SEO plugin v19.13 - https:\/\/yoast.com\/wordpress\/plugins\/seo\/ -->\n<title>ginkgo biloba feuille coup\u00e9e - \u0642\u0637\u0639 \u0623\u0648\u0631\u0627\u0642 \u0627\u0644\u062c\u0646\u0643\u0629 \u0628\u064a\u0644\u0648\u0628\u0627 - SaidaPlants<\/title>\n<meta name=\"description\" content=\"ginkgo biloba feuille coup\u00e9e - Nous faisons de notre mieux pour nos clients Obtenez le produit parfait et bio 100% fabriqu\u00e9 \u00e0 partir de la nature.\" \/>\n<meta name=\"robots\" content=\"index, follow, max-snippet:-1, max-image-preview:large, max-video-preview:-1\" \/>\n<link rel=\"canonical\" href=\"https:\/\/saida-plants.com\/ar\/product\/ginkgo-biloba-feuille-coupee-\u0642\u0637\u0639-\u0623\u0648\u0631\u0627\u0642-\u0627\u0644\u062c\u0646\u0643\u0629-\u0628\u064a\u0644\u0648\u0628\u0627\/\" \/>\n<meta property=\"og:locale\" content=\"ar_AR\" \/>\n<meta property=\"og:type\" content=\"article\" \/>\n<meta property=\"og:title\" content=\"ginkgo biloba feuille coup\u00e9e - \u0642\u0637\u0639 \u0623\u0648\u0631\u0627\u0642 \u0627\u0644\u062c\u0646\u0643\u0629 \u0628\u064a\u0644\u0648\u0628\u0627 - SaidaPlants\" \/>\n<meta property=\"og:description\" content=\"ginkgo biloba feuille coup\u00e9e - Nous faisons de notre mieux pour nos clients Obtenez le produit parfait et bio 100% fabriqu\u00e9 \u00e0 partir de la nature.\" \/>\n<meta property=\"og:url\" content=\"https:\/\/saida-plants.com\/ar\/product\/ginkgo-biloba-feuille-coupee-\u0642\u0637\u0639-\u0623\u0648\u0631\u0627\u0642-\u0627\u0644\u062c\u0646\u0643\u0629-\u0628\u064a\u0644\u0648\u0628\u0627\/\" \/>\n<meta property=\"og:site_name\" content=\"SaidaPlants\" \/>\n<meta property=\"article:publisher\" content=\"https:\/\/www.facebook.com\/SaidaPlants\" \/>\n<meta property=\"article:modified_time\" content=\"2021-09-10T15:03:28+00:00\" \/>\n<meta property=\"og:image\" content=\"https:\/\/saida-plants.com\/wp-content\/uploads\/2021\/09\/dezd.jpg\" \/>\n\t<meta property=\"og:image:width\" content=\"512\" \/>\n\t<meta property=\"og:image:height\" content=\"512\" \/>\n\t<meta property=\"og:image:type\" content=\"image\/jpeg\" \/>\n<meta name=\"twitter:card\" content=\"summary_large_image\" \/>\n<meta name=\"twitter:label1\" content=\"\u0648\u0642\u062a \u0627\u0644\u0642\u0631\u0627\u0621\u0629 \u0627\u0644\u0645\u064f\u0642\u062f\u0651\u0631\" \/>\n\t<meta name=\"twitter:data1\" content=\"\u062f\u0642\u064a\u0642\u062a\u0627\u0646\" \/>\n<script type=\"application\/ld+json\" class=\"yoast-schema-graph\">{\"@context\":\"https:\/\/schema.org\",\"@graph\":[{\"@type\":\"WebPage\",\"@id\":\"https:\/\/saida-plants.com\/product\/ginkgo-biloba-feuille-coupee-%d9%82%d8%b7%d8%b9-%d8%a3%d9%88%d8%b1%d8%a7%d9%82-%d8%a7%d9%84%d8%ac%d9%86%d9%83%d8%a9-%d8%a8%d9%8a%d9%84%d9%88%d8%a8%d8%a7\/\",\"url\":\"https:\/\/saida-plants.com\/product\/ginkgo-biloba-feuille-coupee-%d9%82%d8%b7%d8%b9-%d8%a3%d9%88%d8%b1%d8%a7%d9%82-%d8%a7%d9%84%d8%ac%d9%86%d9%83%d8%a9-%d8%a8%d9%8a%d9%84%d9%88%d8%a8%d8%a7\/\",\"name\":\"ginkgo biloba feuille coup\u00e9e - \u0642\u0637\u0639 \u0623\u0648\u0631\u0627\u0642 \u0627\u0644\u062c\u0646\u0643\u0629 \u0628\u064a\u0644\u0648\u0628\u0627 - SaidaPlants\",\"isPartOf\":{\"@id\":\"https:\/\/saida-plants.com\/#website\"},\"datePublished\":\"2021-09-09T15:46:53+00:00\",\"dateModified\":\"2021-09-10T15:03:28+00:00\",\"description\":\"ginkgo biloba feuille coup\u00e9e - Nous faisons de notre mieux pour nos clients Obtenez le produit parfait et bio 100% fabriqu\u00e9 \u00e0 partir de la nature.\",\"breadcrumb\":{\"@id\":\"https:\/\/saida-plants.com\/product\/ginkgo-biloba-feuille-coupee-%d9%82%d8%b7%d8%b9-%d8%a3%d9%88%d8%b1%d8%a7%d9%82-%d8%a7%d9%84%d8%ac%d9%86%d9%83%d8%a9-%d8%a8%d9%8a%d9%84%d9%88%d8%a8%d8%a7\/#breadcrumb\"},\"inLanguage\":\"ar\",\"potentialAction\":[{\"@type\":\"ReadAction\",\"target\":[\"https:\/\/saida-plants.com\/product\/ginkgo-biloba-feuille-coupee-%d9%82%d8%b7%d8%b9-%d8%a3%d9%88%d8%b1%d8%a7%d9%82-%d8%a7%d9%84%d8%ac%d9%86%d9%83%d8%a9-%d8%a8%d9%8a%d9%84%d9%88%d8%a8%d8%a7\/\"]}]},{\"@type\":\"BreadcrumbList\",\"@id\":\"https:\/\/saida-plants.com\/product\/ginkgo-biloba-feuille-coupee-%d9%82%d8%b7%d8%b9-%d8%a3%d9%88%d8%b1%d8%a7%d9%82-%d8%a7%d9%84%d8%ac%d9%86%d9%83%d8%a9-%d8%a8%d9%8a%d9%84%d9%88%d8%a8%d8%a7\/#breadcrumb\",\"itemListElement\":[{\"@type\":\"ListItem\",\"position\":1,\"name\":\"Home\",\"item\":\"https:\/\/saida-plants.com\/\"},{\"@type\":\"ListItem\",\"position\":2,\"name\":\"Shop\",\"item\":\"https:\/\/saida-plants.com\/ar\/shop\/\"},{\"@type\":\"ListItem\",\"position\":3,\"name\":\"ginkgo biloba feuille coup\u00e9e &#8211; \u0642\u0637\u0639 \u0623\u0648\u0631\u0627\u0642 \u0627\u0644\u062c\u0646\u0643\u0629 \u0628\u064a\u0644\u0648\u0628\u0627\"}]},{\"@type\":\"WebSite\",\"@id\":\"https:\/\/saida-plants.com\/#website\",\"url\":\"https:\/\/saida-plants.com\/\",\"name\":\"SaidaPlants\",\"description\":\"1er Boutique En ligne Produit 100% Bio\",\"publisher\":{\"@id\":\"https:\/\/saida-plants.com\/#organization\"},\"potentialAction\":[{\"@type\":\"SearchAction\",\"target\":{\"@type\":\"EntryPoint\",\"urlTemplate\":\"https:\/\/saida-plants.com\/?s={search_term_string}\"},\"query-input\":\"required name=search_term_string\"}],\"inLanguage\":\"ar\"},{\"@type\":\"Organization\",\"@id\":\"https:\/\/saida-plants.com\/#organization\",\"name\":\"SaidaPlants\",\"url\":\"https:\/\/saida-plants.com\/\",\"logo\":{\"@type\":\"ImageObject\",\"inLanguage\":\"ar\",\"@id\":\"https:\/\/saida-plants.com\/#\/schema\/logo\/image\/\",\"url\":\"https:\/\/saida-plants.com\/wp-content\/uploads\/2021\/08\/WhatsApp-Image-2021-08-11-at-17.44.40.jpeg\",\"contentUrl\":\"https:\/\/saida-plants.com\/wp-content\/uploads\/2021\/08\/WhatsApp-Image-2021-08-11-at-17.44.40.jpeg\",\"width\":1280,\"height\":463,\"caption\":\"SaidaPlants\"},\"image\":{\"@id\":\"https:\/\/saida-plants.com\/#\/schema\/logo\/image\/\"},\"sameAs\":[\"https:\/\/www.instagram.com\/saidaplants\/\",\"https:\/\/www.facebook.com\/SaidaPlants\"]}]}<\/script>\n<!-- \/ Yoast SEO plugin. -->","yoast_head_json":{"title":"ginkgo biloba feuille coup\u00e9e - \u0642\u0637\u0639 \u0623\u0648\u0631\u0627\u0642 \u0627\u0644\u062c\u0646\u0643\u0629 \u0628\u064a\u0644\u0648\u0628\u0627 - SaidaPlants","description":"ginkgo biloba feuille coup\u00e9e - Nous faisons de notre mieux pour nos clients Obtenez le produit parfait et bio 100% fabriqu\u00e9 \u00e0 partir de la nature.","robots":{"index":"index","follow":"follow","max-snippet":"max-snippet:-1","max-image-preview":"max-image-preview:large","max-video-preview":"max-video-preview:-1"},"canonical":"https:\/\/saida-plants.com\/ar\/product\/ginkgo-biloba-feuille-coupee-\u0642\u0637\u0639-\u0623\u0648\u0631\u0627\u0642-\u0627\u0644\u062c\u0646\u0643\u0629-\u0628\u064a\u0644\u0648\u0628\u0627\/","og_locale":"ar_AR","og_type":"article","og_title":"ginkgo biloba feuille coup\u00e9e - \u0642\u0637\u0639 \u0623\u0648\u0631\u0627\u0642 \u0627\u0644\u062c\u0646\u0643\u0629 \u0628\u064a\u0644\u0648\u0628\u0627 - SaidaPlants","og_description":"ginkgo biloba feuille coup\u00e9e - Nous faisons de notre mieux pour nos clients Obtenez le produit parfait et bio 100% fabriqu\u00e9 \u00e0 partir de la nature.","og_url":"https:\/\/saida-plants.com\/ar\/product\/ginkgo-biloba-feuille-coupee-\u0642\u0637\u0639-\u0623\u0648\u0631\u0627\u0642-\u0627\u0644\u062c\u0646\u0643\u0629-\u0628\u064a\u0644\u0648\u0628\u0627\/","og_site_name":"SaidaPlants","article_publisher":"https:\/\/www.facebook.com\/SaidaPlants","article_modified_time":"2021-09-10T15:03:28+00:00","og_image":[{"width":512,"height":512,"url":"https:\/\/saida-plants.com\/wp-content\/uploads\/2021\/09\/dezd.jpg","type":"image\/jpeg"}],"twitter_card":"summary_large_image","twitter_misc":{"\u0648\u0642\u062a \u0627\u0644\u0642\u0631\u0627\u0621\u0629 \u0627\u0644\u0645\u064f\u0642\u062f\u0651\u0631":"\u062f\u0642\u064a\u0642\u062a\u0627\u0646"},"schema":{"@context":"https:\/\/schema.org","@graph":[{"@type":"WebPage","@id":"https:\/\/saida-plants.com\/product\/ginkgo-biloba-feuille-coupee-%d9%82%d8%b7%d8%b9-%d8%a3%d9%88%d8%b1%d8%a7%d9%82-%d8%a7%d9%84%d8%ac%d9%86%d9%83%d8%a9-%d8%a8%d9%8a%d9%84%d9%88%d8%a8%d8%a7\/","url":"https:\/\/saida-plants.com\/product\/ginkgo-biloba-feuille-coupee-%d9%82%d8%b7%d8%b9-%d8%a3%d9%88%d8%b1%d8%a7%d9%82-%d8%a7%d9%84%d8%ac%d9%86%d9%83%d8%a9-%d8%a8%d9%8a%d9%84%d9%88%d8%a8%d8%a7\/","name":"ginkgo biloba feuille coup\u00e9e - \u0642\u0637\u0639 \u0623\u0648\u0631\u0627\u0642 \u0627\u0644\u062c\u0646\u0643\u0629 \u0628\u064a\u0644\u0648\u0628\u0627 - SaidaPlants","isPartOf":{"@id":"https:\/\/saida-plants.com\/#website"},"datePublished":"2021-09-09T15:46:53+00:00","dateModified":"2021-09-10T15:03:28+00:00","description":"ginkgo biloba feuille coup\u00e9e - Nous faisons de notre mieux pour nos clients Obtenez le produit parfait et bio 100% fabriqu\u00e9 \u00e0 partir de la nature.","breadcrumb":{"@id":"https:\/\/saida-plants.com\/product\/ginkgo-biloba-feuille-coupee-%d9%82%d8%b7%d8%b9-%d8%a3%d9%88%d8%b1%d8%a7%d9%82-%d8%a7%d9%84%d8%ac%d9%86%d9%83%d8%a9-%d8%a8%d9%8a%d9%84%d9%88%d8%a8%d8%a7\/#breadcrumb"},"inLanguage":"ar","potentialAction":[{"@type":"ReadAction","target":["https:\/\/saida-plants.com\/product\/ginkgo-biloba-feuille-coupee-%d9%82%d8%b7%d8%b9-%d8%a3%d9%88%d8%b1%d8%a7%d9%82-%d8%a7%d9%84%d8%ac%d9%86%d9%83%d8%a9-%d8%a8%d9%8a%d9%84%d9%88%d8%a8%d8%a7\/"]}]},{"@type":"BreadcrumbList","@id":"https:\/\/saida-plants.com\/product\/ginkgo-biloba-feuille-coupee-%d9%82%d8%b7%d8%b9-%d8%a3%d9%88%d8%b1%d8%a7%d9%82-%d8%a7%d9%84%d8%ac%d9%86%d9%83%d8%a9-%d8%a8%d9%8a%d9%84%d9%88%d8%a8%d8%a7\/#breadcrumb","itemListElement":[{"@type":"ListItem","position":1,"name":"Home","item":"https:\/\/saida-plants.com\/"},{"@type":"ListItem","position":2,"name":"Shop","item":"https:\/\/saida-plants.com\/ar\/shop\/"},{"@type":"ListItem","position":3,"name":"ginkgo biloba feuille coup\u00e9e &#8211; \u0642\u0637\u0639 \u0623\u0648\u0631\u0627\u0642 \u0627\u0644\u062c\u0646\u0643\u0629 \u0628\u064a\u0644\u0648\u0628\u0627"}]},{"@type":"WebSite","@id":"https:\/\/saida-plants.com\/#website","url":"https:\/\/saida-plants.com\/","name":"SaidaPlants","description":"1er Boutique En ligne Produit 100% Bio","publisher":{"@id":"https:\/\/saida-plants.com\/#organization"},"potentialAction":[{"@type":"SearchAction","target":{"@type":"EntryPoint","urlTemplate":"https:\/\/saida-plants.com\/?s={search_term_string}"},"query-input":"required name=search_term_string"}],"inLanguage":"ar"},{"@type":"Organization","@id":"https:\/\/saida-plants.com\/#organization","name":"SaidaPlants","url":"https:\/\/saida-plants.com\/","logo":{"@type":"ImageObject","inLanguage":"ar","@id":"https:\/\/saida-plants.com\/#\/schema\/logo\/image\/","url":"https:\/\/saida-plants.com\/wp-content\/uploads\/2021\/08\/WhatsApp-Image-2021-08-11-at-17.44.40.jpeg","contentUrl":"https:\/\/saida-plants.com\/wp-content\/uploads\/2021\/08\/WhatsApp-Image-2021-08-11-at-17.44.40.jpeg","width":1280,"height":463,"caption":"SaidaPlants"},"image":{"@id":"https:\/\/saida-plants.com\/#\/schema\/logo\/image\/"},"sameAs":["https:\/\/www.instagram.com\/saidaplants\/","https:\/\/www.facebook.com\/SaidaPlants"]}]}},"_links":{"self":[{"href":"https:\/\/saida-plants.com\/ar\/wp-json\/wp\/v2\/product\/878"}],"collection":[{"href":"https:\/\/saida-plants.com\/ar\/wp-json\/wp\/v2\/product"}],"about":[{"href":"https:\/\/saida-plants.com\/ar\/wp-json\/wp\/v2\/types\/product"}],"replies":[{"embeddable":true,"href":"https:\/\/saida-plants.com\/ar\/wp-json\/wp\/v2\/comments?post=878"}],"wp:featuredmedia":[{"embeddable":true,"href":"https:\/\/saida-plants.com\/ar\/wp-json\/wp\/v2\/media\/906"}],"wp:attachment":[{"href":"https:\/\/saida-plants.com\/ar\/wp-json\/wp\/v2\/media?parent=878"}],"wp:term":[{"taxonomy":"product_cat","embeddable":true,"href":"https:\/\/saida-plants.com\/ar\/wp-json\/wp\/v2\/product_cat?post=878"},{"taxonomy":"product_tag","embeddable":true,"href":"https:\/\/saida-plants.com\/ar\/wp-json\/wp\/v2\/product_tag?post=878"}],"curies":[{"name":"wp","href":"https:\/\/api.w.org\/{rel}","templated":true}]}}