{"id":879,"date":"2021-09-09T15:46:08","date_gmt":"2021-09-09T15:46:08","guid":{"rendered":"https:\/\/saida-plants.com\/?post_type=product&#038;p=879"},"modified":"2021-09-09T15:46:08","modified_gmt":"2021-09-09T15:46:08","slug":"poudre-de-moringa-bio-%d9%85%d9%88%d8%b1%d9%8a%d9%86%d9%83%d8%a7-%d8%a8%d9%88%d8%af%d8%b1%d8%a9-%d8%a7%d9%84%d9%85%d9%88%d8%b1%d9%8a%d9%86%d8%ac%d8%a7","status":"publish","type":"product","link":"https:\/\/saida-plants.com\/ar\/product\/poudre-de-moringa-bio-%d9%85%d9%88%d8%b1%d9%8a%d9%86%d9%83%d8%a7-%d8%a8%d9%88%d8%af%d8%b1%d8%a9-%d8%a7%d9%84%d9%85%d9%88%d8%b1%d9%8a%d9%86%d8%ac%d8%a7\/","title":{"rendered":"Poudre de Moringa Bio (\u0645\u0648\u0631\u064a\u0646\u0643\u0627 , \u0628\u0648\u062f\u0631\u0629 \u0627\u0644\u0645\u0648\u0631\u064a\u0646\u062c\u0627)"},"content":{"rendered":"<h1><b>BIENFAITS\u00a0POUDRE DE MORINGA BIO 100g<\/b><\/h1>\n<ul>\n<li>Produit naturel ne comportant aucun conservateur dans sa pr\u00e9paration<\/li>\n<li>Ce sont les produits respectant les principes Vegan qui se basent principalement sur le refus de l&rsquo;exploitation animale<\/li>\n<\/ul>\n<h2><b>LES BIENFAITS DE MORINGA ET VERTUS NUTRITIONNELLES<\/b><\/h2>\n<p>La poudre de Moringa \u00ab\u00a0<b>moringa poudre\u00a0\u00bb\u00a0<\/b>est juste des feuilles de Moringa s\u00e9ch\u00e9es et moulues.<\/p>\n<p><b>Le Moringa<\/b> est un grand arbre du nord de l&rsquo;Inde. De nombreuses parties de l&rsquo;<b>arbre Moringa<\/b> sont comestibles et peuvent m\u00eame \u00eatre utilis\u00e9es comme ingr\u00e9dient dans certaines herbes. Les feuilles de moringa maroc sont consid\u00e9res comme une <b>excellente source<\/b> de nombreuses <b>vitamines<\/b> et <b>min\u00e9raux<\/b>. Le Moringa oleifera est riche en <a href=\"https:\/\/www.futura-sciences.com\/sante\/definitions\/biologie-antioxydants-1659\/\"><b>antioxydants<\/b><\/a>. Il contient \u00e9galement de la <a href=\"https:\/\/www.passeportsante.net\/fr\/Solutions\/PlantesSupplements\/Fiche.aspx?doc=quercetine_ps\"><b>querc\u00e9tine<\/b><\/a>. La querc\u00e9tine est un puissant antioxydant qui peut aider \u00e0 abaisser la <b>tension art\u00e9rielle<\/b>. En bref, le Moringa contient de nombreux antioxydants, dont la querc\u00e9tine et l&rsquo;<a href=\"https:\/\/fr.wikipedia.org\/wiki\/Acide_chlorog%C3%A9nique\"><b>acide chlorog\u00e9nique<\/b><\/a>.<\/p>\n<h3><b>Les feuilles de Moringa<\/b><span class=\"Apple-converted-space\">\u00a0<\/span><\/h3>\n<p>contiennent plusieurs nutriments et peuvent augmenter les niveaux d\u2019antioxydants dans le sang.<span class=\"Apple-converted-space\">\u00a0<\/span><\/p>\n<p>La poudre de <b>moringa bio\u00a0<\/b>peut prot\u00e9ger le foie et l&rsquo;extrait de Moringa peut prot\u00e9ger le foie. Des \u00e9tudes ont v\u00e9rifi\u00e9 l&rsquo;efficacit\u00e9 de <b>la feuille de Moringa<\/b> oleifera contre les dommages au foie caus\u00e9s par les m\u00e9dicaments antituberculeux et son effet stimulant pour acc\u00e9l\u00e9rer le processus de r\u00e9cup\u00e9ration.<\/p>\n<p>Il aide \u00e0 restaurer le niveau de glutathion dans le corps et emp\u00eache la peroxydation des lipides h\u00e9patiques caus\u00e9e par les radiations. Cet effet protecteur est attribu\u00e9 aux compos\u00e9s phytochimiques pr\u00e9sents dans le <b>Moringa<\/b>, tels que les <b>cat\u00e9chines<\/b>, les <b>\u00e9picat\u00e9chines<\/b>, <b>l&rsquo;acide f\u00e9rulique<\/b> et la <a href=\"https:\/\/www.passeportsante.net\/fr\/Solutions\/PlantesSupplements\/Fiche.aspx?doc=vitamine_c_ps\"><b>vitamine C<\/b><\/a>.<\/p>\n<h3><b>Les autres vertus de la poudre de moringa<\/b><\/h3>\n<p>Le <b>Moringa<\/b> oleifera poss\u00e9de \u00e9galement de nombreuses vertus:<\/p>\n<ul>\n<li>R\u00e9gler la\u00a0<b>glyc\u00e9mie<\/b>,<\/li>\n<li>R\u00e9duit <b>l&rsquo;inflammation<\/b> corporelle caus\u00e9e par une infection ou une blessure,<\/li>\n<li>Le Moringa a des propri\u00e9t\u00e9s essentielles telles <b>qu&rsquo;antibact\u00e9rienne<\/b>, <b>antifongique<\/b> et <b>antibact\u00e9rienne<\/b><\/li>\n<li>Efficace contre la croissance des microbes pathog\u00e8nes,<\/li>\n<li>La\u00a0<b>Moringa <\/b>peut abaisser le\u00a0taux de cholest\u00e9rol dans le sang, ce\u00a0qui devrait conduire \u00e0 un risque r\u00e9duit de maladie cardiaque.<\/li>\n<li><b>Les feuilles de Moringa<\/b> sont aussi tr\u00e8s nutritives, ce qui est particuli\u00e8rement b\u00e9n\u00e9fique pour les personnes qui manquent de nutriments essentiels.<\/li>\n<\/ul>\n<h3><b>Informations de livraison<\/b><\/h3>\n<ul>\n<li>Livraison assur\u00e9e par <a href=\"https:\/\/saida-plants.com\/ar\/shop\/\">SaidaPlants<\/a>, sous 24H \u00e0 Marrakech et sous 1 \u00e0 5 jours pour les autres villes du Maroc.<\/li>\n<li>Exp\u00e9dition pour les commandes \u00e0 l\u2019international sous 1 jour ouvr\u00e9. Les d\u00e9lais de livraison sont variables selon la destination et le mode de livraison choisi.<\/li>\n<\/ul>","protected":false},"excerpt":{"rendered":"<h1 style=\"text-align: center;\"><b>BIENFAITS\u00a0POUDRE DE MORINGA BIO 100g<\/b><\/h1>\n<ul style=\"text-align: center;\">\n<li>Produit naturel ne comportant aucun conservateur dans sa pr\u00e9paration<\/li>\n<li>Ce sont les produits respectant les principes Vegan qui se basent principalement sur le refus de l&rsquo;exploitation animale<\/li>\n<\/ul>\n<h2 style=\"text-align: center;\"><b>LES BIENFAITS DE MORINGA ET VERTUS NUTRITIONNELLES<\/b><\/h2>\n<p style=\"text-align: center;\">La poudre de Moringa \u00ab\u00a0<b>moringa poudre\u00a0\u00bb\u00a0<\/b>est juste des feuilles de Moringa s\u00e9ch\u00e9es et moulues.<\/p>\n<p style=\"text-align: center;\"><b>Le Moringa<\/b> est un grand arbre du nord de l&rsquo;Inde. De nombreuses parties de l&rsquo;<b>arbre Moringa<\/b> sont comestibles et peuvent m\u00eame \u00eatre utilis\u00e9es comme ingr\u00e9dient dans certaines herbes. Les feuilles de moringa maroc sont consid\u00e9res comme une <b>excellente source<\/b> de nombreuses <b>vitamines<\/b> et <b>min\u00e9raux<\/b>. Le Moringa oleifera est riche en <a href=\"https:\/\/www.futura-sciences.com\/sante\/definitions\/biologie-antioxydants-1659\/\"><b>antioxydants<\/b><\/a>. Il contient \u00e9galement de la <a href=\"https:\/\/www.passeportsante.net\/fr\/Solutions\/PlantesSupplements\/Fiche.aspx?doc=quercetine_ps\"><b>querc\u00e9tine<\/b><\/a>. La querc\u00e9tine est un puissant antioxydant qui peut aider \u00e0 abaisser la <b>tension art\u00e9rielle<\/b>. En bref, le Moringa contient de nombreux antioxydants, dont la querc\u00e9tine et l&rsquo;<a href=\"https:\/\/fr.wikipedia.org\/wiki\/Acide_chlorog%C3%A9nique\"><b>acide chlorog\u00e9nique<\/b><\/a>.<\/p>","protected":false},"featured_media":880,"comment_status":"open","ping_status":"closed","template":"","meta":[],"product_cat":[69,70],"product_tag":[],"class_list":["post-879","product","type-product","status-publish","has-post-thumbnail","hentry","product_cat-cosmetique","product_cat-super-food"],"yoast_head":"<!-- This site is optimized with the Yoast SEO plugin v19.13 - https:\/\/yoast.com\/wordpress\/plugins\/seo\/ -->\n<title>Poudre de Moringa Bio (\u0645\u0648\u0631\u064a\u0646\u0643\u0627 , \u0628\u0648\u062f\u0631\u0629 \u0627\u0644\u0645\u0648\u0631\u064a\u0646\u062c\u0627) - SaidaPlants<\/title>\n<meta name=\"description\" content=\"Poudre de Moringa Bio - Nous faisons de notre mieux pour nos clients Obtenez le produit parfait et bio 100% fabriqu\u00e9 \u00e0 partir de la nature.\" \/>\n<meta name=\"robots\" content=\"index, follow, max-snippet:-1, max-image-preview:large, max-video-preview:-1\" \/>\n<link rel=\"canonical\" href=\"https:\/\/saida-plants.com\/ar\/product\/poudre-de-moringa-bio-\u0645\u0648\u0631\u064a\u0646\u0643\u0627-\u0628\u0648\u062f\u0631\u0629-\u0627\u0644\u0645\u0648\u0631\u064a\u0646\u062c\u0627\/\" \/>\n<meta property=\"og:locale\" content=\"ar_AR\" \/>\n<meta property=\"og:type\" content=\"article\" \/>\n<meta property=\"og:title\" content=\"Poudre de Moringa Bio (\u0645\u0648\u0631\u064a\u0646\u0643\u0627 , \u0628\u0648\u062f\u0631\u0629 \u0627\u0644\u0645\u0648\u0631\u064a\u0646\u062c\u0627) - SaidaPlants\" \/>\n<meta property=\"og:description\" content=\"Poudre de Moringa Bio - Nous faisons de notre mieux pour nos clients Obtenez le produit parfait et bio 100% fabriqu\u00e9 \u00e0 partir de la nature.\" \/>\n<meta property=\"og:url\" content=\"https:\/\/saida-plants.com\/ar\/product\/poudre-de-moringa-bio-\u0645\u0648\u0631\u064a\u0646\u0643\u0627-\u0628\u0648\u062f\u0631\u0629-\u0627\u0644\u0645\u0648\u0631\u064a\u0646\u062c\u0627\/\" \/>\n<meta property=\"og:site_name\" content=\"SaidaPlants\" \/>\n<meta property=\"article:publisher\" content=\"https:\/\/www.facebook.com\/SaidaPlants\" \/>\n<meta property=\"og:image\" content=\"https:\/\/saida-plants.com\/wp-content\/uploads\/2021\/08\/5-1400x788.png\" \/>\n\t<meta property=\"og:image:width\" content=\"1400\" \/>\n\t<meta property=\"og:image:height\" content=\"788\" \/>\n\t<meta property=\"og:image:type\" content=\"image\/png\" \/>\n<meta name=\"twitter:card\" content=\"summary_large_image\" \/>\n<meta name=\"twitter:label1\" content=\"\u0648\u0642\u062a \u0627\u0644\u0642\u0631\u0627\u0621\u0629 \u0627\u0644\u0645\u064f\u0642\u062f\u0651\u0631\" \/>\n\t<meta name=\"twitter:data1\" content=\"\u062f\u0642\u064a\u0642\u062a\u0627\u0646\" \/>\n<script type=\"application\/ld+json\" class=\"yoast-schema-graph\">{\"@context\":\"https:\/\/schema.org\",\"@graph\":[{\"@type\":\"WebPage\",\"@id\":\"https:\/\/saida-plants.com\/ar\/product\/poudre-de-moringa-bio-%d9%85%d9%88%d8%b1%d9%8a%d9%86%d9%83%d8%a7-%d8%a8%d9%88%d8%af%d8%b1%d8%a9-%d8%a7%d9%84%d9%85%d9%88%d8%b1%d9%8a%d9%86%d8%ac%d8%a7\/\",\"url\":\"https:\/\/saida-plants.com\/ar\/product\/poudre-de-moringa-bio-%d9%85%d9%88%d8%b1%d9%8a%d9%86%d9%83%d8%a7-%d8%a8%d9%88%d8%af%d8%b1%d8%a9-%d8%a7%d9%84%d9%85%d9%88%d8%b1%d9%8a%d9%86%d8%ac%d8%a7\/\",\"name\":\"Poudre de Moringa Bio (\u0645\u0648\u0631\u064a\u0646\u0643\u0627 , \u0628\u0648\u062f\u0631\u0629 \u0627\u0644\u0645\u0648\u0631\u064a\u0646\u062c\u0627) - SaidaPlants\",\"isPartOf\":{\"@id\":\"https:\/\/saida-plants.com\/#website\"},\"datePublished\":\"2021-09-09T15:46:08+00:00\",\"dateModified\":\"2021-09-09T15:46:08+00:00\",\"description\":\"Poudre de Moringa Bio - Nous faisons de notre mieux pour nos clients Obtenez le produit parfait et bio 100% fabriqu\u00e9 \u00e0 partir de la nature.\",\"breadcrumb\":{\"@id\":\"https:\/\/saida-plants.com\/ar\/product\/poudre-de-moringa-bio-%d9%85%d9%88%d8%b1%d9%8a%d9%86%d9%83%d8%a7-%d8%a8%d9%88%d8%af%d8%b1%d8%a9-%d8%a7%d9%84%d9%85%d9%88%d8%b1%d9%8a%d9%86%d8%ac%d8%a7\/#breadcrumb\"},\"inLanguage\":\"ar\",\"potentialAction\":[{\"@type\":\"ReadAction\",\"target\":[\"https:\/\/saida-plants.com\/ar\/product\/poudre-de-moringa-bio-%d9%85%d9%88%d8%b1%d9%8a%d9%86%d9%83%d8%a7-%d8%a8%d9%88%d8%af%d8%b1%d8%a9-%d8%a7%d9%84%d9%85%d9%88%d8%b1%d9%8a%d9%86%d8%ac%d8%a7\/\"]}]},{\"@type\":\"BreadcrumbList\",\"@id\":\"https:\/\/saida-plants.com\/ar\/product\/poudre-de-moringa-bio-%d9%85%d9%88%d8%b1%d9%8a%d9%86%d9%83%d8%a7-%d8%a8%d9%88%d8%af%d8%b1%d8%a9-%d8%a7%d9%84%d9%85%d9%88%d8%b1%d9%8a%d9%86%d8%ac%d8%a7\/#breadcrumb\",\"itemListElement\":[{\"@type\":\"ListItem\",\"position\":1,\"name\":\"Home\",\"item\":\"https:\/\/saida-plants.com\/\"},{\"@type\":\"ListItem\",\"position\":2,\"name\":\"Shop\",\"item\":\"https:\/\/saida-plants.com\/ar\/shop\/\"},{\"@type\":\"ListItem\",\"position\":3,\"name\":\"Poudre de Moringa Bio (\u0645\u0648\u0631\u064a\u0646\u0643\u0627 , \u0628\u0648\u062f\u0631\u0629 \u0627\u0644\u0645\u0648\u0631\u064a\u0646\u062c\u0627)\"}]},{\"@type\":\"WebSite\",\"@id\":\"https:\/\/saida-plants.com\/#website\",\"url\":\"https:\/\/saida-plants.com\/\",\"name\":\"SaidaPlants\",\"description\":\"1er Boutique En ligne Produit 100% Bio\",\"publisher\":{\"@id\":\"https:\/\/saida-plants.com\/#organization\"},\"potentialAction\":[{\"@type\":\"SearchAction\",\"target\":{\"@type\":\"EntryPoint\",\"urlTemplate\":\"https:\/\/saida-plants.com\/?s={search_term_string}\"},\"query-input\":\"required name=search_term_string\"}],\"inLanguage\":\"ar\"},{\"@type\":\"Organization\",\"@id\":\"https:\/\/saida-plants.com\/#organization\",\"name\":\"SaidaPlants\",\"url\":\"https:\/\/saida-plants.com\/\",\"logo\":{\"@type\":\"ImageObject\",\"inLanguage\":\"ar\",\"@id\":\"https:\/\/saida-plants.com\/#\/schema\/logo\/image\/\",\"url\":\"https:\/\/saida-plants.com\/wp-content\/uploads\/2021\/08\/WhatsApp-Image-2021-08-11-at-17.44.40.jpeg\",\"contentUrl\":\"https:\/\/saida-plants.com\/wp-content\/uploads\/2021\/08\/WhatsApp-Image-2021-08-11-at-17.44.40.jpeg\",\"width\":1280,\"height\":463,\"caption\":\"SaidaPlants\"},\"image\":{\"@id\":\"https:\/\/saida-plants.com\/#\/schema\/logo\/image\/\"},\"sameAs\":[\"https:\/\/www.instagram.com\/saidaplants\/\",\"https:\/\/www.facebook.com\/SaidaPlants\"]}]}<\/script>\n<!-- \/ Yoast SEO plugin. -->","yoast_head_json":{"title":"Poudre de Moringa Bio (\u0645\u0648\u0631\u064a\u0646\u0643\u0627 , \u0628\u0648\u062f\u0631\u0629 \u0627\u0644\u0645\u0648\u0631\u064a\u0646\u062c\u0627) - SaidaPlants","description":"Poudre de Moringa Bio - Nous faisons de notre mieux pour nos clients Obtenez le produit parfait et bio 100% fabriqu\u00e9 \u00e0 partir de la nature.","robots":{"index":"index","follow":"follow","max-snippet":"max-snippet:-1","max-image-preview":"max-image-preview:large","max-video-preview":"max-video-preview:-1"},"canonical":"https:\/\/saida-plants.com\/ar\/product\/poudre-de-moringa-bio-\u0645\u0648\u0631\u064a\u0646\u0643\u0627-\u0628\u0648\u062f\u0631\u0629-\u0627\u0644\u0645\u0648\u0631\u064a\u0646\u062c\u0627\/","og_locale":"ar_AR","og_type":"article","og_title":"Poudre de Moringa Bio (\u0645\u0648\u0631\u064a\u0646\u0643\u0627 , \u0628\u0648\u062f\u0631\u0629 \u0627\u0644\u0645\u0648\u0631\u064a\u0646\u062c\u0627) - SaidaPlants","og_description":"Poudre de Moringa Bio - Nous faisons de notre mieux pour nos clients Obtenez le produit parfait et bio 100% fabriqu\u00e9 \u00e0 partir de la nature.","og_url":"https:\/\/saida-plants.com\/ar\/product\/poudre-de-moringa-bio-\u0645\u0648\u0631\u064a\u0646\u0643\u0627-\u0628\u0648\u062f\u0631\u0629-\u0627\u0644\u0645\u0648\u0631\u064a\u0646\u062c\u0627\/","og_site_name":"SaidaPlants","article_publisher":"https:\/\/www.facebook.com\/SaidaPlants","og_image":[{"width":1400,"height":788,"url":"https:\/\/saida-plants.com\/wp-content\/uploads\/2021\/08\/5-1400x788.png","type":"image\/png"}],"twitter_card":"summary_large_image","twitter_misc":{"\u0648\u0642\u062a \u0627\u0644\u0642\u0631\u0627\u0621\u0629 \u0627\u0644\u0645\u064f\u0642\u062f\u0651\u0631":"\u062f\u0642\u064a\u0642\u062a\u0627\u0646"},"schema":{"@context":"https:\/\/schema.org","@graph":[{"@type":"WebPage","@id":"https:\/\/saida-plants.com\/ar\/product\/poudre-de-moringa-bio-%d9%85%d9%88%d8%b1%d9%8a%d9%86%d9%83%d8%a7-%d8%a8%d9%88%d8%af%d8%b1%d8%a9-%d8%a7%d9%84%d9%85%d9%88%d8%b1%d9%8a%d9%86%d8%ac%d8%a7\/","url":"https:\/\/saida-plants.com\/ar\/product\/poudre-de-moringa-bio-%d9%85%d9%88%d8%b1%d9%8a%d9%86%d9%83%d8%a7-%d8%a8%d9%88%d8%af%d8%b1%d8%a9-%d8%a7%d9%84%d9%85%d9%88%d8%b1%d9%8a%d9%86%d8%ac%d8%a7\/","name":"Poudre de Moringa Bio (\u0645\u0648\u0631\u064a\u0646\u0643\u0627 , \u0628\u0648\u062f\u0631\u0629 \u0627\u0644\u0645\u0648\u0631\u064a\u0646\u062c\u0627) - SaidaPlants","isPartOf":{"@id":"https:\/\/saida-plants.com\/#website"},"datePublished":"2021-09-09T15:46:08+00:00","dateModified":"2021-09-09T15:46:08+00:00","description":"Poudre de Moringa Bio - Nous faisons de notre mieux pour nos clients Obtenez le produit parfait et bio 100% fabriqu\u00e9 \u00e0 partir de la nature.","breadcrumb":{"@id":"https:\/\/saida-plants.com\/ar\/product\/poudre-de-moringa-bio-%d9%85%d9%88%d8%b1%d9%8a%d9%86%d9%83%d8%a7-%d8%a8%d9%88%d8%af%d8%b1%d8%a9-%d8%a7%d9%84%d9%85%d9%88%d8%b1%d9%8a%d9%86%d8%ac%d8%a7\/#breadcrumb"},"inLanguage":"ar","potentialAction":[{"@type":"ReadAction","target":["https:\/\/saida-plants.com\/ar\/product\/poudre-de-moringa-bio-%d9%85%d9%88%d8%b1%d9%8a%d9%86%d9%83%d8%a7-%d8%a8%d9%88%d8%af%d8%b1%d8%a9-%d8%a7%d9%84%d9%85%d9%88%d8%b1%d9%8a%d9%86%d8%ac%d8%a7\/"]}]},{"@type":"BreadcrumbList","@id":"https:\/\/saida-plants.com\/ar\/product\/poudre-de-moringa-bio-%d9%85%d9%88%d8%b1%d9%8a%d9%86%d9%83%d8%a7-%d8%a8%d9%88%d8%af%d8%b1%d8%a9-%d8%a7%d9%84%d9%85%d9%88%d8%b1%d9%8a%d9%86%d8%ac%d8%a7\/#breadcrumb","itemListElement":[{"@type":"ListItem","position":1,"name":"Home","item":"https:\/\/saida-plants.com\/"},{"@type":"ListItem","position":2,"name":"Shop","item":"https:\/\/saida-plants.com\/ar\/shop\/"},{"@type":"ListItem","position":3,"name":"Poudre de Moringa Bio (\u0645\u0648\u0631\u064a\u0646\u0643\u0627 , \u0628\u0648\u062f\u0631\u0629 \u0627\u0644\u0645\u0648\u0631\u064a\u0646\u062c\u0627)"}]},{"@type":"WebSite","@id":"https:\/\/saida-plants.com\/#website","url":"https:\/\/saida-plants.com\/","name":"SaidaPlants","description":"1er Boutique En ligne Produit 100% Bio","publisher":{"@id":"https:\/\/saida-plants.com\/#organization"},"potentialAction":[{"@type":"SearchAction","target":{"@type":"EntryPoint","urlTemplate":"https:\/\/saida-plants.com\/?s={search_term_string}"},"query-input":"required name=search_term_string"}],"inLanguage":"ar"},{"@type":"Organization","@id":"https:\/\/saida-plants.com\/#organization","name":"SaidaPlants","url":"https:\/\/saida-plants.com\/","logo":{"@type":"ImageObject","inLanguage":"ar","@id":"https:\/\/saida-plants.com\/#\/schema\/logo\/image\/","url":"https:\/\/saida-plants.com\/wp-content\/uploads\/2021\/08\/WhatsApp-Image-2021-08-11-at-17.44.40.jpeg","contentUrl":"https:\/\/saida-plants.com\/wp-content\/uploads\/2021\/08\/WhatsApp-Image-2021-08-11-at-17.44.40.jpeg","width":1280,"height":463,"caption":"SaidaPlants"},"image":{"@id":"https:\/\/saida-plants.com\/#\/schema\/logo\/image\/"},"sameAs":["https:\/\/www.instagram.com\/saidaplants\/","https:\/\/www.facebook.com\/SaidaPlants"]}]}},"_links":{"self":[{"href":"https:\/\/saida-plants.com\/ar\/wp-json\/wp\/v2\/product\/879"}],"collection":[{"href":"https:\/\/saida-plants.com\/ar\/wp-json\/wp\/v2\/product"}],"about":[{"href":"https:\/\/saida-plants.com\/ar\/wp-json\/wp\/v2\/types\/product"}],"replies":[{"embeddable":true,"href":"https:\/\/saida-plants.com\/ar\/wp-json\/wp\/v2\/comments?post=879"}],"wp:featuredmedia":[{"embeddable":true,"href":"https:\/\/saida-plants.com\/ar\/wp-json\/wp\/v2\/media\/880"}],"wp:attachment":[{"href":"https:\/\/saida-plants.com\/ar\/wp-json\/wp\/v2\/media?parent=879"}],"wp:term":[{"taxonomy":"product_cat","embeddable":true,"href":"https:\/\/saida-plants.com\/ar\/wp-json\/wp\/v2\/product_cat?post=879"},{"taxonomy":"product_tag","embeddable":true,"href":"https:\/\/saida-plants.com\/ar\/wp-json\/wp\/v2\/product_tag?post=879"}],"curies":[{"name":"wp","href":"https:\/\/api.w.org\/{rel}","templated":true}]}}