{"id":881,"date":"2021-09-10T16:15:15","date_gmt":"2021-09-10T16:15:15","guid":{"rendered":"https:\/\/saida-plants.com\/?post_type=product&#038;p=881"},"modified":"2022-09-01T23:33:11","modified_gmt":"2022-09-01T23:33:11","slug":"curcuma-frais-%d8%ae%d8%b1%d9%82%d9%88%d9%85-%d8%b7%d8%a7%d8%b2%d8%ac","status":"publish","type":"product","link":"https:\/\/saida-plants.com\/ar\/product\/curcuma-frais-%d8%ae%d8%b1%d9%82%d9%88%d9%85-%d8%b7%d8%a7%d8%b2%d8%ac\/","title":{"rendered":"Curcuma frais &#8211; (\u062e\u0631\u0642\u0648\u0645 \u0637\u0627\u0632\u062c)"},"content":{"rendered":"<h1><b>BIENFAITS\u00a0CURCUMA FRAIS 100g<\/b><\/h1>\n<ul>\n<li>Produit naturel ne comportant aucun conservateur dans sa pr\u00e9paration<\/li>\n<li>Ce sont les produits respectant les principes Vegan qui se basent principalement sur le refus de l&rsquo;exploitation animale<\/li>\n<li>Production 100% coop\u00e9rative f\u00e9minine et 100% fait \u00e0 la main<\/li>\n<\/ul>\n<p>Curcuma frais, <a href=\"https:\/\/saida-plants.com\/ar\/product-category\/super-food\/\">Puissant anti-inflammatoire<\/a>, d\u00e9toxifiant pour le foie, antioxydant ou encore antid\u00e9presseur naturel, le curcuma, gr\u00e2ce \u00e0 son principe actif la curcumine, est aujourd\u2019hui connu pour ses nombreux bienfaits. Le curcuma frais, consomm\u00e9 au format brut de la plante, offre encore plus de bienfaits, car celui-ci n&rsquo;est pas transform\u00e9<\/p>\n<h2><b>Informations de livraison<\/b><\/h2>\n<ul>\n<li>Livraison assur\u00e9e par SaidaPlants, sous 24H \u00e0 Marrakech et sous 1 \u00e0 5 jours pour les autres villes du Maroc.<\/li>\n<li>Exp\u00e9dition pour les commandes \u00e0 l\u2019international sous 1 jour ouvr\u00e9. Les d\u00e9lais de livraison sont variables selon la destination et le mode de livraison choisi.<\/li>\n<\/ul>","protected":false},"excerpt":{"rendered":"<h1 style=\"text-align: center;\"><b>BIENFAITS\u00a0CURCUMA FRAIS 100g<\/b><\/h1>\n<ul>\n<li style=\"text-align: center;\">Produit naturel ne comportant aucun conservateur dans sa pr\u00e9paration<\/li>\n<li style=\"text-align: center;\">Ce sont les produits respectant les principes Vegan qui se basent principalement sur le refus de l&rsquo;exploitation animale<\/li>\n<li style=\"text-align: center;\">Production 100% coop\u00e9rative f\u00e9minine et 100% fait \u00e0 la main<\/li>\n<\/ul>","protected":false},"featured_media":941,"comment_status":"open","ping_status":"closed","template":"","meta":[],"product_cat":[70],"product_tag":[],"class_list":["post-881","product","type-product","status-publish","has-post-thumbnail","hentry","product_cat-super-food"],"yoast_head":"<!-- This site is optimized with the Yoast SEO plugin v19.13 - https:\/\/yoast.com\/wordpress\/plugins\/seo\/ -->\n<title>Curcuma frais - (\u062e\u0631\u0642\u0648\u0645 \u0637\u0627\u0632\u062c) - SaidaPlants<\/title>\n<meta name=\"description\" content=\"Curcuma frais - Nous faisons de notre mieux pour nos clients Obtenez le produit parfait et bio 100% fabriqu\u00e9 \u00e0 partir de la nature.\" \/>\n<meta name=\"robots\" content=\"index, follow, max-snippet:-1, max-image-preview:large, max-video-preview:-1\" \/>\n<link rel=\"canonical\" href=\"https:\/\/saida-plants.com\/ar\/product\/curcuma-frais-\u062e\u0631\u0642\u0648\u0645-\u0637\u0627\u0632\u062c\/\" \/>\n<meta property=\"og:locale\" content=\"ar_AR\" \/>\n<meta property=\"og:type\" content=\"article\" \/>\n<meta property=\"og:title\" content=\"Curcuma frais - (\u062e\u0631\u0642\u0648\u0645 \u0637\u0627\u0632\u062c) - SaidaPlants\" \/>\n<meta property=\"og:description\" content=\"Curcuma frais - Nous faisons de notre mieux pour nos clients Obtenez le produit parfait et bio 100% fabriqu\u00e9 \u00e0 partir de la nature.\" \/>\n<meta property=\"og:url\" content=\"https:\/\/saida-plants.com\/ar\/product\/curcuma-frais-\u062e\u0631\u0642\u0648\u0645-\u0637\u0627\u0632\u062c\/\" \/>\n<meta property=\"og:site_name\" content=\"SaidaPlants\" \/>\n<meta property=\"article:publisher\" content=\"https:\/\/www.facebook.com\/SaidaPlants\" \/>\n<meta property=\"article:modified_time\" content=\"2022-09-01T23:33:11+00:00\" \/>\n<meta property=\"og:image\" content=\"https:\/\/saida-plants.com\/wp-content\/uploads\/2021\/09\/kgk-scaled.jpg\" \/>\n\t<meta property=\"og:image:width\" content=\"2560\" \/>\n\t<meta property=\"og:image:height\" content=\"1369\" \/>\n\t<meta property=\"og:image:type\" content=\"image\/jpeg\" \/>\n<meta name=\"twitter:card\" content=\"summary_large_image\" \/>\n<meta name=\"twitter:label1\" content=\"\u0648\u0642\u062a \u0627\u0644\u0642\u0631\u0627\u0621\u0629 \u0627\u0644\u0645\u064f\u0642\u062f\u0651\u0631\" \/>\n\t<meta name=\"twitter:data1\" content=\"\u062f\u0642\u064a\u0642\u0629 \u0648\u0627\u062d\u062f\u0629\" \/>\n<script type=\"application\/ld+json\" class=\"yoast-schema-graph\">{\"@context\":\"https:\/\/schema.org\",\"@graph\":[{\"@type\":\"WebPage\",\"@id\":\"https:\/\/saida-plants.com\/product\/curcuma-frais-%d8%ae%d8%b1%d9%82%d9%88%d9%85-%d8%b7%d8%a7%d8%b2%d8%ac\/\",\"url\":\"https:\/\/saida-plants.com\/product\/curcuma-frais-%d8%ae%d8%b1%d9%82%d9%88%d9%85-%d8%b7%d8%a7%d8%b2%d8%ac\/\",\"name\":\"Curcuma frais - (\u062e\u0631\u0642\u0648\u0645 \u0637\u0627\u0632\u062c) - SaidaPlants\",\"isPartOf\":{\"@id\":\"https:\/\/saida-plants.com\/#website\"},\"datePublished\":\"2021-09-10T16:15:15+00:00\",\"dateModified\":\"2022-09-01T23:33:11+00:00\",\"description\":\"Curcuma frais - Nous faisons de notre mieux pour nos clients Obtenez le produit parfait et bio 100% fabriqu\u00e9 \u00e0 partir de la nature.\",\"breadcrumb\":{\"@id\":\"https:\/\/saida-plants.com\/product\/curcuma-frais-%d8%ae%d8%b1%d9%82%d9%88%d9%85-%d8%b7%d8%a7%d8%b2%d8%ac\/#breadcrumb\"},\"inLanguage\":\"ar\",\"potentialAction\":[{\"@type\":\"ReadAction\",\"target\":[\"https:\/\/saida-plants.com\/product\/curcuma-frais-%d8%ae%d8%b1%d9%82%d9%88%d9%85-%d8%b7%d8%a7%d8%b2%d8%ac\/\"]}]},{\"@type\":\"BreadcrumbList\",\"@id\":\"https:\/\/saida-plants.com\/product\/curcuma-frais-%d8%ae%d8%b1%d9%82%d9%88%d9%85-%d8%b7%d8%a7%d8%b2%d8%ac\/#breadcrumb\",\"itemListElement\":[{\"@type\":\"ListItem\",\"position\":1,\"name\":\"Home\",\"item\":\"https:\/\/saida-plants.com\/\"},{\"@type\":\"ListItem\",\"position\":2,\"name\":\"Shop\",\"item\":\"https:\/\/saida-plants.com\/ar\/shop\/\"},{\"@type\":\"ListItem\",\"position\":3,\"name\":\"Curcuma frais &#8211; (\u062e\u0631\u0642\u0648\u0645 \u0637\u0627\u0632\u062c)\"}]},{\"@type\":\"WebSite\",\"@id\":\"https:\/\/saida-plants.com\/#website\",\"url\":\"https:\/\/saida-plants.com\/\",\"name\":\"SaidaPlants\",\"description\":\"1er Boutique En ligne Produit 100% Bio\",\"publisher\":{\"@id\":\"https:\/\/saida-plants.com\/#organization\"},\"potentialAction\":[{\"@type\":\"SearchAction\",\"target\":{\"@type\":\"EntryPoint\",\"urlTemplate\":\"https:\/\/saida-plants.com\/?s={search_term_string}\"},\"query-input\":\"required name=search_term_string\"}],\"inLanguage\":\"ar\"},{\"@type\":\"Organization\",\"@id\":\"https:\/\/saida-plants.com\/#organization\",\"name\":\"SaidaPlants\",\"url\":\"https:\/\/saida-plants.com\/\",\"logo\":{\"@type\":\"ImageObject\",\"inLanguage\":\"ar\",\"@id\":\"https:\/\/saida-plants.com\/#\/schema\/logo\/image\/\",\"url\":\"https:\/\/saida-plants.com\/wp-content\/uploads\/2021\/08\/WhatsApp-Image-2021-08-11-at-17.44.40.jpeg\",\"contentUrl\":\"https:\/\/saida-plants.com\/wp-content\/uploads\/2021\/08\/WhatsApp-Image-2021-08-11-at-17.44.40.jpeg\",\"width\":1280,\"height\":463,\"caption\":\"SaidaPlants\"},\"image\":{\"@id\":\"https:\/\/saida-plants.com\/#\/schema\/logo\/image\/\"},\"sameAs\":[\"https:\/\/www.instagram.com\/saidaplants\/\",\"https:\/\/www.facebook.com\/SaidaPlants\"]}]}<\/script>\n<!-- \/ Yoast SEO plugin. -->","yoast_head_json":{"title":"Curcuma frais - (\u062e\u0631\u0642\u0648\u0645 \u0637\u0627\u0632\u062c) - SaidaPlants","description":"Curcuma frais - Nous faisons de notre mieux pour nos clients Obtenez le produit parfait et bio 100% fabriqu\u00e9 \u00e0 partir de la nature.","robots":{"index":"index","follow":"follow","max-snippet":"max-snippet:-1","max-image-preview":"max-image-preview:large","max-video-preview":"max-video-preview:-1"},"canonical":"https:\/\/saida-plants.com\/ar\/product\/curcuma-frais-\u062e\u0631\u0642\u0648\u0645-\u0637\u0627\u0632\u062c\/","og_locale":"ar_AR","og_type":"article","og_title":"Curcuma frais - (\u062e\u0631\u0642\u0648\u0645 \u0637\u0627\u0632\u062c) - SaidaPlants","og_description":"Curcuma frais - Nous faisons de notre mieux pour nos clients Obtenez le produit parfait et bio 100% fabriqu\u00e9 \u00e0 partir de la nature.","og_url":"https:\/\/saida-plants.com\/ar\/product\/curcuma-frais-\u062e\u0631\u0642\u0648\u0645-\u0637\u0627\u0632\u062c\/","og_site_name":"SaidaPlants","article_publisher":"https:\/\/www.facebook.com\/SaidaPlants","article_modified_time":"2022-09-01T23:33:11+00:00","og_image":[{"width":2560,"height":1369,"url":"https:\/\/saida-plants.com\/wp-content\/uploads\/2021\/09\/kgk-scaled.jpg","type":"image\/jpeg"}],"twitter_card":"summary_large_image","twitter_misc":{"\u0648\u0642\u062a \u0627\u0644\u0642\u0631\u0627\u0621\u0629 \u0627\u0644\u0645\u064f\u0642\u062f\u0651\u0631":"\u062f\u0642\u064a\u0642\u0629 \u0648\u0627\u062d\u062f\u0629"},"schema":{"@context":"https:\/\/schema.org","@graph":[{"@type":"WebPage","@id":"https:\/\/saida-plants.com\/product\/curcuma-frais-%d8%ae%d8%b1%d9%82%d9%88%d9%85-%d8%b7%d8%a7%d8%b2%d8%ac\/","url":"https:\/\/saida-plants.com\/product\/curcuma-frais-%d8%ae%d8%b1%d9%82%d9%88%d9%85-%d8%b7%d8%a7%d8%b2%d8%ac\/","name":"Curcuma frais - (\u062e\u0631\u0642\u0648\u0645 \u0637\u0627\u0632\u062c) - SaidaPlants","isPartOf":{"@id":"https:\/\/saida-plants.com\/#website"},"datePublished":"2021-09-10T16:15:15+00:00","dateModified":"2022-09-01T23:33:11+00:00","description":"Curcuma frais - Nous faisons de notre mieux pour nos clients Obtenez le produit parfait et bio 100% fabriqu\u00e9 \u00e0 partir de la nature.","breadcrumb":{"@id":"https:\/\/saida-plants.com\/product\/curcuma-frais-%d8%ae%d8%b1%d9%82%d9%88%d9%85-%d8%b7%d8%a7%d8%b2%d8%ac\/#breadcrumb"},"inLanguage":"ar","potentialAction":[{"@type":"ReadAction","target":["https:\/\/saida-plants.com\/product\/curcuma-frais-%d8%ae%d8%b1%d9%82%d9%88%d9%85-%d8%b7%d8%a7%d8%b2%d8%ac\/"]}]},{"@type":"BreadcrumbList","@id":"https:\/\/saida-plants.com\/product\/curcuma-frais-%d8%ae%d8%b1%d9%82%d9%88%d9%85-%d8%b7%d8%a7%d8%b2%d8%ac\/#breadcrumb","itemListElement":[{"@type":"ListItem","position":1,"name":"Home","item":"https:\/\/saida-plants.com\/"},{"@type":"ListItem","position":2,"name":"Shop","item":"https:\/\/saida-plants.com\/ar\/shop\/"},{"@type":"ListItem","position":3,"name":"Curcuma frais &#8211; (\u062e\u0631\u0642\u0648\u0645 \u0637\u0627\u0632\u062c)"}]},{"@type":"WebSite","@id":"https:\/\/saida-plants.com\/#website","url":"https:\/\/saida-plants.com\/","name":"SaidaPlants","description":"1er Boutique En ligne Produit 100% Bio","publisher":{"@id":"https:\/\/saida-plants.com\/#organization"},"potentialAction":[{"@type":"SearchAction","target":{"@type":"EntryPoint","urlTemplate":"https:\/\/saida-plants.com\/?s={search_term_string}"},"query-input":"required name=search_term_string"}],"inLanguage":"ar"},{"@type":"Organization","@id":"https:\/\/saida-plants.com\/#organization","name":"SaidaPlants","url":"https:\/\/saida-plants.com\/","logo":{"@type":"ImageObject","inLanguage":"ar","@id":"https:\/\/saida-plants.com\/#\/schema\/logo\/image\/","url":"https:\/\/saida-plants.com\/wp-content\/uploads\/2021\/08\/WhatsApp-Image-2021-08-11-at-17.44.40.jpeg","contentUrl":"https:\/\/saida-plants.com\/wp-content\/uploads\/2021\/08\/WhatsApp-Image-2021-08-11-at-17.44.40.jpeg","width":1280,"height":463,"caption":"SaidaPlants"},"image":{"@id":"https:\/\/saida-plants.com\/#\/schema\/logo\/image\/"},"sameAs":["https:\/\/www.instagram.com\/saidaplants\/","https:\/\/www.facebook.com\/SaidaPlants"]}]}},"_links":{"self":[{"href":"https:\/\/saida-plants.com\/ar\/wp-json\/wp\/v2\/product\/881"}],"collection":[{"href":"https:\/\/saida-plants.com\/ar\/wp-json\/wp\/v2\/product"}],"about":[{"href":"https:\/\/saida-plants.com\/ar\/wp-json\/wp\/v2\/types\/product"}],"replies":[{"embeddable":true,"href":"https:\/\/saida-plants.com\/ar\/wp-json\/wp\/v2\/comments?post=881"}],"wp:featuredmedia":[{"embeddable":true,"href":"https:\/\/saida-plants.com\/ar\/wp-json\/wp\/v2\/media\/941"}],"wp:attachment":[{"href":"https:\/\/saida-plants.com\/ar\/wp-json\/wp\/v2\/media?parent=881"}],"wp:term":[{"taxonomy":"product_cat","embeddable":true,"href":"https:\/\/saida-plants.com\/ar\/wp-json\/wp\/v2\/product_cat?post=881"},{"taxonomy":"product_tag","embeddable":true,"href":"https:\/\/saida-plants.com\/ar\/wp-json\/wp\/v2\/product_tag?post=881"}],"curies":[{"name":"wp","href":"https:\/\/api.w.org\/{rel}","templated":true}]}}