{"id":882,"date":"2021-08-20T01:00:54","date_gmt":"2021-08-20T01:00:54","guid":{"rendered":"https:\/\/saida-plants.com\/?post_type=product&#038;p=882"},"modified":"2021-08-20T01:00:54","modified_gmt":"2021-08-20T01:00:54","slug":"sel-de-lhimalaya-rose-fin-%d9%85%d9%84%d8%ad-%d8%a7%d9%84%d9%87%d9%85%d9%84%d8%a7%d9%8a%d8%a7-%d8%b1%d9%82%d9%8a%d9%82","status":"publish","type":"product","link":"https:\/\/saida-plants.com\/ar\/product\/sel-de-lhimalaya-rose-fin-%d9%85%d9%84%d8%ad-%d8%a7%d9%84%d9%87%d9%85%d9%84%d8%a7%d9%8a%d8%a7-%d8%b1%d9%82%d9%8a%d9%82\/","title":{"rendered":"Sel de l&rsquo;himalaya Rose Fin &#8211; (\u0645\u0644\u062d \u0627\u0644\u0647\u0645\u0644\u0627\u064a\u0627 \u0631\u0642\u064a\u0642 )"},"content":{"rendered":"<h1><b>BIENFAITS\u00a0SEL DE L&rsquo; HIMALAYA ROSE FIN 500g<\/b><\/h1>\n<ul>\n<li>Produit naturel ne comportant aucun conservateur dans sa pr\u00e9paration<\/li>\n<li>Ce sont les produits respectant les principes Vegan qui se basent principalement sur le refus de l&rsquo;exploitation animale<\/li>\n<\/ul>\n<p>Le sel de l&rsquo;Himalaya est consid\u00e9r\u00e9 comme l&rsquo;un des meilleurs sels au monde car il n&rsquo;a pas de traitement et ne contient aucun additif, il est donc extr\u00eamement pur et naturel.<\/p>\n<p>Les\u00a0 diff\u00e9rentes mines sont exploit\u00e9es de mani\u00e8re traditionnelle depuis plus de 2 000 ans.<\/p>\n<p>Le sel rose de l&rsquo;Himalaya est \u00e9galement r\u00e9put\u00e9 pour ses riches min\u00e9raux (fer, potassium, magn\u00e9sium, etc.) et ses oligo-\u00e9l\u00e9ments. Contrairement au sel de cuisine, il ne contient pas d&rsquo;iode, il est tr\u00e8s appr\u00e9ci\u00e9 en cuisine et est bon pour notre sant\u00e9 et notre beaut\u00e9.<\/p>\n<h2><strong>Le sel naturel de l&rsquo;Himalaya est riche en sels min\u00e9raux et oligo-\u00e9l\u00e9ments:<\/strong><\/h2>\n<ul>\n<li><b>Sulfates\u00a0<\/b>(9000 mg\/kg)<\/li>\n<li><b>Potassium<\/b>\u00a0(2100 mg\/kg)<\/li>\n<li><b>Magn\u00e9sium<\/b>\u00a0 (1000 mg\/kg),<\/li>\n<li><b>Calcium<\/b>\u00a0(1800 mg\/kg),<\/li>\n<li><b>Silicium<\/b>\u00a0(100 mg\/kg)<\/li>\n<li><b>Zinc\u00a0<\/b>(2.5 mg\/kg)<\/li>\n<li><b>Mangan\u00e8se<\/b>\u00a0(1.5 mg\/kg)<\/li>\n<li><b>Phosphore\u00a0<\/b>(1 mg\/kg)<\/li>\n<li><b>Fer\u00a0<\/b>(30 mg\/kg)<\/li>\n<li><b>S\u00e9l\u00e9nium\u00a0<\/b>(0.25 mg\/kg)<\/li>\n<\/ul>\n<h3><b>BIENFAITS DU\u00a0SEL DE L&rsquo; HIMALAYA ROSE FIN<\/b><\/h3>\n<ul>\n<li>R\u00e9siste et \u00e9limine les toxines nocives dans le corps(Sel de bain)<\/li>\n<li>Permet de r\u00e9tablir l\u2019\u00e9quilibre acido-basique<\/li>\n<li>Am\u00e9liore le sommeil et la libido<\/li>\n<li>Le sel rose de l\u2019Himalaya consid\u00e9r\u00e9 comme un puissant d\u00e9toxiquant<\/li>\n<li>Il permet \u00e9galement d&rsquo;augmenter l\u2019hydratation<\/li>\n<li>Aide \u00e0 la r\u00e9tention d\u2019eau<\/li>\n<li>R\u00e9g\u00e9n\u00e9rant<\/li>\n<li>Renforce les os<\/li>\n<\/ul>\n<h3><b>UTILISATIONS<\/b><\/h3>\n<p>S&rsquo;utilise en tant qu&rsquo;ingr\u00e9dient pour r\u00e9aliser recettes suivantes :<\/p>\n<ul>\n<li>\u00a0viandes r\u00f4ties,soupes,p\u00e2tes,etc.<\/li>\n<\/ul>\n<h3><b>CONSERVATION<\/b><\/h3>\n<p>il est conseill\u00e9 de le conserver dans un sachet d&rsquo;origine et le mettre dans un endroit sec.Il il n&rsquo;est pas recommand\u00e9 pour les salles de bain.<\/p>\n<p>Apr\u00e9s l&rsquo;utilisation du sachet refermez le.<\/p>\n<h3><b>Informations de livraison<\/b><\/h3>\n<ul>\n<li>Livraison assur\u00e9e par <a href=\"https:\/\/saida-plants.com\/ar\/shop\/\">SaidaPlants<\/a>, sous 24H \u00e0 Marrakech et sous 1 \u00e0 5 jours pour les autres villes du Maroc.<\/li>\n<li>Exp\u00e9dition pour les commandes \u00e0 l\u2019international sous 1 jour ouvr\u00e9. Les d\u00e9lais de livraison sont variables selon la destination et le mode de livraison choisi.<\/li>\n<\/ul>","protected":false},"excerpt":{"rendered":"<h1 style=\"text-align: center;\"><b>BIENFAITS\u00a0SEL DE L&rsquo; HIMALAYA ROSE FIN 500g<\/b><\/h1>\n<ul style=\"text-align: center;\">\n<li>Produit naturel ne comportant aucun conservateur dans sa pr\u00e9paration<\/li>\n<li>Ce sont les produits respectant les principes Vegan qui se basent principalement sur le refus de l&rsquo;exploitation animale<\/li>\n<\/ul>\n<p style=\"text-align: center;\">Le sel de l&rsquo;Himalaya est consid\u00e9r\u00e9 comme l&rsquo;un des meilleurs sels au monde car il n&rsquo;a pas de traitement et ne contient aucun additif, il est donc extr\u00eamement pur et naturel.<\/p>\n<p style=\"text-align: center;\">Les\u00a0 diff\u00e9rentes mines sont exploit\u00e9es de mani\u00e8re traditionnelle depuis plus de 2 000 ans.<\/p>\n<p style=\"text-align: center;\">Le sel rose de l&rsquo;Himalaya est \u00e9galement r\u00e9put\u00e9 pour ses riches min\u00e9raux (fer, potassium, magn\u00e9sium, etc.) et ses oligo-\u00e9l\u00e9ments. Contrairement au sel de cuisine, il ne contient pas d&rsquo;iode, il est tr\u00e8s appr\u00e9ci\u00e9 en cuisine et est bon pour notre sant\u00e9 et notre beaut\u00e9.<\/p>","protected":false},"featured_media":884,"comment_status":"open","ping_status":"closed","template":"","meta":[],"product_cat":[70],"product_tag":[],"class_list":["post-882","product","type-product","status-publish","has-post-thumbnail","hentry","product_cat-super-food"],"yoast_head":"<!-- This site is optimized with the Yoast SEO plugin v19.13 - https:\/\/yoast.com\/wordpress\/plugins\/seo\/ -->\n<title>Sel de l&#039;himalaya Rose Fin - (\u0645\u0644\u062d \u0627\u0644\u0647\u0645\u0644\u0627\u064a\u0627 \u0631\u0642\u064a\u0642 ) - SaidaPlants<\/title>\n<meta name=\"description\" content=\"sel de l&#039; himalaya rose fin - Nous faisons de notre mieux pour nos clients Obtenez le produit parfait et bio 100% fabriqu\u00e9 \u00e0 partir de la nature.\" \/>\n<meta name=\"robots\" content=\"index, follow, max-snippet:-1, max-image-preview:large, max-video-preview:-1\" \/>\n<link rel=\"canonical\" href=\"https:\/\/saida-plants.com\/ar\/product\/sel-de-lhimalaya-rose-fin-\u0645\u0644\u062d-\u0627\u0644\u0647\u0645\u0644\u0627\u064a\u0627-\u0631\u0642\u064a\u0642\/\" \/>\n<meta property=\"og:locale\" content=\"ar_AR\" \/>\n<meta property=\"og:type\" content=\"article\" \/>\n<meta property=\"og:title\" content=\"Sel de l&#039;himalaya Rose Fin - (\u0645\u0644\u062d \u0627\u0644\u0647\u0645\u0644\u0627\u064a\u0627 \u0631\u0642\u064a\u0642 ) - SaidaPlants\" \/>\n<meta property=\"og:description\" content=\"sel de l&#039; himalaya rose fin - Nous faisons de notre mieux pour nos clients Obtenez le produit parfait et bio 100% fabriqu\u00e9 \u00e0 partir de la nature.\" \/>\n<meta property=\"og:url\" content=\"https:\/\/saida-plants.com\/ar\/product\/sel-de-lhimalaya-rose-fin-\u0645\u0644\u062d-\u0627\u0644\u0647\u0645\u0644\u0627\u064a\u0627-\u0631\u0642\u064a\u0642\/\" \/>\n<meta property=\"og:site_name\" content=\"SaidaPlants\" \/>\n<meta property=\"article:publisher\" content=\"https:\/\/www.facebook.com\/SaidaPlants\" \/>\n<meta property=\"og:image\" content=\"https:\/\/saida-plants.com\/wp-content\/uploads\/2021\/08\/3-copy-1200x800.png\" \/>\n\t<meta property=\"og:image:width\" content=\"1200\" \/>\n\t<meta property=\"og:image:height\" content=\"800\" \/>\n\t<meta property=\"og:image:type\" content=\"image\/png\" \/>\n<meta name=\"twitter:card\" content=\"summary_large_image\" \/>\n<meta name=\"twitter:label1\" content=\"\u0648\u0642\u062a \u0627\u0644\u0642\u0631\u0627\u0621\u0629 \u0627\u0644\u0645\u064f\u0642\u062f\u0651\u0631\" \/>\n\t<meta name=\"twitter:data1\" content=\"\u062f\u0642\u064a\u0642\u062a\u0627\u0646\" \/>\n<script type=\"application\/ld+json\" class=\"yoast-schema-graph\">{\"@context\":\"https:\/\/schema.org\",\"@graph\":[{\"@type\":\"WebPage\",\"@id\":\"https:\/\/saida-plants.com\/product\/sel-de-lhimalaya-rose-fin-%d9%85%d9%84%d8%ad-%d8%a7%d9%84%d9%87%d9%85%d9%84%d8%a7%d9%8a%d8%a7-%d8%b1%d9%82%d9%8a%d9%82\/\",\"url\":\"https:\/\/saida-plants.com\/product\/sel-de-lhimalaya-rose-fin-%d9%85%d9%84%d8%ad-%d8%a7%d9%84%d9%87%d9%85%d9%84%d8%a7%d9%8a%d8%a7-%d8%b1%d9%82%d9%8a%d9%82\/\",\"name\":\"Sel de l'himalaya Rose Fin - (\u0645\u0644\u062d \u0627\u0644\u0647\u0645\u0644\u0627\u064a\u0627 \u0631\u0642\u064a\u0642 ) - SaidaPlants\",\"isPartOf\":{\"@id\":\"https:\/\/saida-plants.com\/#website\"},\"datePublished\":\"2021-08-20T01:00:54+00:00\",\"dateModified\":\"2021-08-20T01:00:54+00:00\",\"description\":\"sel de l' himalaya rose fin - Nous faisons de notre mieux pour nos clients Obtenez le produit parfait et bio 100% fabriqu\u00e9 \u00e0 partir de la nature.\",\"breadcrumb\":{\"@id\":\"https:\/\/saida-plants.com\/product\/sel-de-lhimalaya-rose-fin-%d9%85%d9%84%d8%ad-%d8%a7%d9%84%d9%87%d9%85%d9%84%d8%a7%d9%8a%d8%a7-%d8%b1%d9%82%d9%8a%d9%82\/#breadcrumb\"},\"inLanguage\":\"ar\",\"potentialAction\":[{\"@type\":\"ReadAction\",\"target\":[\"https:\/\/saida-plants.com\/product\/sel-de-lhimalaya-rose-fin-%d9%85%d9%84%d8%ad-%d8%a7%d9%84%d9%87%d9%85%d9%84%d8%a7%d9%8a%d8%a7-%d8%b1%d9%82%d9%8a%d9%82\/\"]}]},{\"@type\":\"BreadcrumbList\",\"@id\":\"https:\/\/saida-plants.com\/product\/sel-de-lhimalaya-rose-fin-%d9%85%d9%84%d8%ad-%d8%a7%d9%84%d9%87%d9%85%d9%84%d8%a7%d9%8a%d8%a7-%d8%b1%d9%82%d9%8a%d9%82\/#breadcrumb\",\"itemListElement\":[{\"@type\":\"ListItem\",\"position\":1,\"name\":\"Home\",\"item\":\"https:\/\/saida-plants.com\/\"},{\"@type\":\"ListItem\",\"position\":2,\"name\":\"Shop\",\"item\":\"https:\/\/saida-plants.com\/ar\/shop\/\"},{\"@type\":\"ListItem\",\"position\":3,\"name\":\"Sel de l&#8217;himalaya Rose Fin &#8211; (\u0645\u0644\u062d \u0627\u0644\u0647\u0645\u0644\u0627\u064a\u0627 \u0631\u0642\u064a\u0642 )\"}]},{\"@type\":\"WebSite\",\"@id\":\"https:\/\/saida-plants.com\/#website\",\"url\":\"https:\/\/saida-plants.com\/\",\"name\":\"SaidaPlants\",\"description\":\"1er Boutique En ligne Produit 100% Bio\",\"publisher\":{\"@id\":\"https:\/\/saida-plants.com\/#organization\"},\"potentialAction\":[{\"@type\":\"SearchAction\",\"target\":{\"@type\":\"EntryPoint\",\"urlTemplate\":\"https:\/\/saida-plants.com\/?s={search_term_string}\"},\"query-input\":\"required name=search_term_string\"}],\"inLanguage\":\"ar\"},{\"@type\":\"Organization\",\"@id\":\"https:\/\/saida-plants.com\/#organization\",\"name\":\"SaidaPlants\",\"url\":\"https:\/\/saida-plants.com\/\",\"logo\":{\"@type\":\"ImageObject\",\"inLanguage\":\"ar\",\"@id\":\"https:\/\/saida-plants.com\/#\/schema\/logo\/image\/\",\"url\":\"https:\/\/saida-plants.com\/wp-content\/uploads\/2021\/08\/WhatsApp-Image-2021-08-11-at-17.44.40.jpeg\",\"contentUrl\":\"https:\/\/saida-plants.com\/wp-content\/uploads\/2021\/08\/WhatsApp-Image-2021-08-11-at-17.44.40.jpeg\",\"width\":1280,\"height\":463,\"caption\":\"SaidaPlants\"},\"image\":{\"@id\":\"https:\/\/saida-plants.com\/#\/schema\/logo\/image\/\"},\"sameAs\":[\"https:\/\/www.instagram.com\/saidaplants\/\",\"https:\/\/www.facebook.com\/SaidaPlants\"]}]}<\/script>\n<!-- \/ Yoast SEO plugin. -->","yoast_head_json":{"title":"Sel de l'himalaya Rose Fin - (\u0645\u0644\u062d \u0627\u0644\u0647\u0645\u0644\u0627\u064a\u0627 \u0631\u0642\u064a\u0642 ) - SaidaPlants","description":"sel de l' himalaya rose fin - Nous faisons de notre mieux pour nos clients Obtenez le produit parfait et bio 100% fabriqu\u00e9 \u00e0 partir de la nature.","robots":{"index":"index","follow":"follow","max-snippet":"max-snippet:-1","max-image-preview":"max-image-preview:large","max-video-preview":"max-video-preview:-1"},"canonical":"https:\/\/saida-plants.com\/ar\/product\/sel-de-lhimalaya-rose-fin-\u0645\u0644\u062d-\u0627\u0644\u0647\u0645\u0644\u0627\u064a\u0627-\u0631\u0642\u064a\u0642\/","og_locale":"ar_AR","og_type":"article","og_title":"Sel de l'himalaya Rose Fin - (\u0645\u0644\u062d \u0627\u0644\u0647\u0645\u0644\u0627\u064a\u0627 \u0631\u0642\u064a\u0642 ) - SaidaPlants","og_description":"sel de l' himalaya rose fin - Nous faisons de notre mieux pour nos clients Obtenez le produit parfait et bio 100% fabriqu\u00e9 \u00e0 partir de la nature.","og_url":"https:\/\/saida-plants.com\/ar\/product\/sel-de-lhimalaya-rose-fin-\u0645\u0644\u062d-\u0627\u0644\u0647\u0645\u0644\u0627\u064a\u0627-\u0631\u0642\u064a\u0642\/","og_site_name":"SaidaPlants","article_publisher":"https:\/\/www.facebook.com\/SaidaPlants","og_image":[{"width":1200,"height":800,"url":"https:\/\/saida-plants.com\/wp-content\/uploads\/2021\/08\/3-copy-1200x800.png","type":"image\/png"}],"twitter_card":"summary_large_image","twitter_misc":{"\u0648\u0642\u062a \u0627\u0644\u0642\u0631\u0627\u0621\u0629 \u0627\u0644\u0645\u064f\u0642\u062f\u0651\u0631":"\u062f\u0642\u064a\u0642\u062a\u0627\u0646"},"schema":{"@context":"https:\/\/schema.org","@graph":[{"@type":"WebPage","@id":"https:\/\/saida-plants.com\/product\/sel-de-lhimalaya-rose-fin-%d9%85%d9%84%d8%ad-%d8%a7%d9%84%d9%87%d9%85%d9%84%d8%a7%d9%8a%d8%a7-%d8%b1%d9%82%d9%8a%d9%82\/","url":"https:\/\/saida-plants.com\/product\/sel-de-lhimalaya-rose-fin-%d9%85%d9%84%d8%ad-%d8%a7%d9%84%d9%87%d9%85%d9%84%d8%a7%d9%8a%d8%a7-%d8%b1%d9%82%d9%8a%d9%82\/","name":"Sel de l'himalaya Rose Fin - (\u0645\u0644\u062d \u0627\u0644\u0647\u0645\u0644\u0627\u064a\u0627 \u0631\u0642\u064a\u0642 ) - SaidaPlants","isPartOf":{"@id":"https:\/\/saida-plants.com\/#website"},"datePublished":"2021-08-20T01:00:54+00:00","dateModified":"2021-08-20T01:00:54+00:00","description":"sel de l' himalaya rose fin - Nous faisons de notre mieux pour nos clients Obtenez le produit parfait et bio 100% fabriqu\u00e9 \u00e0 partir de la nature.","breadcrumb":{"@id":"https:\/\/saida-plants.com\/product\/sel-de-lhimalaya-rose-fin-%d9%85%d9%84%d8%ad-%d8%a7%d9%84%d9%87%d9%85%d9%84%d8%a7%d9%8a%d8%a7-%d8%b1%d9%82%d9%8a%d9%82\/#breadcrumb"},"inLanguage":"ar","potentialAction":[{"@type":"ReadAction","target":["https:\/\/saida-plants.com\/product\/sel-de-lhimalaya-rose-fin-%d9%85%d9%84%d8%ad-%d8%a7%d9%84%d9%87%d9%85%d9%84%d8%a7%d9%8a%d8%a7-%d8%b1%d9%82%d9%8a%d9%82\/"]}]},{"@type":"BreadcrumbList","@id":"https:\/\/saida-plants.com\/product\/sel-de-lhimalaya-rose-fin-%d9%85%d9%84%d8%ad-%d8%a7%d9%84%d9%87%d9%85%d9%84%d8%a7%d9%8a%d8%a7-%d8%b1%d9%82%d9%8a%d9%82\/#breadcrumb","itemListElement":[{"@type":"ListItem","position":1,"name":"Home","item":"https:\/\/saida-plants.com\/"},{"@type":"ListItem","position":2,"name":"Shop","item":"https:\/\/saida-plants.com\/ar\/shop\/"},{"@type":"ListItem","position":3,"name":"Sel de l&#8217;himalaya Rose Fin &#8211; (\u0645\u0644\u062d \u0627\u0644\u0647\u0645\u0644\u0627\u064a\u0627 \u0631\u0642\u064a\u0642 )"}]},{"@type":"WebSite","@id":"https:\/\/saida-plants.com\/#website","url":"https:\/\/saida-plants.com\/","name":"SaidaPlants","description":"1er Boutique En ligne Produit 100% Bio","publisher":{"@id":"https:\/\/saida-plants.com\/#organization"},"potentialAction":[{"@type":"SearchAction","target":{"@type":"EntryPoint","urlTemplate":"https:\/\/saida-plants.com\/?s={search_term_string}"},"query-input":"required name=search_term_string"}],"inLanguage":"ar"},{"@type":"Organization","@id":"https:\/\/saida-plants.com\/#organization","name":"SaidaPlants","url":"https:\/\/saida-plants.com\/","logo":{"@type":"ImageObject","inLanguage":"ar","@id":"https:\/\/saida-plants.com\/#\/schema\/logo\/image\/","url":"https:\/\/saida-plants.com\/wp-content\/uploads\/2021\/08\/WhatsApp-Image-2021-08-11-at-17.44.40.jpeg","contentUrl":"https:\/\/saida-plants.com\/wp-content\/uploads\/2021\/08\/WhatsApp-Image-2021-08-11-at-17.44.40.jpeg","width":1280,"height":463,"caption":"SaidaPlants"},"image":{"@id":"https:\/\/saida-plants.com\/#\/schema\/logo\/image\/"},"sameAs":["https:\/\/www.instagram.com\/saidaplants\/","https:\/\/www.facebook.com\/SaidaPlants"]}]}},"_links":{"self":[{"href":"https:\/\/saida-plants.com\/ar\/wp-json\/wp\/v2\/product\/882"}],"collection":[{"href":"https:\/\/saida-plants.com\/ar\/wp-json\/wp\/v2\/product"}],"about":[{"href":"https:\/\/saida-plants.com\/ar\/wp-json\/wp\/v2\/types\/product"}],"replies":[{"embeddable":true,"href":"https:\/\/saida-plants.com\/ar\/wp-json\/wp\/v2\/comments?post=882"}],"wp:featuredmedia":[{"embeddable":true,"href":"https:\/\/saida-plants.com\/ar\/wp-json\/wp\/v2\/media\/884"}],"wp:attachment":[{"href":"https:\/\/saida-plants.com\/ar\/wp-json\/wp\/v2\/media?parent=882"}],"wp:term":[{"taxonomy":"product_cat","embeddable":true,"href":"https:\/\/saida-plants.com\/ar\/wp-json\/wp\/v2\/product_cat?post=882"},{"taxonomy":"product_tag","embeddable":true,"href":"https:\/\/saida-plants.com\/ar\/wp-json\/wp\/v2\/product_tag?post=882"}],"curies":[{"name":"wp","href":"https:\/\/api.w.org\/{rel}","templated":true}]}}