{"id":885,"date":"2021-09-10T16:16:08","date_gmt":"2021-09-10T16:16:08","guid":{"rendered":"https:\/\/saida-plants.com\/?post_type=product&#038;p=885"},"modified":"2021-09-10T16:16:08","modified_gmt":"2021-09-10T16:16:08","slug":"la-poudre-de-maca-100-bio-%d9%85%d8%a7%d9%83%d8%a7","status":"publish","type":"product","link":"https:\/\/saida-plants.com\/ar\/product\/la-poudre-de-maca-100-bio-%d9%85%d8%a7%d9%83%d8%a7\/","title":{"rendered":"La poudre de Maca 100% Bio &#8211; (\u0645\u0627\u0643\u0627)"},"content":{"rendered":"<h1><b>BIENFAITS\u00a0LA POUDRE DE MACA 100g<\/b><\/h1>\n<ul>\n<li>Produit naturel ne comportant aucun conservateur dans sa pr\u00e9paration<\/li>\n<li>Ce sont les produits respectant les principes Vegan qui se basent principalement sur le refus de l&rsquo;exploitation animale<\/li>\n<\/ul>\n<p>La poudre de maca est un super aliment avec des ingr\u00e9dients riches.<\/p>\n<p>En effet, les Andes \u00e9tant riches en min\u00e9raux(notamment cuivre et iode).En plus,le sol contient plus de 15 min\u00e9raux et oligo-\u00e9l\u00e9ments,\u00e0 savoir:<\/p>\n<ul>\n<li><a href=\"https:\/\/www.doctissimo.fr\/html\/nutrition\/vitamines_mineraux\/calcium.htm\">Calcium<\/a><\/li>\n<li><a href=\"https:\/\/www.passeportsante.net\/fr\/Solutions\/PlantesSupplements\/Fiche.aspx?doc=fer_ps\">Fer<\/a><\/li>\n<li><a href=\"https:\/\/www.topsante.com\/nutrition-et-recettes\/les-mineraux-et-oligo-elements\/potassium#:~:text=Une%20fois%20associ%C3%A9%20avec%20le,cependant%20sur%20tous%20les%20muscles.\">Potassium<\/a><\/li>\n<li>\u00a0<a href=\"https:\/\/www.doctissimo.fr\/html\/nutrition\/vitamines_mineraux\/zinc.htm\">Zinc <\/a>et le mangan\u00e8se<\/li>\n<\/ul>\n<h2><b>QU\u2019EST-CE QUE LA <a href=\"https:\/\/saida-plants.com\/ar\/product\/curcuma-frais-100g-%d8%ae%d8%b1%d9%82%d9%88%d9%85-%d8%b7%d8%a7%d8%b2%d8%ac\/\">POUDRE<\/a> DE MACA ?<\/b><\/h2>\n<p>Le nom scientifique de la Maca est Lepidium Meyenii, qui signifie petite \u00e9corce, une plante de la famille des Brassicac\u00e9es qui ne pousse que dans les andes p\u00e9ruviennes \u00e0 une altitude de 3 500 m\u00e8tres.<\/p>\n<h3><b>\u00a0LES PRINCIPALES VERTUS ET BIENFAITS DE LA POUDRE DE MACA<\/b><\/h3>\n<ul>\n<li>Permet de favoriser\u00a0le d\u00e9sir sexuel et la libido<\/li>\n<li>Promouvoir de meilleures performances physiques et mentales<\/li>\n<li>Contribue \u00e0 optimiser l&rsquo;endurance et la sant\u00e9 mentale<\/li>\n<li>Elle aide \u00e9galement am\u00e9liorer la r\u00e9cup\u00e9ration chez les sportifs et les femmes enceintes<\/li>\n<li>Poss\u00e9de des propri\u00e9t\u00e9s galactog\u00e8nes propices \u00e0 l\u2019allaitement<\/li>\n<li>Contribue \u00e0 am\u00e9liorer la vitalit\u00e9 des personnes \u00e2g\u00e9es<\/li>\n<li>Am\u00e9liore l\u2019activit\u00e9 sexuelle<\/li>\n<li>Permet de\u00a0 maintenir l\u2019\u00e9quilibre mental<\/li>\n<li>Aide \u00e0 r\u00e9sister toutes les formes de stress<\/li>\n<\/ul>\n<h3><b>COMPOSITION NUTRITIONNELLE<\/b><\/h3>\n<ul>\n<li><b>Prot\u00e9ines<\/b> : poss\u00e9de de 19 Acides amin\u00e9s<\/li>\n<li><b>Vitamines<\/b> : poss\u00e9de de multiples vitamines comme vitamine A, B1, B2, B3, C<\/li>\n<li><b>Min\u00e9raux et oligo-\u00e9l\u00e9ments<\/b> : elle est riche en fer, magn\u00e9sium, zinc, cuivre, calcium,etc.<\/li>\n<li><b>Fibres<\/b><\/li>\n<li><a href=\"https:\/\/www.passeportsante.net\/fr\/Solutions\/DocumentsReference\/Document.aspx?doc=indice_tac_nu\"><b>Antioxydants<\/b> <\/a>: Flavono\u00efdes, Isothiocyanates<\/li>\n<\/ul>\n<h3><b>UTILISATION<\/b><\/h3>\n<p>Avec son\u00a0go\u00fbt l\u00e9ger entre le caramel et la noisette, elle est donc tr\u00e8s facile \u00e0 utiliser. Ele est recommand\u00e9e de le diluer dans des boissons: un verre d&rsquo;eau, des smoothies, du jus,etc..<\/p>\n<p>Les nutritionnistes conseillent g\u00e9n\u00e9ralement la cure suivante : 2 \u00e0 3 g de maca (soit environ 3 cuill\u00e8res \u00e0 caf\u00e9 rases) par jour, r\u00e9parties en 3 prises (matin, midi et soir), cure de 2 mois minimum, avec une semaine de pause \u00e0 la fin du premier mois.<\/p>\n<h3><b>Informations de livraison<\/b><\/h3>\n<ul>\n<li>Livraison assur\u00e9e par SaidaPlants, sous 24H \u00e0 Marrakech et sous 1 \u00e0 5 jours pour les autres villes du Maroc.<\/li>\n<li>Exp\u00e9dition pour les commandes \u00e0 l\u2019international sous 1 jour ouvr\u00e9. Les d\u00e9lais de livraison sont variables selon la destination et le mode de livraison choisi.<\/li>\n<\/ul>","protected":false},"excerpt":{"rendered":"<h1 style=\"text-align: center;\"><b>BIENFAITS\u00a0LA POUDRE DE MACA 100g<\/b><\/h1>\n<ul style=\"text-align: center;\">\n<li>Produit naturel ne comportant aucun conservateur dans sa pr\u00e9paration<\/li>\n<li>Ce sont les produits respectant les principes Vegan qui se basent principalement sur le refus de l&rsquo;exploitation animale<\/li>\n<\/ul>\n<p style=\"text-align: center;\">La poudre de maca est un super aliment avec des ingr\u00e9dients riches.<\/p>\n<p style=\"text-align: center;\">En effet, les Andes \u00e9tant riches en min\u00e9raux(notamment cuivre et iode).En plus,le sol contient plus de 15 min\u00e9raux et oligo-\u00e9l\u00e9ments,\u00e0 savoir:<\/p>\n<ul>\n<li style=\"text-align: center;\"><a href=\"https:\/\/www.doctissimo.fr\/html\/nutrition\/vitamines_mineraux\/calcium.htm\">Calcium<\/a><\/li>\n<li style=\"text-align: center;\"><a href=\"https:\/\/www.passeportsante.net\/fr\/Solutions\/PlantesSupplements\/Fiche.aspx?doc=fer_ps\">Fer<\/a><\/li>\n<li style=\"text-align: center;\"><a href=\"https:\/\/www.topsante.com\/nutrition-et-recettes\/les-mineraux-et-oligo-elements\/potassium#:~:text=Une%20fois%20associ%C3%A9%20avec%20le,cependant%20sur%20tous%20les%20muscles.\">Potassium<\/a><\/li>\n<li style=\"text-align: center;\">\u00a0<a href=\"https:\/\/www.doctissimo.fr\/html\/nutrition\/vitamines_mineraux\/zinc.htm\">Zinc <\/a>et le mangan\u00e8se<\/li>\n<\/ul>","protected":false},"featured_media":942,"comment_status":"open","ping_status":"closed","template":"","meta":[],"product_cat":[70],"product_tag":[],"class_list":["post-885","product","type-product","status-publish","has-post-thumbnail","hentry","product_cat-super-food"],"yoast_head":"<!-- This site is optimized with the Yoast SEO plugin v19.13 - https:\/\/yoast.com\/wordpress\/plugins\/seo\/ -->\n<title>La poudre de Maca 100% Bio - (\u0645\u0627\u0643\u0627) - SaidaPlants<\/title>\n<meta name=\"description\" content=\"La poudre de Maca - Nous faisons de notre mieux pour nos clients Obtenez le produit parfait et bio 100% fabriqu\u00e9 \u00e0 partir de la nature.\" \/>\n<meta name=\"robots\" content=\"index, follow, max-snippet:-1, max-image-preview:large, max-video-preview:-1\" \/>\n<link rel=\"canonical\" href=\"https:\/\/saida-plants.com\/ar\/product\/la-poudre-de-maca-100-bio-\u0645\u0627\u0643\u0627\/\" \/>\n<meta property=\"og:locale\" content=\"ar_AR\" \/>\n<meta property=\"og:type\" content=\"article\" \/>\n<meta property=\"og:title\" content=\"La poudre de Maca 100% Bio - (\u0645\u0627\u0643\u0627) - SaidaPlants\" \/>\n<meta property=\"og:description\" content=\"La poudre de Maca - Nous faisons de notre mieux pour nos clients Obtenez le produit parfait et bio 100% fabriqu\u00e9 \u00e0 partir de la nature.\" \/>\n<meta property=\"og:url\" content=\"https:\/\/saida-plants.com\/ar\/product\/la-poudre-de-maca-100-bio-\u0645\u0627\u0643\u0627\/\" \/>\n<meta property=\"og:site_name\" content=\"SaidaPlants\" \/>\n<meta property=\"article:publisher\" content=\"https:\/\/www.facebook.com\/SaidaPlants\" \/>\n<meta property=\"og:image\" content=\"https:\/\/saida-plants.com\/wp-content\/uploads\/2021\/09\/khkhh.jpg\" \/>\n\t<meta property=\"og:image:width\" content=\"600\" \/>\n\t<meta property=\"og:image:height\" content=\"800\" \/>\n\t<meta property=\"og:image:type\" content=\"image\/jpeg\" \/>\n<meta name=\"twitter:card\" content=\"summary_large_image\" \/>\n<meta name=\"twitter:label1\" content=\"\u0648\u0642\u062a \u0627\u0644\u0642\u0631\u0627\u0621\u0629 \u0627\u0644\u0645\u064f\u0642\u062f\u0651\u0631\" \/>\n\t<meta name=\"twitter:data1\" content=\"\u062f\u0642\u064a\u0642\u062a\u0627\u0646\" \/>\n<script type=\"application\/ld+json\" class=\"yoast-schema-graph\">{\"@context\":\"https:\/\/schema.org\",\"@graph\":[{\"@type\":\"WebPage\",\"@id\":\"https:\/\/saida-plants.com\/product\/la-poudre-de-maca-100-bio-%d9%85%d8%a7%d9%83%d8%a7\/\",\"url\":\"https:\/\/saida-plants.com\/product\/la-poudre-de-maca-100-bio-%d9%85%d8%a7%d9%83%d8%a7\/\",\"name\":\"La poudre de Maca 100% Bio - (\u0645\u0627\u0643\u0627) - SaidaPlants\",\"isPartOf\":{\"@id\":\"https:\/\/saida-plants.com\/#website\"},\"datePublished\":\"2021-09-10T16:16:08+00:00\",\"dateModified\":\"2021-09-10T16:16:08+00:00\",\"description\":\"La poudre de Maca - Nous faisons de notre mieux pour nos clients Obtenez le produit parfait et bio 100% fabriqu\u00e9 \u00e0 partir de la nature.\",\"breadcrumb\":{\"@id\":\"https:\/\/saida-plants.com\/product\/la-poudre-de-maca-100-bio-%d9%85%d8%a7%d9%83%d8%a7\/#breadcrumb\"},\"inLanguage\":\"ar\",\"potentialAction\":[{\"@type\":\"ReadAction\",\"target\":[\"https:\/\/saida-plants.com\/product\/la-poudre-de-maca-100-bio-%d9%85%d8%a7%d9%83%d8%a7\/\"]}]},{\"@type\":\"BreadcrumbList\",\"@id\":\"https:\/\/saida-plants.com\/product\/la-poudre-de-maca-100-bio-%d9%85%d8%a7%d9%83%d8%a7\/#breadcrumb\",\"itemListElement\":[{\"@type\":\"ListItem\",\"position\":1,\"name\":\"Home\",\"item\":\"https:\/\/saida-plants.com\/\"},{\"@type\":\"ListItem\",\"position\":2,\"name\":\"Shop\",\"item\":\"https:\/\/saida-plants.com\/ar\/shop\/\"},{\"@type\":\"ListItem\",\"position\":3,\"name\":\"La poudre de Maca 100% Bio &#8211; (\u0645\u0627\u0643\u0627)\"}]},{\"@type\":\"WebSite\",\"@id\":\"https:\/\/saida-plants.com\/#website\",\"url\":\"https:\/\/saida-plants.com\/\",\"name\":\"SaidaPlants\",\"description\":\"1er Boutique En ligne Produit 100% Bio\",\"publisher\":{\"@id\":\"https:\/\/saida-plants.com\/#organization\"},\"potentialAction\":[{\"@type\":\"SearchAction\",\"target\":{\"@type\":\"EntryPoint\",\"urlTemplate\":\"https:\/\/saida-plants.com\/?s={search_term_string}\"},\"query-input\":\"required name=search_term_string\"}],\"inLanguage\":\"ar\"},{\"@type\":\"Organization\",\"@id\":\"https:\/\/saida-plants.com\/#organization\",\"name\":\"SaidaPlants\",\"url\":\"https:\/\/saida-plants.com\/\",\"logo\":{\"@type\":\"ImageObject\",\"inLanguage\":\"ar\",\"@id\":\"https:\/\/saida-plants.com\/#\/schema\/logo\/image\/\",\"url\":\"https:\/\/saida-plants.com\/wp-content\/uploads\/2021\/08\/WhatsApp-Image-2021-08-11-at-17.44.40.jpeg\",\"contentUrl\":\"https:\/\/saida-plants.com\/wp-content\/uploads\/2021\/08\/WhatsApp-Image-2021-08-11-at-17.44.40.jpeg\",\"width\":1280,\"height\":463,\"caption\":\"SaidaPlants\"},\"image\":{\"@id\":\"https:\/\/saida-plants.com\/#\/schema\/logo\/image\/\"},\"sameAs\":[\"https:\/\/www.instagram.com\/saidaplants\/\",\"https:\/\/www.facebook.com\/SaidaPlants\"]}]}<\/script>\n<!-- \/ Yoast SEO plugin. -->","yoast_head_json":{"title":"La poudre de Maca 100% Bio - (\u0645\u0627\u0643\u0627) - SaidaPlants","description":"La poudre de Maca - Nous faisons de notre mieux pour nos clients Obtenez le produit parfait et bio 100% fabriqu\u00e9 \u00e0 partir de la nature.","robots":{"index":"index","follow":"follow","max-snippet":"max-snippet:-1","max-image-preview":"max-image-preview:large","max-video-preview":"max-video-preview:-1"},"canonical":"https:\/\/saida-plants.com\/ar\/product\/la-poudre-de-maca-100-bio-\u0645\u0627\u0643\u0627\/","og_locale":"ar_AR","og_type":"article","og_title":"La poudre de Maca 100% Bio - (\u0645\u0627\u0643\u0627) - SaidaPlants","og_description":"La poudre de Maca - Nous faisons de notre mieux pour nos clients Obtenez le produit parfait et bio 100% fabriqu\u00e9 \u00e0 partir de la nature.","og_url":"https:\/\/saida-plants.com\/ar\/product\/la-poudre-de-maca-100-bio-\u0645\u0627\u0643\u0627\/","og_site_name":"SaidaPlants","article_publisher":"https:\/\/www.facebook.com\/SaidaPlants","og_image":[{"width":600,"height":800,"url":"https:\/\/saida-plants.com\/wp-content\/uploads\/2021\/09\/khkhh.jpg","type":"image\/jpeg"}],"twitter_card":"summary_large_image","twitter_misc":{"\u0648\u0642\u062a \u0627\u0644\u0642\u0631\u0627\u0621\u0629 \u0627\u0644\u0645\u064f\u0642\u062f\u0651\u0631":"\u062f\u0642\u064a\u0642\u062a\u0627\u0646"},"schema":{"@context":"https:\/\/schema.org","@graph":[{"@type":"WebPage","@id":"https:\/\/saida-plants.com\/product\/la-poudre-de-maca-100-bio-%d9%85%d8%a7%d9%83%d8%a7\/","url":"https:\/\/saida-plants.com\/product\/la-poudre-de-maca-100-bio-%d9%85%d8%a7%d9%83%d8%a7\/","name":"La poudre de Maca 100% Bio - (\u0645\u0627\u0643\u0627) - SaidaPlants","isPartOf":{"@id":"https:\/\/saida-plants.com\/#website"},"datePublished":"2021-09-10T16:16:08+00:00","dateModified":"2021-09-10T16:16:08+00:00","description":"La poudre de Maca - Nous faisons de notre mieux pour nos clients Obtenez le produit parfait et bio 100% fabriqu\u00e9 \u00e0 partir de la nature.","breadcrumb":{"@id":"https:\/\/saida-plants.com\/product\/la-poudre-de-maca-100-bio-%d9%85%d8%a7%d9%83%d8%a7\/#breadcrumb"},"inLanguage":"ar","potentialAction":[{"@type":"ReadAction","target":["https:\/\/saida-plants.com\/product\/la-poudre-de-maca-100-bio-%d9%85%d8%a7%d9%83%d8%a7\/"]}]},{"@type":"BreadcrumbList","@id":"https:\/\/saida-plants.com\/product\/la-poudre-de-maca-100-bio-%d9%85%d8%a7%d9%83%d8%a7\/#breadcrumb","itemListElement":[{"@type":"ListItem","position":1,"name":"Home","item":"https:\/\/saida-plants.com\/"},{"@type":"ListItem","position":2,"name":"Shop","item":"https:\/\/saida-plants.com\/ar\/shop\/"},{"@type":"ListItem","position":3,"name":"La poudre de Maca 100% Bio &#8211; (\u0645\u0627\u0643\u0627)"}]},{"@type":"WebSite","@id":"https:\/\/saida-plants.com\/#website","url":"https:\/\/saida-plants.com\/","name":"SaidaPlants","description":"1er Boutique En ligne Produit 100% Bio","publisher":{"@id":"https:\/\/saida-plants.com\/#organization"},"potentialAction":[{"@type":"SearchAction","target":{"@type":"EntryPoint","urlTemplate":"https:\/\/saida-plants.com\/?s={search_term_string}"},"query-input":"required name=search_term_string"}],"inLanguage":"ar"},{"@type":"Organization","@id":"https:\/\/saida-plants.com\/#organization","name":"SaidaPlants","url":"https:\/\/saida-plants.com\/","logo":{"@type":"ImageObject","inLanguage":"ar","@id":"https:\/\/saida-plants.com\/#\/schema\/logo\/image\/","url":"https:\/\/saida-plants.com\/wp-content\/uploads\/2021\/08\/WhatsApp-Image-2021-08-11-at-17.44.40.jpeg","contentUrl":"https:\/\/saida-plants.com\/wp-content\/uploads\/2021\/08\/WhatsApp-Image-2021-08-11-at-17.44.40.jpeg","width":1280,"height":463,"caption":"SaidaPlants"},"image":{"@id":"https:\/\/saida-plants.com\/#\/schema\/logo\/image\/"},"sameAs":["https:\/\/www.instagram.com\/saidaplants\/","https:\/\/www.facebook.com\/SaidaPlants"]}]}},"_links":{"self":[{"href":"https:\/\/saida-plants.com\/ar\/wp-json\/wp\/v2\/product\/885"}],"collection":[{"href":"https:\/\/saida-plants.com\/ar\/wp-json\/wp\/v2\/product"}],"about":[{"href":"https:\/\/saida-plants.com\/ar\/wp-json\/wp\/v2\/types\/product"}],"replies":[{"embeddable":true,"href":"https:\/\/saida-plants.com\/ar\/wp-json\/wp\/v2\/comments?post=885"}],"wp:featuredmedia":[{"embeddable":true,"href":"https:\/\/saida-plants.com\/ar\/wp-json\/wp\/v2\/media\/942"}],"wp:attachment":[{"href":"https:\/\/saida-plants.com\/ar\/wp-json\/wp\/v2\/media?parent=885"}],"wp:term":[{"taxonomy":"product_cat","embeddable":true,"href":"https:\/\/saida-plants.com\/ar\/wp-json\/wp\/v2\/product_cat?post=885"},{"taxonomy":"product_tag","embeddable":true,"href":"https:\/\/saida-plants.com\/ar\/wp-json\/wp\/v2\/product_tag?post=885"}],"curies":[{"name":"wp","href":"https:\/\/api.w.org\/{rel}","templated":true}]}}