{"id":886,"date":"2021-08-20T01:17:22","date_gmt":"2021-08-20T01:17:22","guid":{"rendered":"https:\/\/saida-plants.com\/?post_type=product&#038;p=886"},"modified":"2022-09-12T22:00:58","modified_gmt":"2022-09-12T22:00:58","slug":"poudre-de-matcha-bio-en-vrac-%f0%9d%91%b1%f0%9d%92%82%f0%9d%92%91%f0%9d%92%90%f0%9d%92%8f-%d9%85%d8%a7%d8%aa%d8%b4%d8%a7","status":"publish","type":"product","link":"https:\/\/saida-plants.com\/ar\/product\/poudre-de-matcha-bio-en-vrac-%f0%9d%91%b1%f0%9d%92%82%f0%9d%92%91%f0%9d%92%90%f0%9d%92%8f-%d9%85%d8%a7%d8%aa%d8%b4%d8%a7\/","title":{"rendered":"Poudre de matcha Bio en vrac &#8211; (\ud835\udc71\ud835\udc82\ud835\udc91\ud835\udc90\ud835\udc8f) (\u0645\u0627\u062a\u0634\u0627)"},"content":{"rendered":"<h1><b>BIENFAITS\u00a0POUDRE DE MATCHA BIO 50g<\/b><\/h1>\n<ul>\n<li>Poudre de matcha Bio Produit naturel ne comportant aucun conservateur dans sa pr\u00e9paration<\/li>\n<li>Ce sont les produits respectant les principes Vegan qui se basent principalement sur le refus de l&rsquo;exploitation animale<\/li>\n<\/ul>\n<p>Le matcha est une poudre tr\u00e8s fine de th\u00e9 vert moulu, avec\u00a0de nombreuses\u00a0vertus puissantes, contrairement aux infusions traditionnelles(pour le th\u00e9), la d\u00e9gustation de ce plat permet d&rsquo;avaler la feuille de th\u00e9 enti\u00e8re et ainsi d&rsquo;absorber plus de nutriments.<\/p>\n<p>La poudre de matcha poss\u00e9d\u00e9 de multiples aliments, \u00e0 savoir:<\/p>\n<ul>\n<li>Vitamine C<\/li>\n<li>Magn\u00e9sium<\/li>\n<li>Prot\u00e9ines<\/li>\n<\/ul>\n<p>Ce b\u00e9n\u00e9fice th\u00e9rapeutique pr\u00e9sente de nombreux avantages positifs non seulement pour l&rsquo;organisme (corps) mais aussi pour l&rsquo;esprit.<\/p>\n<h2><b>LES BIENFAITS DU\u00a0POUDRE DE MATCHA BIO:<\/b><\/h2>\n<ul>\n<li>Un alli\u00e9 minceur pour garder la ligne<\/li>\n<li>Effet stimulant &amp; apaisant<\/li>\n<li>Booste le syst\u00e8me immunitaire gr\u00e2ce aux cat\u00e9chines<\/li>\n<li>Permet de combattre des maladies cardiovasculaires et pr\u00e9venir certains cancers<\/li>\n<li>Combattre le diab\u00e8te de type 2<\/li>\n<li>Un v\u00e9ritable alli\u00e9 pour vos performances sportives<\/li>\n<li>Effet bonne mine<\/li>\n<li>Permet de prot\u00e9ger des yeux et\u00a0 la peau<\/li>\n<li>Aide \u00e9galement \u00e0 prot\u00e9ger des muqueuses<\/li>\n<li><a href=\"https:\/\/www.passeportsante.net\/fr\/Solutions\/DocumentsReference\/Document.aspx?doc=indice_tac_nu\">Anti-oxydant<\/a> puissant et anti-\u00e2ge<\/li>\n<\/ul>\n<h3><b>COMPOSITION:<\/b><\/h3>\n<p>Produit 100% obtenu de l&rsquo;agriculture biologique.<\/p>\n<h3><b>POSOLOGIE:<\/b><\/h3>\n<p>Puisqu&rsquo;il s&rsquo;agit d&rsquo;un aliment concentr\u00e9, il est recommand\u00e9 de <b>boire jusqu&rsquo;\u00e0 2 ou 3 tasses par jour.<\/b><\/p>\n<h3><b>Informations de livraison<\/b><\/h3>\n<ul>\n<li>Livraison assur\u00e9e par <a href=\"https:\/\/saida-plants.com\/ar\/product-category\/super-food\/\">SaidaPlants<\/a>, sous 24H \u00e0 Marrakech et sous 1 \u00e0 5 jours pour les autres villes du Maroc.<\/li>\n<li>Exp\u00e9dition pour les commandes \u00e0 l\u2019international sous 1 jour ouvr\u00e9. Les d\u00e9lais de livraison sont variables selon la destination et le mode de livraison choisi.<\/li>\n<\/ul>","protected":false},"excerpt":{"rendered":"<h1 style=\"text-align: center;\"><b>BIENFAITS\u00a0POUDRE DE MATCHA BIO 50g<\/b><\/h1>\n<ul style=\"text-align: center;\">\n<li>Produit naturel ne comportant aucun conservateur dans sa pr\u00e9paration<\/li>\n<li>Ce sont les produits respectant les principes Vegan qui se basent principalement sur le refus de l&rsquo;exploitation animale<\/li>\n<\/ul>\n<p style=\"text-align: center;\">Le matcha est une poudre tr\u00e8s fine de th\u00e9 vert moulu, avec\u00a0de nombreuses\u00a0vertus puissantes, contrairement aux infusions traditionnelles(pour le th\u00e9), la d\u00e9gustation de ce plat permet d&rsquo;avaler la feuille de th\u00e9 enti\u00e8re et ainsi d&rsquo;absorber plus de nutriments.<\/p>\n<p style=\"text-align: center;\">La poudre de matcha poss\u00e9d\u00e9 de multiples aliments, \u00e0 savoir:<\/p>\n<ul>\n<li style=\"text-align: center;\">Vitamine C<\/li>\n<li style=\"text-align: center;\">Magn\u00e9sium<\/li>\n<li style=\"text-align: center;\">Prot\u00e9ines<\/li>\n<\/ul>","protected":false},"featured_media":887,"comment_status":"open","ping_status":"closed","template":"","meta":[],"product_cat":[69,70],"product_tag":[],"class_list":["post-886","product","type-product","status-publish","has-post-thumbnail","hentry","product_cat-cosmetique","product_cat-super-food"],"yoast_head":"<!-- This site is optimized with the Yoast SEO plugin v19.13 - https:\/\/yoast.com\/wordpress\/plugins\/seo\/ -->\n<title>Poudre de matcha Bio en vrac - (\ud835\udc71\ud835\udc82\ud835\udc91\ud835\udc90\ud835\udc8f) (\u0645\u0627\u062a\u0634\u0627) - SaidaPlants<\/title>\n<meta name=\"description\" content=\"Poudre de matcha Bio - Nous faisons de notre mieux pour nos clients Obtenez le produit parfait et bio 100% fabriqu\u00e9 \u00e0 partir de la nature.\" \/>\n<meta name=\"robots\" content=\"index, follow, max-snippet:-1, max-image-preview:large, max-video-preview:-1\" \/>\n<link rel=\"canonical\" href=\"https:\/\/saida-plants.com\/ar\/product\/poudre-de-matcha-bio-en-vrac-\ud835\udc71\ud835\udc82\ud835\udc91\ud835\udc90\ud835\udc8f-\u0645\u0627\u062a\u0634\u0627\/\" \/>\n<meta property=\"og:locale\" content=\"ar_AR\" \/>\n<meta property=\"og:type\" content=\"article\" \/>\n<meta property=\"og:title\" content=\"Poudre de matcha Bio en vrac - (\ud835\udc71\ud835\udc82\ud835\udc91\ud835\udc90\ud835\udc8f) (\u0645\u0627\u062a\u0634\u0627) - SaidaPlants\" \/>\n<meta property=\"og:description\" content=\"Poudre de matcha Bio - Nous faisons de notre mieux pour nos clients Obtenez le produit parfait et bio 100% fabriqu\u00e9 \u00e0 partir de la nature.\" \/>\n<meta property=\"og:url\" content=\"https:\/\/saida-plants.com\/ar\/product\/poudre-de-matcha-bio-en-vrac-\ud835\udc71\ud835\udc82\ud835\udc91\ud835\udc90\ud835\udc8f-\u0645\u0627\u062a\u0634\u0627\/\" \/>\n<meta property=\"og:site_name\" content=\"SaidaPlants\" \/>\n<meta property=\"article:publisher\" content=\"https:\/\/www.facebook.com\/SaidaPlants\" \/>\n<meta property=\"article:modified_time\" content=\"2022-09-12T22:00:58+00:00\" \/>\n<meta property=\"og:image\" content=\"https:\/\/saida-plants.com\/wp-content\/uploads\/2021\/08\/14-1400x788.png\" \/>\n\t<meta property=\"og:image:width\" content=\"1400\" \/>\n\t<meta property=\"og:image:height\" content=\"788\" \/>\n\t<meta property=\"og:image:type\" content=\"image\/png\" \/>\n<meta name=\"twitter:card\" content=\"summary_large_image\" \/>\n<meta name=\"twitter:label1\" content=\"\u0648\u0642\u062a \u0627\u0644\u0642\u0631\u0627\u0621\u0629 \u0627\u0644\u0645\u064f\u0642\u062f\u0651\u0631\" \/>\n\t<meta name=\"twitter:data1\" content=\"\u062f\u0642\u064a\u0642\u062a\u0627\u0646\" \/>\n<script type=\"application\/ld+json\" class=\"yoast-schema-graph\">{\"@context\":\"https:\/\/schema.org\",\"@graph\":[{\"@type\":\"WebPage\",\"@id\":\"https:\/\/saida-plants.com\/product\/poudre-de-matcha-bio-en-vrac-%f0%9d%91%b1%f0%9d%92%82%f0%9d%92%91%f0%9d%92%90%f0%9d%92%8f-%d9%85%d8%a7%d8%aa%d8%b4%d8%a7\/\",\"url\":\"https:\/\/saida-plants.com\/product\/poudre-de-matcha-bio-en-vrac-%f0%9d%91%b1%f0%9d%92%82%f0%9d%92%91%f0%9d%92%90%f0%9d%92%8f-%d9%85%d8%a7%d8%aa%d8%b4%d8%a7\/\",\"name\":\"Poudre de matcha Bio en vrac - (\ud835\udc71\ud835\udc82\ud835\udc91\ud835\udc90\ud835\udc8f) (\u0645\u0627\u062a\u0634\u0627) - SaidaPlants\",\"isPartOf\":{\"@id\":\"https:\/\/saida-plants.com\/#website\"},\"datePublished\":\"2021-08-20T01:17:22+00:00\",\"dateModified\":\"2022-09-12T22:00:58+00:00\",\"description\":\"Poudre de matcha Bio - Nous faisons de notre mieux pour nos clients Obtenez le produit parfait et bio 100% fabriqu\u00e9 \u00e0 partir de la nature.\",\"breadcrumb\":{\"@id\":\"https:\/\/saida-plants.com\/product\/poudre-de-matcha-bio-en-vrac-%f0%9d%91%b1%f0%9d%92%82%f0%9d%92%91%f0%9d%92%90%f0%9d%92%8f-%d9%85%d8%a7%d8%aa%d8%b4%d8%a7\/#breadcrumb\"},\"inLanguage\":\"ar\",\"potentialAction\":[{\"@type\":\"ReadAction\",\"target\":[\"https:\/\/saida-plants.com\/product\/poudre-de-matcha-bio-en-vrac-%f0%9d%91%b1%f0%9d%92%82%f0%9d%92%91%f0%9d%92%90%f0%9d%92%8f-%d9%85%d8%a7%d8%aa%d8%b4%d8%a7\/\"]}]},{\"@type\":\"BreadcrumbList\",\"@id\":\"https:\/\/saida-plants.com\/product\/poudre-de-matcha-bio-en-vrac-%f0%9d%91%b1%f0%9d%92%82%f0%9d%92%91%f0%9d%92%90%f0%9d%92%8f-%d9%85%d8%a7%d8%aa%d8%b4%d8%a7\/#breadcrumb\",\"itemListElement\":[{\"@type\":\"ListItem\",\"position\":1,\"name\":\"Home\",\"item\":\"https:\/\/saida-plants.com\/\"},{\"@type\":\"ListItem\",\"position\":2,\"name\":\"Shop\",\"item\":\"https:\/\/saida-plants.com\/ar\/shop\/\"},{\"@type\":\"ListItem\",\"position\":3,\"name\":\"Poudre de matcha Bio en vrac &#8211; (\ud835\udc71\ud835\udc82\ud835\udc91\ud835\udc90\ud835\udc8f) (\u0645\u0627\u062a\u0634\u0627)\"}]},{\"@type\":\"WebSite\",\"@id\":\"https:\/\/saida-plants.com\/#website\",\"url\":\"https:\/\/saida-plants.com\/\",\"name\":\"SaidaPlants\",\"description\":\"1er Boutique En ligne Produit 100% Bio\",\"publisher\":{\"@id\":\"https:\/\/saida-plants.com\/#organization\"},\"potentialAction\":[{\"@type\":\"SearchAction\",\"target\":{\"@type\":\"EntryPoint\",\"urlTemplate\":\"https:\/\/saida-plants.com\/?s={search_term_string}\"},\"query-input\":\"required name=search_term_string\"}],\"inLanguage\":\"ar\"},{\"@type\":\"Organization\",\"@id\":\"https:\/\/saida-plants.com\/#organization\",\"name\":\"SaidaPlants\",\"url\":\"https:\/\/saida-plants.com\/\",\"logo\":{\"@type\":\"ImageObject\",\"inLanguage\":\"ar\",\"@id\":\"https:\/\/saida-plants.com\/#\/schema\/logo\/image\/\",\"url\":\"https:\/\/saida-plants.com\/wp-content\/uploads\/2021\/08\/WhatsApp-Image-2021-08-11-at-17.44.40.jpeg\",\"contentUrl\":\"https:\/\/saida-plants.com\/wp-content\/uploads\/2021\/08\/WhatsApp-Image-2021-08-11-at-17.44.40.jpeg\",\"width\":1280,\"height\":463,\"caption\":\"SaidaPlants\"},\"image\":{\"@id\":\"https:\/\/saida-plants.com\/#\/schema\/logo\/image\/\"},\"sameAs\":[\"https:\/\/www.instagram.com\/saidaplants\/\",\"https:\/\/www.facebook.com\/SaidaPlants\"]}]}<\/script>\n<!-- \/ Yoast SEO plugin. -->","yoast_head_json":{"title":"Poudre de matcha Bio en vrac - (\ud835\udc71\ud835\udc82\ud835\udc91\ud835\udc90\ud835\udc8f) (\u0645\u0627\u062a\u0634\u0627) - SaidaPlants","description":"Poudre de matcha Bio - Nous faisons de notre mieux pour nos clients Obtenez le produit parfait et bio 100% fabriqu\u00e9 \u00e0 partir de la nature.","robots":{"index":"index","follow":"follow","max-snippet":"max-snippet:-1","max-image-preview":"max-image-preview:large","max-video-preview":"max-video-preview:-1"},"canonical":"https:\/\/saida-plants.com\/ar\/product\/poudre-de-matcha-bio-en-vrac-\ud835\udc71\ud835\udc82\ud835\udc91\ud835\udc90\ud835\udc8f-\u0645\u0627\u062a\u0634\u0627\/","og_locale":"ar_AR","og_type":"article","og_title":"Poudre de matcha Bio en vrac - (\ud835\udc71\ud835\udc82\ud835\udc91\ud835\udc90\ud835\udc8f) (\u0645\u0627\u062a\u0634\u0627) - SaidaPlants","og_description":"Poudre de matcha Bio - Nous faisons de notre mieux pour nos clients Obtenez le produit parfait et bio 100% fabriqu\u00e9 \u00e0 partir de la nature.","og_url":"https:\/\/saida-plants.com\/ar\/product\/poudre-de-matcha-bio-en-vrac-\ud835\udc71\ud835\udc82\ud835\udc91\ud835\udc90\ud835\udc8f-\u0645\u0627\u062a\u0634\u0627\/","og_site_name":"SaidaPlants","article_publisher":"https:\/\/www.facebook.com\/SaidaPlants","article_modified_time":"2022-09-12T22:00:58+00:00","og_image":[{"width":1400,"height":788,"url":"https:\/\/saida-plants.com\/wp-content\/uploads\/2021\/08\/14-1400x788.png","type":"image\/png"}],"twitter_card":"summary_large_image","twitter_misc":{"\u0648\u0642\u062a \u0627\u0644\u0642\u0631\u0627\u0621\u0629 \u0627\u0644\u0645\u064f\u0642\u062f\u0651\u0631":"\u062f\u0642\u064a\u0642\u062a\u0627\u0646"},"schema":{"@context":"https:\/\/schema.org","@graph":[{"@type":"WebPage","@id":"https:\/\/saida-plants.com\/product\/poudre-de-matcha-bio-en-vrac-%f0%9d%91%b1%f0%9d%92%82%f0%9d%92%91%f0%9d%92%90%f0%9d%92%8f-%d9%85%d8%a7%d8%aa%d8%b4%d8%a7\/","url":"https:\/\/saida-plants.com\/product\/poudre-de-matcha-bio-en-vrac-%f0%9d%91%b1%f0%9d%92%82%f0%9d%92%91%f0%9d%92%90%f0%9d%92%8f-%d9%85%d8%a7%d8%aa%d8%b4%d8%a7\/","name":"Poudre de matcha Bio en vrac - (\ud835\udc71\ud835\udc82\ud835\udc91\ud835\udc90\ud835\udc8f) (\u0645\u0627\u062a\u0634\u0627) - SaidaPlants","isPartOf":{"@id":"https:\/\/saida-plants.com\/#website"},"datePublished":"2021-08-20T01:17:22+00:00","dateModified":"2022-09-12T22:00:58+00:00","description":"Poudre de matcha Bio - Nous faisons de notre mieux pour nos clients Obtenez le produit parfait et bio 100% fabriqu\u00e9 \u00e0 partir de la nature.","breadcrumb":{"@id":"https:\/\/saida-plants.com\/product\/poudre-de-matcha-bio-en-vrac-%f0%9d%91%b1%f0%9d%92%82%f0%9d%92%91%f0%9d%92%90%f0%9d%92%8f-%d9%85%d8%a7%d8%aa%d8%b4%d8%a7\/#breadcrumb"},"inLanguage":"ar","potentialAction":[{"@type":"ReadAction","target":["https:\/\/saida-plants.com\/product\/poudre-de-matcha-bio-en-vrac-%f0%9d%91%b1%f0%9d%92%82%f0%9d%92%91%f0%9d%92%90%f0%9d%92%8f-%d9%85%d8%a7%d8%aa%d8%b4%d8%a7\/"]}]},{"@type":"BreadcrumbList","@id":"https:\/\/saida-plants.com\/product\/poudre-de-matcha-bio-en-vrac-%f0%9d%91%b1%f0%9d%92%82%f0%9d%92%91%f0%9d%92%90%f0%9d%92%8f-%d9%85%d8%a7%d8%aa%d8%b4%d8%a7\/#breadcrumb","itemListElement":[{"@type":"ListItem","position":1,"name":"Home","item":"https:\/\/saida-plants.com\/"},{"@type":"ListItem","position":2,"name":"Shop","item":"https:\/\/saida-plants.com\/ar\/shop\/"},{"@type":"ListItem","position":3,"name":"Poudre de matcha Bio en vrac &#8211; (\ud835\udc71\ud835\udc82\ud835\udc91\ud835\udc90\ud835\udc8f) (\u0645\u0627\u062a\u0634\u0627)"}]},{"@type":"WebSite","@id":"https:\/\/saida-plants.com\/#website","url":"https:\/\/saida-plants.com\/","name":"SaidaPlants","description":"1er Boutique En ligne Produit 100% Bio","publisher":{"@id":"https:\/\/saida-plants.com\/#organization"},"potentialAction":[{"@type":"SearchAction","target":{"@type":"EntryPoint","urlTemplate":"https:\/\/saida-plants.com\/?s={search_term_string}"},"query-input":"required name=search_term_string"}],"inLanguage":"ar"},{"@type":"Organization","@id":"https:\/\/saida-plants.com\/#organization","name":"SaidaPlants","url":"https:\/\/saida-plants.com\/","logo":{"@type":"ImageObject","inLanguage":"ar","@id":"https:\/\/saida-plants.com\/#\/schema\/logo\/image\/","url":"https:\/\/saida-plants.com\/wp-content\/uploads\/2021\/08\/WhatsApp-Image-2021-08-11-at-17.44.40.jpeg","contentUrl":"https:\/\/saida-plants.com\/wp-content\/uploads\/2021\/08\/WhatsApp-Image-2021-08-11-at-17.44.40.jpeg","width":1280,"height":463,"caption":"SaidaPlants"},"image":{"@id":"https:\/\/saida-plants.com\/#\/schema\/logo\/image\/"},"sameAs":["https:\/\/www.instagram.com\/saidaplants\/","https:\/\/www.facebook.com\/SaidaPlants"]}]}},"_links":{"self":[{"href":"https:\/\/saida-plants.com\/ar\/wp-json\/wp\/v2\/product\/886"}],"collection":[{"href":"https:\/\/saida-plants.com\/ar\/wp-json\/wp\/v2\/product"}],"about":[{"href":"https:\/\/saida-plants.com\/ar\/wp-json\/wp\/v2\/types\/product"}],"replies":[{"embeddable":true,"href":"https:\/\/saida-plants.com\/ar\/wp-json\/wp\/v2\/comments?post=886"}],"wp:featuredmedia":[{"embeddable":true,"href":"https:\/\/saida-plants.com\/ar\/wp-json\/wp\/v2\/media\/887"}],"wp:attachment":[{"href":"https:\/\/saida-plants.com\/ar\/wp-json\/wp\/v2\/media?parent=886"}],"wp:term":[{"taxonomy":"product_cat","embeddable":true,"href":"https:\/\/saida-plants.com\/ar\/wp-json\/wp\/v2\/product_cat?post=886"},{"taxonomy":"product_tag","embeddable":true,"href":"https:\/\/saida-plants.com\/ar\/wp-json\/wp\/v2\/product_tag?post=886"}],"curies":[{"name":"wp","href":"https:\/\/api.w.org\/{rel}","templated":true}]}}