{"id":888,"date":"2021-09-10T16:17:10","date_gmt":"2021-09-10T16:17:10","guid":{"rendered":"https:\/\/saida-plants.com\/?post_type=product&#038;p=888"},"modified":"2021-09-10T16:17:11","modified_gmt":"2021-09-10T16:17:11","slug":"feuilles-de-moringa-sechees-bio-%d8%a3%d9%88%d8%b1%d8%a7%d9%82-%d9%85%d9%88%d8%b1%d9%8a%d9%86%d9%83%d8%a7","status":"publish","type":"product","link":"https:\/\/saida-plants.com\/ar\/product\/feuilles-de-moringa-sechees-bio-%d8%a3%d9%88%d8%b1%d8%a7%d9%82-%d9%85%d9%88%d8%b1%d9%8a%d9%86%d9%83%d8%a7\/","title":{"rendered":"Feuilles de Moringa S\u00e9ch\u00e9es BIO &#8211; (\u0623\u0648\u0631\u0627\u0642 \u0645\u0648\u0631\u064a\u0646\u0643\u0627)"},"content":{"rendered":"<h1><b>BIENFAITS\u00a0FEUILLES DE MORINGA S\u00c9CH\u00c9ES 100g<\/b><\/h1>\n<ul>\n<li>Produit naturel ne comportant aucun conservateur dans sa pr\u00e9paration<\/li>\n<li>Ce sont les produits respectant les principes Vegan qui se basent principalement sur le refus de l&rsquo;exploitation animale<\/li>\n<\/ul>\n<h2><b>FEUILLES DE MORINGA S\u00c9CH\u00c9ES<\/b><\/h2>\n<p>Le <b>Moringa oleifera<\/b> est un grand arbre du<b> nord de l&rsquo;Inde<\/b>. De nombreuses parties de <b>l&rsquo;arbre Moringa<\/b> sont comestibles et peuvent m\u00eame \u00eatre utilis\u00e9es comme ingr\u00e9dient dans certaines herbes. Les feuilles de moringa sont une excellente <b>source<\/b> de nombreuses <b>vitamines<\/b> et <b>min\u00e9raux<\/b>.<b>Le Moringa oleifera<\/b> est riche en <a href=\"https:\/\/www.futura-sciences.com\/sante\/definitions\/biologie-antioxydants-1659\/\"><b>antioxydants<\/b> <\/a>et contient \u00e9galement de la <b>querc\u00e9tine<\/b>.La <a href=\"https:\/\/www.passeportsante.net\/fr\/Solutions\/PlantesSupplements\/Fiche.aspx?doc=quercetine_ps\">querc\u00e9tine <\/a>est un puissant antioxydant qui peut aider \u00e0 abaisser la <b>tension art\u00e9rielle<\/b>. En bref, le Moringa oleifera contient de nombreux antioxydants, dont la querc\u00e9tine et<a href=\"https:\/\/fr.wikipedia.org\/wiki\/Acide_chlorog%C3%A9nique\"> <b>l&rsquo;acide chlorog\u00e9nique<\/b><\/a>.<\/p>\n<h3><b>FEUILLES DE MORINGA BIENFAITS<\/b><\/h3>\n<p><b>Les feuilles de Moringa<\/b> peuvent augmenter le niveau d&rsquo;antioxydants dans le sang. Le Moringa peut prot\u00e9ger <b>le foie<\/b> et l&rsquo;extrait de Moringa a un effet h\u00e9patoprotecteur sur le foie. Des \u00e9tudes ont v\u00e9rifi\u00e9 l&rsquo;efficacit\u00e9 de la feuille de Moringa oleifera contre les <b>dommages<\/b> <b>au foie<\/b> caus\u00e9s par les m\u00e9dicaments antituberculeux et son effet stimulant pour acc\u00e9l\u00e9rer le processus de r\u00e9cup\u00e9ration. Il aide \u00e0 restaurer le niveau de <b>glutathion<\/b> contenu dans le corps et emp\u00eache la <b>peroxydation<\/b> des <b>lipides h\u00e9patiques<\/b> caus\u00e9e par les <b>rayonnements<\/b>. Cet effet protecteur est attribu\u00e9 aux compos\u00e9s phytochimiques pr\u00e9sents dans le Moringa, tels que les <b>cat\u00e9chines<\/b>, les <b>\u00e9picat\u00e9chines<\/b>, <b>l&rsquo;acide f\u00e9rulique<\/b> et la<a href=\"https:\/\/www.passeportsante.net\/fr\/Solutions\/PlantesSupplements\/Fiche.aspx?doc=vitamine_c_ps\"> <b>vitamine C<\/b><\/a>.<\/p>\n<p>Le <a href=\"https:\/\/saida-plants.com\/ar\/product\/poudre-de-matcha-bio-en-vrac-%f0%9d%91%b1%f0%9d%92%82%f0%9d%92%91%f0%9d%92%90%f0%9d%92%8f-%d9%85%d8%a7%d8%aa%d8%b4%d8%a7\/\">Moringa<\/a> oleifera a encore de <b>nombreux avantages<\/b> qui ont \u00e9t\u00e9 soigneusement \u00e9tudi\u00e9s et prouv\u00e9s. Il peut en particulier r\u00e9guler <b>la glyc\u00e9mie<\/b> et r\u00e9duire l&rsquo;inflammation corporelle li\u00e9e \u00e0 une infection ou \u00e0 une blessure. Le Moringa a des propri\u00e9t\u00e9s <b>antibact\u00e9riennes<\/b>, <b>antifongiques<\/b> et <b>antibact\u00e9riennes<\/b> &#8211; il peut r\u00e9sister efficacement au Moringa peut se d\u00e9velopper et provoquer des maladies Les micro-organismes peuvent abaisser le taux de cholest\u00e9rol sanguin, r\u00e9duisant ainsi le risque de maladie cardiaque. Les feuilles de Moringa sont \u00e9galement tr\u00e8s nutritives, ce qui est particuli\u00e8rement b\u00e9n\u00e9fique pour les personnes qui manquent de nutriments essentiels.<\/p>\n<h3><b>Informations de livraison<\/b><\/h3>\n<ul>\n<li>Livraison assur\u00e9e par SaidaPlants, sous 24H \u00e0 Marrakech et sous 1 \u00e0 5 jours pour les autres villes du Maroc.<\/li>\n<li>Exp\u00e9dition pour les commandes \u00e0 l\u2019international sous 1 jour ouvr\u00e9. Les d\u00e9lais de livraison sont variables selon la destination et le mode de livraison choisi.<\/li>\n<\/ul>","protected":false},"excerpt":{"rendered":"<h1 style=\"text-align: center;\"><b>BIENFAITS\u00a0FEUILLES DE MORINGA S\u00c9CH\u00c9ES 100g<\/b><\/h1>\n<ul style=\"text-align: center;\">\n<li>Produit naturel ne comportant aucun conservateur dans sa pr\u00e9paration<\/li>\n<li>Ce sont les produits respectant les principes Vegan qui se basent principalement sur le refus de l&rsquo;exploitation animale<\/li>\n<\/ul>\n<h2 style=\"text-align: center;\"><b>FEUILLES DE MORINGA S\u00c9CH\u00c9ES<\/b><\/h2>\n<p style=\"text-align: center;\">Le <b>Moringa oleifera<\/b> est un grand arbre du<b> nord de l&rsquo;Inde<\/b>. De nombreuses parties de <b>l&rsquo;arbre Moringa<\/b> sont comestibles et peuvent m\u00eame \u00eatre utilis\u00e9es comme ingr\u00e9dient dans certaines herbes. Les feuilles de moringa sont une excellente <b>source<\/b> de nombreuses <b>vitamines<\/b> et <b>min\u00e9raux<\/b>.<b>Le Moringa oleifera<\/b> est riche en <a href=\"https:\/\/www.futura-sciences.com\/sante\/definitions\/biologie-antioxydants-1659\/\"><b>antioxydants<\/b> <\/a>et contient \u00e9galement de la <b>querc\u00e9tine<\/b>.La <a href=\"https:\/\/www.passeportsante.net\/fr\/Solutions\/PlantesSupplements\/Fiche.aspx?doc=quercetine_ps\">querc\u00e9tine <\/a>est un puissant antioxydant qui peut aider \u00e0 abaisser la <b>tension art\u00e9rielle<\/b>. En bref, le Moringa oleifera contient de nombreux antioxydants, dont la querc\u00e9tine et<a href=\"https:\/\/fr.wikipedia.org\/wiki\/Acide_chlorog%C3%A9nique\"> <b>l&rsquo;acide chlorog\u00e9nique<\/b><\/a>.<\/p>\n<h3 style=\"text-align: center;\"><\/h3>","protected":false},"featured_media":943,"comment_status":"open","ping_status":"closed","template":"","meta":[],"product_cat":[70],"product_tag":[],"class_list":["post-888","product","type-product","status-publish","has-post-thumbnail","hentry","product_cat-super-food"],"yoast_head":"<!-- This site is optimized with the Yoast SEO plugin v19.13 - https:\/\/yoast.com\/wordpress\/plugins\/seo\/ -->\n<title>Feuilles de Moringa S\u00e9ch\u00e9es BIO - (\u0623\u0648\u0631\u0627\u0642 \u0645\u0648\u0631\u064a\u0646\u0643\u0627) - SaidaPlants<\/title>\n<meta name=\"description\" content=\"Feuilles de Moringa S\u00e9ch\u00e9es - Nous faisons de notre mieux pour nos clients Obtenez le produit parfait et bio 100% fabriqu\u00e9 \u00e0 partir de la nature.\" \/>\n<meta name=\"robots\" content=\"index, follow, max-snippet:-1, max-image-preview:large, max-video-preview:-1\" \/>\n<link rel=\"canonical\" href=\"https:\/\/saida-plants.com\/ar\/product\/feuilles-de-moringa-sechees-bio-\u0623\u0648\u0631\u0627\u0642-\u0645\u0648\u0631\u064a\u0646\u0643\u0627\/\" \/>\n<meta property=\"og:locale\" content=\"ar_AR\" \/>\n<meta property=\"og:type\" content=\"article\" \/>\n<meta property=\"og:title\" content=\"Feuilles de Moringa S\u00e9ch\u00e9es BIO - (\u0623\u0648\u0631\u0627\u0642 \u0645\u0648\u0631\u064a\u0646\u0643\u0627) - SaidaPlants\" \/>\n<meta property=\"og:description\" content=\"Feuilles de Moringa S\u00e9ch\u00e9es - Nous faisons de notre mieux pour nos clients Obtenez le produit parfait et bio 100% fabriqu\u00e9 \u00e0 partir de la nature.\" \/>\n<meta property=\"og:url\" content=\"https:\/\/saida-plants.com\/ar\/product\/feuilles-de-moringa-sechees-bio-\u0623\u0648\u0631\u0627\u0642-\u0645\u0648\u0631\u064a\u0646\u0643\u0627\/\" \/>\n<meta property=\"og:site_name\" content=\"SaidaPlants\" \/>\n<meta property=\"article:publisher\" content=\"https:\/\/www.facebook.com\/SaidaPlants\" \/>\n<meta property=\"article:modified_time\" content=\"2021-09-10T16:17:11+00:00\" \/>\n<meta property=\"og:image\" content=\"https:\/\/saida-plants.com\/wp-content\/uploads\/2021\/09\/okoko.jpg\" \/>\n\t<meta property=\"og:image:width\" content=\"600\" \/>\n\t<meta property=\"og:image:height\" content=\"600\" \/>\n\t<meta property=\"og:image:type\" content=\"image\/jpeg\" \/>\n<meta name=\"twitter:card\" content=\"summary_large_image\" \/>\n<meta name=\"twitter:label1\" content=\"\u0648\u0642\u062a \u0627\u0644\u0642\u0631\u0627\u0621\u0629 \u0627\u0644\u0645\u064f\u0642\u062f\u0651\u0631\" \/>\n\t<meta name=\"twitter:data1\" content=\"\u062f\u0642\u064a\u0642\u062a\u0627\u0646\" \/>\n<script type=\"application\/ld+json\" class=\"yoast-schema-graph\">{\"@context\":\"https:\/\/schema.org\",\"@graph\":[{\"@type\":\"WebPage\",\"@id\":\"https:\/\/saida-plants.com\/product\/feuilles-de-moringa-sechees-bio-%d8%a3%d9%88%d8%b1%d8%a7%d9%82-%d9%85%d9%88%d8%b1%d9%8a%d9%86%d9%83%d8%a7\/\",\"url\":\"https:\/\/saida-plants.com\/product\/feuilles-de-moringa-sechees-bio-%d8%a3%d9%88%d8%b1%d8%a7%d9%82-%d9%85%d9%88%d8%b1%d9%8a%d9%86%d9%83%d8%a7\/\",\"name\":\"Feuilles de Moringa S\u00e9ch\u00e9es BIO - (\u0623\u0648\u0631\u0627\u0642 \u0645\u0648\u0631\u064a\u0646\u0643\u0627) - SaidaPlants\",\"isPartOf\":{\"@id\":\"https:\/\/saida-plants.com\/#website\"},\"datePublished\":\"2021-09-10T16:17:10+00:00\",\"dateModified\":\"2021-09-10T16:17:11+00:00\",\"description\":\"Feuilles de Moringa S\u00e9ch\u00e9es - Nous faisons de notre mieux pour nos clients Obtenez le produit parfait et bio 100% fabriqu\u00e9 \u00e0 partir de la nature.\",\"breadcrumb\":{\"@id\":\"https:\/\/saida-plants.com\/product\/feuilles-de-moringa-sechees-bio-%d8%a3%d9%88%d8%b1%d8%a7%d9%82-%d9%85%d9%88%d8%b1%d9%8a%d9%86%d9%83%d8%a7\/#breadcrumb\"},\"inLanguage\":\"ar\",\"potentialAction\":[{\"@type\":\"ReadAction\",\"target\":[\"https:\/\/saida-plants.com\/product\/feuilles-de-moringa-sechees-bio-%d8%a3%d9%88%d8%b1%d8%a7%d9%82-%d9%85%d9%88%d8%b1%d9%8a%d9%86%d9%83%d8%a7\/\"]}]},{\"@type\":\"BreadcrumbList\",\"@id\":\"https:\/\/saida-plants.com\/product\/feuilles-de-moringa-sechees-bio-%d8%a3%d9%88%d8%b1%d8%a7%d9%82-%d9%85%d9%88%d8%b1%d9%8a%d9%86%d9%83%d8%a7\/#breadcrumb\",\"itemListElement\":[{\"@type\":\"ListItem\",\"position\":1,\"name\":\"Home\",\"item\":\"https:\/\/saida-plants.com\/\"},{\"@type\":\"ListItem\",\"position\":2,\"name\":\"Shop\",\"item\":\"https:\/\/saida-plants.com\/ar\/shop\/\"},{\"@type\":\"ListItem\",\"position\":3,\"name\":\"Feuilles de Moringa S\u00e9ch\u00e9es BIO &#8211; (\u0623\u0648\u0631\u0627\u0642 \u0645\u0648\u0631\u064a\u0646\u0643\u0627)\"}]},{\"@type\":\"WebSite\",\"@id\":\"https:\/\/saida-plants.com\/#website\",\"url\":\"https:\/\/saida-plants.com\/\",\"name\":\"SaidaPlants\",\"description\":\"1er Boutique En ligne Produit 100% Bio\",\"publisher\":{\"@id\":\"https:\/\/saida-plants.com\/#organization\"},\"potentialAction\":[{\"@type\":\"SearchAction\",\"target\":{\"@type\":\"EntryPoint\",\"urlTemplate\":\"https:\/\/saida-plants.com\/?s={search_term_string}\"},\"query-input\":\"required name=search_term_string\"}],\"inLanguage\":\"ar\"},{\"@type\":\"Organization\",\"@id\":\"https:\/\/saida-plants.com\/#organization\",\"name\":\"SaidaPlants\",\"url\":\"https:\/\/saida-plants.com\/\",\"logo\":{\"@type\":\"ImageObject\",\"inLanguage\":\"ar\",\"@id\":\"https:\/\/saida-plants.com\/#\/schema\/logo\/image\/\",\"url\":\"https:\/\/saida-plants.com\/wp-content\/uploads\/2021\/08\/WhatsApp-Image-2021-08-11-at-17.44.40.jpeg\",\"contentUrl\":\"https:\/\/saida-plants.com\/wp-content\/uploads\/2021\/08\/WhatsApp-Image-2021-08-11-at-17.44.40.jpeg\",\"width\":1280,\"height\":463,\"caption\":\"SaidaPlants\"},\"image\":{\"@id\":\"https:\/\/saida-plants.com\/#\/schema\/logo\/image\/\"},\"sameAs\":[\"https:\/\/www.instagram.com\/saidaplants\/\",\"https:\/\/www.facebook.com\/SaidaPlants\"]}]}<\/script>\n<!-- \/ Yoast SEO plugin. -->","yoast_head_json":{"title":"Feuilles de Moringa S\u00e9ch\u00e9es BIO - (\u0623\u0648\u0631\u0627\u0642 \u0645\u0648\u0631\u064a\u0646\u0643\u0627) - SaidaPlants","description":"Feuilles de Moringa S\u00e9ch\u00e9es - Nous faisons de notre mieux pour nos clients Obtenez le produit parfait et bio 100% fabriqu\u00e9 \u00e0 partir de la nature.","robots":{"index":"index","follow":"follow","max-snippet":"max-snippet:-1","max-image-preview":"max-image-preview:large","max-video-preview":"max-video-preview:-1"},"canonical":"https:\/\/saida-plants.com\/ar\/product\/feuilles-de-moringa-sechees-bio-\u0623\u0648\u0631\u0627\u0642-\u0645\u0648\u0631\u064a\u0646\u0643\u0627\/","og_locale":"ar_AR","og_type":"article","og_title":"Feuilles de Moringa S\u00e9ch\u00e9es BIO - (\u0623\u0648\u0631\u0627\u0642 \u0645\u0648\u0631\u064a\u0646\u0643\u0627) - SaidaPlants","og_description":"Feuilles de Moringa S\u00e9ch\u00e9es - Nous faisons de notre mieux pour nos clients Obtenez le produit parfait et bio 100% fabriqu\u00e9 \u00e0 partir de la nature.","og_url":"https:\/\/saida-plants.com\/ar\/product\/feuilles-de-moringa-sechees-bio-\u0623\u0648\u0631\u0627\u0642-\u0645\u0648\u0631\u064a\u0646\u0643\u0627\/","og_site_name":"SaidaPlants","article_publisher":"https:\/\/www.facebook.com\/SaidaPlants","article_modified_time":"2021-09-10T16:17:11+00:00","og_image":[{"width":600,"height":600,"url":"https:\/\/saida-plants.com\/wp-content\/uploads\/2021\/09\/okoko.jpg","type":"image\/jpeg"}],"twitter_card":"summary_large_image","twitter_misc":{"\u0648\u0642\u062a \u0627\u0644\u0642\u0631\u0627\u0621\u0629 \u0627\u0644\u0645\u064f\u0642\u062f\u0651\u0631":"\u062f\u0642\u064a\u0642\u062a\u0627\u0646"},"schema":{"@context":"https:\/\/schema.org","@graph":[{"@type":"WebPage","@id":"https:\/\/saida-plants.com\/product\/feuilles-de-moringa-sechees-bio-%d8%a3%d9%88%d8%b1%d8%a7%d9%82-%d9%85%d9%88%d8%b1%d9%8a%d9%86%d9%83%d8%a7\/","url":"https:\/\/saida-plants.com\/product\/feuilles-de-moringa-sechees-bio-%d8%a3%d9%88%d8%b1%d8%a7%d9%82-%d9%85%d9%88%d8%b1%d9%8a%d9%86%d9%83%d8%a7\/","name":"Feuilles de Moringa S\u00e9ch\u00e9es BIO - (\u0623\u0648\u0631\u0627\u0642 \u0645\u0648\u0631\u064a\u0646\u0643\u0627) - SaidaPlants","isPartOf":{"@id":"https:\/\/saida-plants.com\/#website"},"datePublished":"2021-09-10T16:17:10+00:00","dateModified":"2021-09-10T16:17:11+00:00","description":"Feuilles de Moringa S\u00e9ch\u00e9es - Nous faisons de notre mieux pour nos clients Obtenez le produit parfait et bio 100% fabriqu\u00e9 \u00e0 partir de la nature.","breadcrumb":{"@id":"https:\/\/saida-plants.com\/product\/feuilles-de-moringa-sechees-bio-%d8%a3%d9%88%d8%b1%d8%a7%d9%82-%d9%85%d9%88%d8%b1%d9%8a%d9%86%d9%83%d8%a7\/#breadcrumb"},"inLanguage":"ar","potentialAction":[{"@type":"ReadAction","target":["https:\/\/saida-plants.com\/product\/feuilles-de-moringa-sechees-bio-%d8%a3%d9%88%d8%b1%d8%a7%d9%82-%d9%85%d9%88%d8%b1%d9%8a%d9%86%d9%83%d8%a7\/"]}]},{"@type":"BreadcrumbList","@id":"https:\/\/saida-plants.com\/product\/feuilles-de-moringa-sechees-bio-%d8%a3%d9%88%d8%b1%d8%a7%d9%82-%d9%85%d9%88%d8%b1%d9%8a%d9%86%d9%83%d8%a7\/#breadcrumb","itemListElement":[{"@type":"ListItem","position":1,"name":"Home","item":"https:\/\/saida-plants.com\/"},{"@type":"ListItem","position":2,"name":"Shop","item":"https:\/\/saida-plants.com\/ar\/shop\/"},{"@type":"ListItem","position":3,"name":"Feuilles de Moringa S\u00e9ch\u00e9es BIO &#8211; (\u0623\u0648\u0631\u0627\u0642 \u0645\u0648\u0631\u064a\u0646\u0643\u0627)"}]},{"@type":"WebSite","@id":"https:\/\/saida-plants.com\/#website","url":"https:\/\/saida-plants.com\/","name":"SaidaPlants","description":"1er Boutique En ligne Produit 100% Bio","publisher":{"@id":"https:\/\/saida-plants.com\/#organization"},"potentialAction":[{"@type":"SearchAction","target":{"@type":"EntryPoint","urlTemplate":"https:\/\/saida-plants.com\/?s={search_term_string}"},"query-input":"required name=search_term_string"}],"inLanguage":"ar"},{"@type":"Organization","@id":"https:\/\/saida-plants.com\/#organization","name":"SaidaPlants","url":"https:\/\/saida-plants.com\/","logo":{"@type":"ImageObject","inLanguage":"ar","@id":"https:\/\/saida-plants.com\/#\/schema\/logo\/image\/","url":"https:\/\/saida-plants.com\/wp-content\/uploads\/2021\/08\/WhatsApp-Image-2021-08-11-at-17.44.40.jpeg","contentUrl":"https:\/\/saida-plants.com\/wp-content\/uploads\/2021\/08\/WhatsApp-Image-2021-08-11-at-17.44.40.jpeg","width":1280,"height":463,"caption":"SaidaPlants"},"image":{"@id":"https:\/\/saida-plants.com\/#\/schema\/logo\/image\/"},"sameAs":["https:\/\/www.instagram.com\/saidaplants\/","https:\/\/www.facebook.com\/SaidaPlants"]}]}},"_links":{"self":[{"href":"https:\/\/saida-plants.com\/ar\/wp-json\/wp\/v2\/product\/888"}],"collection":[{"href":"https:\/\/saida-plants.com\/ar\/wp-json\/wp\/v2\/product"}],"about":[{"href":"https:\/\/saida-plants.com\/ar\/wp-json\/wp\/v2\/types\/product"}],"replies":[{"embeddable":true,"href":"https:\/\/saida-plants.com\/ar\/wp-json\/wp\/v2\/comments?post=888"}],"wp:featuredmedia":[{"embeddable":true,"href":"https:\/\/saida-plants.com\/ar\/wp-json\/wp\/v2\/media\/943"}],"wp:attachment":[{"href":"https:\/\/saida-plants.com\/ar\/wp-json\/wp\/v2\/media?parent=888"}],"wp:term":[{"taxonomy":"product_cat","embeddable":true,"href":"https:\/\/saida-plants.com\/ar\/wp-json\/wp\/v2\/product_cat?post=888"},{"taxonomy":"product_tag","embeddable":true,"href":"https:\/\/saida-plants.com\/ar\/wp-json\/wp\/v2\/product_tag?post=888"}],"curies":[{"name":"wp","href":"https:\/\/api.w.org\/{rel}","templated":true}]}}