{"id":892,"date":"2021-09-10T16:40:54","date_gmt":"2021-09-10T16:40:54","guid":{"rendered":"https:\/\/saida-plants.com\/?post_type=product&#038;p=892"},"modified":"2022-09-12T21:36:11","modified_gmt":"2022-09-12T21:36:11","slug":"psyllium-blond-ispaghula-isabgol-%d8%a8%d8%b3%d9%84%d9%8a%d9%88%d9%85-%d8%a3%d8%b4%d9%82%d8%b1-%d9%82%d8%b7%d9%88%d9%86%d8%a9","status":"publish","type":"product","link":"https:\/\/saida-plants.com\/ar\/product\/psyllium-blond-ispaghula-isabgol-%d8%a8%d8%b3%d9%84%d9%8a%d9%88%d9%85-%d8%a3%d8%b4%d9%82%d8%b1-%d9%82%d8%b7%d9%88%d9%86%d8%a9\/","title":{"rendered":"Psyllium blond ispaghula isabgol &#8211; \u0628\u0633\u0644\u064a\u0648\u0645 \u0623\u0634\u0642\u0631 \u0642\u0637\u0648\u0646\u0629"},"content":{"rendered":"<h1><b>BIENFAITS\u00a0PSYLLIUM BLOND ISPAGHULA 100g<\/b><\/h1>\n<ul>\n<li>Produit naturel ne comportant aucun conservateur dans sa pr\u00e9paration<\/li>\n<li>Ce sont les produits respectant les principes Vegan qui se basent principalement sur le refus de l&rsquo;exploitation animale<\/li>\n<\/ul>\n<p>Le psyllium blond (nomm\u00e9 \u00e9galement Plantago ovata) est originaire d&rsquo;Asie,plus pr\u00e9cis\u00e9ment d&rsquo;Inde,il est aussi appel\u00e9 ispaghul(plantain des Indes).<\/p>\n<p>Ces <a href=\"https:\/\/saida-plants.com\/ar\/product\/graines-de-psyllium-100g-%d8%a8%d8%b3%d9%84%d9%8a%d9%88%d9%85-%d8%a8%d8%b0%d9%88%d8%b1-%d9%82%d8%a7%d8%b7%d9%88%d9%86%d8%a9-%d8%a8%d8%b0%d9%88%d8%b1-%d9%82%d8%b7%d9%88%d9%86%d8%a9\/\">petites graines<\/a> auront un grand effet sur votre transit intestinal.<\/p>\n<h2><b>DESCRIPTION<\/b><\/h2>\n<ul>\n<li>Biologique<\/li>\n<li>V\u00e9g\u00e9talien, v\u00e9gane<\/li>\n<li>Sans gluten<\/li>\n<li>Sans additif ni conservateur<\/li>\n<\/ul>\n<h2><b>LES BIENFAITS DU\u00a0PSYLLIUM BLOND ISPAGHULA ISABGOL<\/b><\/h2>\n<ul>\n<li>Am\u00e9liore le transit en douceur,intestins sensibles et minceur<\/li>\n<li>Soulage et r\u00e9duit les troubles digestifs et intestinaux(jujubier)<\/li>\n<li>Permet de r\u00e9duire le taux de cholest\u00e9rol<\/li>\n<li>Aide \u00e0 perdre du poids(<a href=\"https:\/\/saida-plants.com\/ar\/product\/graines-de-psyllium-100g-%d8%a8%d8%b3%d9%84%d9%8a%d9%88%d9%85-%d8%a8%d8%b0%d9%88%d8%b1-%d9%82%d8%a7%d8%b7%d9%88%d9%86%d8%a9-%d8%a8%d8%b0%d9%88%d8%b1-%d9%82%d8%b7%d9%88%d9%86%d8%a9\/\">graines de psyllium<\/a>)<\/li>\n<li>Il est tr\u00e8s riche en fibres solubles(amandes avec fenouil)<\/li>\n<li>Il est 100% pur et naturel<\/li>\n<\/ul>\n<h3><b>COMPOSITION<\/b><\/h3>\n<p>Le psyllium blond nomm\u00e9 \u00e9galement plantago ovata.<\/p>\n<p>Ce produit obtenu de l\u2019agriculture biologique.<\/p>\n<p>Origine : Inde.<\/p>\n<h3><b>POSOLOGIE<\/b><\/h3>\n<p>Le psyllium est envelopp\u00e9 dans le mucilage des graines. Ce mucilage gonfle au contact de l&rsquo;eau, formant un gel qui adh\u00e8re \u00e0 nos muqueuses.<\/p>\n<p>Ce ph\u00e9nom\u00e8ne a multiples avantages,\u00e0 savoir:<\/p>\n<ul>\n<li>Permet de r\u00e9activer le transit<\/li>\n<li>prot\u00e8ge et favorise les muqueuses des intestins<\/li>\n<li>Permet de nourrir la flore bact\u00e9rienne<\/li>\n<li>booste en cas de constipation<\/li>\n<li>Il augmente \u00e9galement la quantit\u00e9 de nourriture dans nos intestins et vous fait vous sentir rassasi\u00e9.<\/li>\n<\/ul>\n<h3>\u00a0<b>Attention<\/b><\/h3>\n<p>il est important de boire beaucoup d&rsquo;eau lors de la consommation de psyllium<\/p>\n<h3><b>PRECAUTIONS D\u2019EMPLOI\u00a0<\/b><\/h3>\n<ul>\n<li>Il faut absolument r\u00e9specter la dose quotidienne recommand\u00e9e<\/li>\n<li>Ne remplace pas une alimentation \u00e9quilibr\u00e9e vari\u00e9e et diversifi\u00e9e et un mode de vie sain<\/li>\n<li>Il est d\u00e9conseill\u00e9 absolument pour des enfants<\/li>\n<li>Ne pas utiliser avec des m\u00e9dicaments<\/li>\n<li>Non recommand\u00e9 pour les douleurs abdominales, le diab\u00e8te, les saignements rectaux et la dysphagie<\/li>\n<\/ul>\n<h3><b>INDICATIONS<\/b><\/h3>\n<p>Le psyllium blond bio donne plusieurs effets pour votre corps,\u00e0 savoir:<\/p>\n<ul>\n<li>R\u00e9duction du cholest\u00e9rol et des lipides sanguins<\/li>\n<li>Soutient la fonction intestinale<\/li>\n<\/ul>\n<h3><b>Informations de livraison<\/b><\/h3>\n<ul>\n<li>Livraison assur\u00e9e par SaidaPlants, sous 24H \u00e0 Marrakech et sous 1 \u00e0 5 jours pour les autres villes du Maroc.<\/li>\n<li>Exp\u00e9dition pour les commandes \u00e0 l\u2019international sous 1 jour ouvr\u00e9. Les d\u00e9lais de livraison sont variables selon la destination et le mode de livraison choisi.<\/li>\n<\/ul>","protected":false},"excerpt":{"rendered":"<h1 style=\"text-align: center;\"><b>BIENFAITS\u00a0PSYLLIUM BLOND ISPAGHULA 100g<\/b><\/h1>\n<ul style=\"text-align: center;\">\n<li>Produit naturel ne comportant aucun conservateur dans sa pr\u00e9paration<\/li>\n<li>Ce sont les produits respectant les principes Vegan qui se basent principalement sur le refus de l&rsquo;exploitation animale<\/li>\n<\/ul>\n<p style=\"text-align: center;\">Le psyllium blond (nomm\u00e9 \u00e9galement Plantago ovata) est originaire d&rsquo;Asie,plus pr\u00e9cis\u00e9ment d&rsquo;Inde,il est aussi appel\u00e9 ispaghul(plantain des Indes).<\/p>\n<p style=\"text-align: center;\">Ces <a href=\"https:\/\/saida-plants.com\/ar\/product\/graines-de-psyllium-100g-%d8%a8%d8%b3%d9%84%d9%8a%d9%88%d9%85-%d8%a8%d8%b0%d9%88%d8%b1-%d9%82%d8%a7%d8%b7%d9%88%d9%86%d8%a9-%d8%a8%d8%b0%d9%88%d8%b1-%d9%82%d8%b7%d9%88%d9%86%d8%a9\/\">petites graines<\/a> auront un grand effet sur votre transit intestinal.<\/p>\n<h2 style=\"text-align: center;\"><b>DESCRIPTION<\/b><\/h2>\n<ul>\n<li style=\"text-align: center;\">Biologique<\/li>\n<li style=\"text-align: center;\">V\u00e9g\u00e9talien, v\u00e9gane<\/li>\n<li style=\"text-align: center;\">Sans gluten<\/li>\n<li style=\"text-align: center;\">Sans additif ni conservateur<\/li>\n<\/ul>","protected":false},"featured_media":956,"comment_status":"open","ping_status":"closed","template":"","meta":[],"product_cat":[70],"product_tag":[],"class_list":["post-892","product","type-product","status-publish","has-post-thumbnail","hentry","product_cat-super-food"],"yoast_head":"<!-- This site is optimized with the Yoast SEO plugin v19.13 - https:\/\/yoast.com\/wordpress\/plugins\/seo\/ -->\n<title>Psyllium blond ispaghula isabgol - \u0628\u0633\u0644\u064a\u0648\u0645 \u0623\u0634\u0642\u0631 \u0642\u0637\u0648\u0646\u0629 - SaidaPlants<\/title>\n<meta name=\"description\" content=\"Psyllium blond ispaghula - Nous faisons de notre mieux pour nos clients Obtenez le produit parfait et bio 100% fabriqu\u00e9 \u00e0 partir de la nature.\" \/>\n<meta name=\"robots\" content=\"index, follow, max-snippet:-1, max-image-preview:large, max-video-preview:-1\" \/>\n<link rel=\"canonical\" href=\"https:\/\/saida-plants.com\/ar\/product\/psyllium-blond-ispaghula-isabgol-\u0628\u0633\u0644\u064a\u0648\u0645-\u0623\u0634\u0642\u0631-\u0642\u0637\u0648\u0646\u0629\/\" \/>\n<meta property=\"og:locale\" content=\"ar_AR\" \/>\n<meta property=\"og:type\" content=\"article\" \/>\n<meta property=\"og:title\" content=\"Psyllium blond ispaghula isabgol - \u0628\u0633\u0644\u064a\u0648\u0645 \u0623\u0634\u0642\u0631 \u0642\u0637\u0648\u0646\u0629 - SaidaPlants\" \/>\n<meta property=\"og:description\" content=\"Psyllium blond ispaghula - Nous faisons de notre mieux pour nos clients Obtenez le produit parfait et bio 100% fabriqu\u00e9 \u00e0 partir de la nature.\" \/>\n<meta property=\"og:url\" content=\"https:\/\/saida-plants.com\/ar\/product\/psyllium-blond-ispaghula-isabgol-\u0628\u0633\u0644\u064a\u0648\u0645-\u0623\u0634\u0642\u0631-\u0642\u0637\u0648\u0646\u0629\/\" \/>\n<meta property=\"og:site_name\" content=\"SaidaPlants\" \/>\n<meta property=\"article:publisher\" content=\"https:\/\/www.facebook.com\/SaidaPlants\" \/>\n<meta property=\"article:modified_time\" content=\"2022-09-12T21:36:11+00:00\" \/>\n<meta property=\"og:image\" content=\"https:\/\/saida-plants.com\/wp-content\/uploads\/2021\/08\/lkhlbl.jpg\" \/>\n\t<meta property=\"og:image:width\" content=\"393\" \/>\n\t<meta property=\"og:image:height\" content=\"363\" \/>\n\t<meta property=\"og:image:type\" content=\"image\/jpeg\" \/>\n<meta name=\"twitter:card\" content=\"summary_large_image\" \/>\n<meta name=\"twitter:label1\" content=\"\u0648\u0642\u062a \u0627\u0644\u0642\u0631\u0627\u0621\u0629 \u0627\u0644\u0645\u064f\u0642\u062f\u0651\u0631\" \/>\n\t<meta name=\"twitter:data1\" content=\"\u062f\u0642\u064a\u0642\u062a\u0627\u0646\" \/>\n<script type=\"application\/ld+json\" class=\"yoast-schema-graph\">{\"@context\":\"https:\/\/schema.org\",\"@graph\":[{\"@type\":\"WebPage\",\"@id\":\"https:\/\/saida-plants.com\/product\/psyllium-blond-ispaghula-isabgol-%d8%a8%d8%b3%d9%84%d9%8a%d9%88%d9%85-%d8%a3%d8%b4%d9%82%d8%b1-%d9%82%d8%b7%d9%88%d9%86%d8%a9\/\",\"url\":\"https:\/\/saida-plants.com\/product\/psyllium-blond-ispaghula-isabgol-%d8%a8%d8%b3%d9%84%d9%8a%d9%88%d9%85-%d8%a3%d8%b4%d9%82%d8%b1-%d9%82%d8%b7%d9%88%d9%86%d8%a9\/\",\"name\":\"Psyllium blond ispaghula isabgol - \u0628\u0633\u0644\u064a\u0648\u0645 \u0623\u0634\u0642\u0631 \u0642\u0637\u0648\u0646\u0629 - SaidaPlants\",\"isPartOf\":{\"@id\":\"https:\/\/saida-plants.com\/#website\"},\"datePublished\":\"2021-09-10T16:40:54+00:00\",\"dateModified\":\"2022-09-12T21:36:11+00:00\",\"description\":\"Psyllium blond ispaghula - Nous faisons de notre mieux pour nos clients Obtenez le produit parfait et bio 100% fabriqu\u00e9 \u00e0 partir de la nature.\",\"breadcrumb\":{\"@id\":\"https:\/\/saida-plants.com\/product\/psyllium-blond-ispaghula-isabgol-%d8%a8%d8%b3%d9%84%d9%8a%d9%88%d9%85-%d8%a3%d8%b4%d9%82%d8%b1-%d9%82%d8%b7%d9%88%d9%86%d8%a9\/#breadcrumb\"},\"inLanguage\":\"ar\",\"potentialAction\":[{\"@type\":\"ReadAction\",\"target\":[\"https:\/\/saida-plants.com\/product\/psyllium-blond-ispaghula-isabgol-%d8%a8%d8%b3%d9%84%d9%8a%d9%88%d9%85-%d8%a3%d8%b4%d9%82%d8%b1-%d9%82%d8%b7%d9%88%d9%86%d8%a9\/\"]}]},{\"@type\":\"BreadcrumbList\",\"@id\":\"https:\/\/saida-plants.com\/product\/psyllium-blond-ispaghula-isabgol-%d8%a8%d8%b3%d9%84%d9%8a%d9%88%d9%85-%d8%a3%d8%b4%d9%82%d8%b1-%d9%82%d8%b7%d9%88%d9%86%d8%a9\/#breadcrumb\",\"itemListElement\":[{\"@type\":\"ListItem\",\"position\":1,\"name\":\"Home\",\"item\":\"https:\/\/saida-plants.com\/\"},{\"@type\":\"ListItem\",\"position\":2,\"name\":\"Shop\",\"item\":\"https:\/\/saida-plants.com\/ar\/shop\/\"},{\"@type\":\"ListItem\",\"position\":3,\"name\":\"Psyllium blond ispaghula isabgol &#8211; \u0628\u0633\u0644\u064a\u0648\u0645 \u0623\u0634\u0642\u0631 \u0642\u0637\u0648\u0646\u0629\"}]},{\"@type\":\"WebSite\",\"@id\":\"https:\/\/saida-plants.com\/#website\",\"url\":\"https:\/\/saida-plants.com\/\",\"name\":\"SaidaPlants\",\"description\":\"1er Boutique En ligne Produit 100% Bio\",\"publisher\":{\"@id\":\"https:\/\/saida-plants.com\/#organization\"},\"potentialAction\":[{\"@type\":\"SearchAction\",\"target\":{\"@type\":\"EntryPoint\",\"urlTemplate\":\"https:\/\/saida-plants.com\/?s={search_term_string}\"},\"query-input\":\"required name=search_term_string\"}],\"inLanguage\":\"ar\"},{\"@type\":\"Organization\",\"@id\":\"https:\/\/saida-plants.com\/#organization\",\"name\":\"SaidaPlants\",\"url\":\"https:\/\/saida-plants.com\/\",\"logo\":{\"@type\":\"ImageObject\",\"inLanguage\":\"ar\",\"@id\":\"https:\/\/saida-plants.com\/#\/schema\/logo\/image\/\",\"url\":\"https:\/\/saida-plants.com\/wp-content\/uploads\/2021\/08\/WhatsApp-Image-2021-08-11-at-17.44.40.jpeg\",\"contentUrl\":\"https:\/\/saida-plants.com\/wp-content\/uploads\/2021\/08\/WhatsApp-Image-2021-08-11-at-17.44.40.jpeg\",\"width\":1280,\"height\":463,\"caption\":\"SaidaPlants\"},\"image\":{\"@id\":\"https:\/\/saida-plants.com\/#\/schema\/logo\/image\/\"},\"sameAs\":[\"https:\/\/www.instagram.com\/saidaplants\/\",\"https:\/\/www.facebook.com\/SaidaPlants\"]}]}<\/script>\n<!-- \/ Yoast SEO plugin. -->","yoast_head_json":{"title":"Psyllium blond ispaghula isabgol - \u0628\u0633\u0644\u064a\u0648\u0645 \u0623\u0634\u0642\u0631 \u0642\u0637\u0648\u0646\u0629 - SaidaPlants","description":"Psyllium blond ispaghula - Nous faisons de notre mieux pour nos clients Obtenez le produit parfait et bio 100% fabriqu\u00e9 \u00e0 partir de la nature.","robots":{"index":"index","follow":"follow","max-snippet":"max-snippet:-1","max-image-preview":"max-image-preview:large","max-video-preview":"max-video-preview:-1"},"canonical":"https:\/\/saida-plants.com\/ar\/product\/psyllium-blond-ispaghula-isabgol-\u0628\u0633\u0644\u064a\u0648\u0645-\u0623\u0634\u0642\u0631-\u0642\u0637\u0648\u0646\u0629\/","og_locale":"ar_AR","og_type":"article","og_title":"Psyllium blond ispaghula isabgol - \u0628\u0633\u0644\u064a\u0648\u0645 \u0623\u0634\u0642\u0631 \u0642\u0637\u0648\u0646\u0629 - SaidaPlants","og_description":"Psyllium blond ispaghula - Nous faisons de notre mieux pour nos clients Obtenez le produit parfait et bio 100% fabriqu\u00e9 \u00e0 partir de la nature.","og_url":"https:\/\/saida-plants.com\/ar\/product\/psyllium-blond-ispaghula-isabgol-\u0628\u0633\u0644\u064a\u0648\u0645-\u0623\u0634\u0642\u0631-\u0642\u0637\u0648\u0646\u0629\/","og_site_name":"SaidaPlants","article_publisher":"https:\/\/www.facebook.com\/SaidaPlants","article_modified_time":"2022-09-12T21:36:11+00:00","og_image":[{"width":393,"height":363,"url":"https:\/\/saida-plants.com\/wp-content\/uploads\/2021\/08\/lkhlbl.jpg","type":"image\/jpeg"}],"twitter_card":"summary_large_image","twitter_misc":{"\u0648\u0642\u062a \u0627\u0644\u0642\u0631\u0627\u0621\u0629 \u0627\u0644\u0645\u064f\u0642\u062f\u0651\u0631":"\u062f\u0642\u064a\u0642\u062a\u0627\u0646"},"schema":{"@context":"https:\/\/schema.org","@graph":[{"@type":"WebPage","@id":"https:\/\/saida-plants.com\/product\/psyllium-blond-ispaghula-isabgol-%d8%a8%d8%b3%d9%84%d9%8a%d9%88%d9%85-%d8%a3%d8%b4%d9%82%d8%b1-%d9%82%d8%b7%d9%88%d9%86%d8%a9\/","url":"https:\/\/saida-plants.com\/product\/psyllium-blond-ispaghula-isabgol-%d8%a8%d8%b3%d9%84%d9%8a%d9%88%d9%85-%d8%a3%d8%b4%d9%82%d8%b1-%d9%82%d8%b7%d9%88%d9%86%d8%a9\/","name":"Psyllium blond ispaghula isabgol - \u0628\u0633\u0644\u064a\u0648\u0645 \u0623\u0634\u0642\u0631 \u0642\u0637\u0648\u0646\u0629 - SaidaPlants","isPartOf":{"@id":"https:\/\/saida-plants.com\/#website"},"datePublished":"2021-09-10T16:40:54+00:00","dateModified":"2022-09-12T21:36:11+00:00","description":"Psyllium blond ispaghula - Nous faisons de notre mieux pour nos clients Obtenez le produit parfait et bio 100% fabriqu\u00e9 \u00e0 partir de la nature.","breadcrumb":{"@id":"https:\/\/saida-plants.com\/product\/psyllium-blond-ispaghula-isabgol-%d8%a8%d8%b3%d9%84%d9%8a%d9%88%d9%85-%d8%a3%d8%b4%d9%82%d8%b1-%d9%82%d8%b7%d9%88%d9%86%d8%a9\/#breadcrumb"},"inLanguage":"ar","potentialAction":[{"@type":"ReadAction","target":["https:\/\/saida-plants.com\/product\/psyllium-blond-ispaghula-isabgol-%d8%a8%d8%b3%d9%84%d9%8a%d9%88%d9%85-%d8%a3%d8%b4%d9%82%d8%b1-%d9%82%d8%b7%d9%88%d9%86%d8%a9\/"]}]},{"@type":"BreadcrumbList","@id":"https:\/\/saida-plants.com\/product\/psyllium-blond-ispaghula-isabgol-%d8%a8%d8%b3%d9%84%d9%8a%d9%88%d9%85-%d8%a3%d8%b4%d9%82%d8%b1-%d9%82%d8%b7%d9%88%d9%86%d8%a9\/#breadcrumb","itemListElement":[{"@type":"ListItem","position":1,"name":"Home","item":"https:\/\/saida-plants.com\/"},{"@type":"ListItem","position":2,"name":"Shop","item":"https:\/\/saida-plants.com\/ar\/shop\/"},{"@type":"ListItem","position":3,"name":"Psyllium blond ispaghula isabgol &#8211; \u0628\u0633\u0644\u064a\u0648\u0645 \u0623\u0634\u0642\u0631 \u0642\u0637\u0648\u0646\u0629"}]},{"@type":"WebSite","@id":"https:\/\/saida-plants.com\/#website","url":"https:\/\/saida-plants.com\/","name":"SaidaPlants","description":"1er Boutique En ligne Produit 100% Bio","publisher":{"@id":"https:\/\/saida-plants.com\/#organization"},"potentialAction":[{"@type":"SearchAction","target":{"@type":"EntryPoint","urlTemplate":"https:\/\/saida-plants.com\/?s={search_term_string}"},"query-input":"required name=search_term_string"}],"inLanguage":"ar"},{"@type":"Organization","@id":"https:\/\/saida-plants.com\/#organization","name":"SaidaPlants","url":"https:\/\/saida-plants.com\/","logo":{"@type":"ImageObject","inLanguage":"ar","@id":"https:\/\/saida-plants.com\/#\/schema\/logo\/image\/","url":"https:\/\/saida-plants.com\/wp-content\/uploads\/2021\/08\/WhatsApp-Image-2021-08-11-at-17.44.40.jpeg","contentUrl":"https:\/\/saida-plants.com\/wp-content\/uploads\/2021\/08\/WhatsApp-Image-2021-08-11-at-17.44.40.jpeg","width":1280,"height":463,"caption":"SaidaPlants"},"image":{"@id":"https:\/\/saida-plants.com\/#\/schema\/logo\/image\/"},"sameAs":["https:\/\/www.instagram.com\/saidaplants\/","https:\/\/www.facebook.com\/SaidaPlants"]}]}},"_links":{"self":[{"href":"https:\/\/saida-plants.com\/ar\/wp-json\/wp\/v2\/product\/892"}],"collection":[{"href":"https:\/\/saida-plants.com\/ar\/wp-json\/wp\/v2\/product"}],"about":[{"href":"https:\/\/saida-plants.com\/ar\/wp-json\/wp\/v2\/types\/product"}],"replies":[{"embeddable":true,"href":"https:\/\/saida-plants.com\/ar\/wp-json\/wp\/v2\/comments?post=892"}],"wp:featuredmedia":[{"embeddable":true,"href":"https:\/\/saida-plants.com\/ar\/wp-json\/wp\/v2\/media\/956"}],"wp:attachment":[{"href":"https:\/\/saida-plants.com\/ar\/wp-json\/wp\/v2\/media?parent=892"}],"wp:term":[{"taxonomy":"product_cat","embeddable":true,"href":"https:\/\/saida-plants.com\/ar\/wp-json\/wp\/v2\/product_cat?post=892"},{"taxonomy":"product_tag","embeddable":true,"href":"https:\/\/saida-plants.com\/ar\/wp-json\/wp\/v2\/product_tag?post=892"}],"curies":[{"name":"wp","href":"https:\/\/api.w.org\/{rel}","templated":true}]}}