{"id":893,"date":"2021-09-10T16:19:12","date_gmt":"2021-09-10T16:19:12","guid":{"rendered":"https:\/\/saida-plants.com\/?post_type=product&#038;p=893"},"modified":"2025-05-14T14:34:56","modified_gmt":"2025-05-14T14:34:56","slug":"la-gomme-arabique-bio-gomme-dacacia-%d8%a7%d9%84%d8%b5%d9%85%d8%ba-%d8%a7%d9%84%d8%b9%d8%b1%d8%a8%d9%8a-%d8%a7%d9%84%d8%b9%d9%84%d9%83","status":"publish","type":"product","link":"https:\/\/saida-plants.com\/ar\/product\/la-gomme-arabique-bio-gomme-dacacia-%d8%a7%d9%84%d8%b5%d9%85%d8%ba-%d8%a7%d9%84%d8%b9%d8%b1%d8%a8%d9%8a-%d8%a7%d9%84%d8%b9%d9%84%d9%83\/","title":{"rendered":"La gomme arabique Bio (Gomme d&rsquo;acacia) &#8211; (\u0627\u0644\u0635\u0645\u063a \u0627\u0644\u0639\u0631\u0628\u064a -\u0627\u0644\u0639\u0644\u0643)"},"content":{"rendered":"<h1><b>BIENFAITS\u00a0LA GOMME ARABIQUE BIO 100g<\/b><\/h1>\n<ul>\n<li>Produit naturel ne comportant aucun conservateur dans sa pr\u00e9paration<\/li>\n<li>Ce sont les produits respectant les principes Vegan qui se basent principalement sur le refus de l&rsquo;exploitation animale<\/li>\n<\/ul>\n<p>La gomme naturelle r\u00e9colt\u00e9e \u00e0 l&rsquo;ext\u00e9rieur de l&rsquo;acacia apr\u00e8s s\u00e9chage est constitu\u00e9e de nodules durs secs;<\/p>\n<p>la gomme arabique bio contient une pourcentage tr\u00e8s importante de fibres solubles naturelles (85%) et de calcium.<\/p>\n<p>Parmi ses bienfaits et ses vertus,elle\u00a0diminue\u00a0les incidences des maladies cardio-vasculaires.<\/p>\n<p>En plus,permet d&rsquo;am\u00e9liorer les fonctions des reins et traites les maladies associ\u00e9es \u00e0 l&rsquo;insuffisance r\u00e9nale qui sont :<\/p>\n<ul>\n<li><b>l&rsquo;hypertension art\u00e9rielle<\/b><\/li>\n<li><b>chol\u00e9st\u00e9rol<\/b><\/li>\n<li><b>n\u00e9phites et diab\u00e8te\u00a0<\/b><\/li>\n<\/ul>\n<h2><b>LES BIENFAITS DE LA GOMME ARABIQUE<\/b><\/h2>\n<ul>\n<li>La gomme d&rsquo;acacia aide \u00e0 contr\u00f4ler la glyc\u00e9mie(<a href=\"https:\/\/saida-plants.com\/ar\/product\/poudre-de-spiruline-bio-en-vrac-%d8%b3%d8%a8%d9%8a%d8%b1%d9%88%d9%84%d9%8a%d9%86%d8%a7\/\">poudre de spiruline<\/a>)<\/li>\n<li>Elle aide \u00e0 r\u00e9duire l&rsquo;absorption des sucres dans un corps<\/li>\n<li>Permet de lutter contre les taux \u00e9lev\u00e9s de l&rsquo;acidit\u00e9 d&rsquo;urine<\/li>\n<li>Elle aide \u00e0 traiter les probl\u00e8mes digestifs y compris la constipation et la diarrh\u00e9e<\/li>\n<li>Poss\u00e9de des fibres et glucides solubles et ucres<\/li>\n<li>Booste une bonne digestion<\/li>\n<li>Apaise la constipation<\/li>\n<li>Renforce le syst\u00e9me immunitaire(Feuillles de st\u00e9via)<\/li>\n<li>Apaise les maux de gorge(<a href=\"https:\/\/saida-plants.com\/ar\/product\/graines-de-nigel-100g-%d8%b4%d8%a7%d9%86%d9%88%d8%ac-%d8%b3%d8%a7%d9%86%d9%88%d8%ac\/\">graines de nigel<\/a>)<\/li>\n<li>Est un puissant qui aide \u00e0 perdre du poids(<a href=\"https:\/\/saida-plants.com\/ar\/product\/graines-de-psyllium-100g-%d8%a8%d8%b3%d9%84%d9%8a%d9%88%d9%85-%d8%a8%d8%b0%d9%88%d8%b1-%d9%82%d8%a7%d8%b7%d9%88%d9%86%d8%a9-%d8%a8%d8%b0%d9%88%d8%b1-%d9%82%d8%b7%d9%88%d9%86%d8%a9\/\">graines de psyllium<\/a>)<\/li>\n<li>Elle permet d&rsquo;am\u00e9liorer la fonction r\u00e9nale<\/li>\n<li>Permet \u00e9galement de prot\u00e9ger votre foie<\/li>\n<\/ul>\n<h3><b>COMMENT UTILISER LA GOMME ARABIQUE?<\/b><\/h3>\n<p>M\u00e9langez deux cuill\u00e8res \u00e0 soupe par tasse d&rsquo;eau et m\u00e9langez bien. ce produit miracle peut \u00e9galement \u00eatre associ\u00e9 \u00e0 d&rsquo;autres boissons.<\/p>\n<h3><b>COMMENT UTILISER LA GOMME ARABIQUE EN CUISINE\u00a0?<\/b><\/h3>\n<p>Il est principalement utilis\u00e9 dans les desserts et p\u00e2tisseries orientales.<\/p>\n<p>la gomme d&rsquo;acacia consid\u00e9r\u00e9 comme \u00e9paississant, en notamment un \u00e9mulsifiant.<\/p>\n<p>En plus, il existe dans diff\u00e9rents \u00e9lements,\u00e0 savoir:<\/p>\n<ul>\n<li>Guimauves<\/li>\n<li>Amandes \u00e0 sucre<\/li>\n<li>Loukoumscornes de gazelle,etc<\/li>\n<\/ul>\n<p>D&rsquo;un point de vue technique, bien que la poudre de gomme arabique soit de qualit\u00e9 inf\u00e9rieure, elle est connue pour \u00eatre plus facile \u00e0 utiliser et doser.<\/p>\n<p>G\u00e9n\u00e9ralement, sauf si vous \u00eates un p\u00e2tissier, la gomme arabique est difficile \u00e0 utiliser et \u00e0 doser. En revanche, ses propri\u00e9t\u00e9s particuli\u00e8res font qu&rsquo;il sera difficile.<\/p>\n<h3><b>Informations de livraison<\/b><\/h3>\n<ul>\n<li>Livraison assur\u00e9e par SaidaPlants, sous 24H \u00e0 Marrakech et sous 1 \u00e0 5 jours pour les autres villes du Maroc.<\/li>\n<li>Exp\u00e9dition pour les commandes \u00e0 l\u2019international sous 1 jour ouvr\u00e9. Les d\u00e9lais de livraison sont variables selon la destination et le mode de livraison choisi.<\/li>\n<\/ul>","protected":false},"excerpt":{"rendered":"<h1 style=\"text-align: center;\"><b>BIENFAITS\u00a0LA GOMME ARABIQUE BIO 100g<\/b><\/h1>\n<ul style=\"text-align: center;\">\n<li>Produit naturel ne comportant aucun conservateur dans sa pr\u00e9paration<\/li>\n<li>Ce sont les produits respectant les principes Vegan qui se basent principalement sur le refus de l&rsquo;exploitation animale<\/li>\n<\/ul>\n<p style=\"text-align: center;\">La gomme naturelle r\u00e9colt\u00e9e \u00e0 l&rsquo;ext\u00e9rieur de l&rsquo;acacia apr\u00e8s s\u00e9chage est constitu\u00e9e de nodules durs secs;<\/p>\n<p style=\"text-align: center;\">la gomme arabique bio contient une pourcentage tr\u00e8s importante de fibres solubles naturelles (85%) et de calcium.<\/p>\n<p style=\"text-align: center;\">Parmi ses bienfaits et ses vertus,elle\u00a0diminue\u00a0les incidences des maladies cardio-vasculaires.<\/p>\n<p style=\"text-align: center;\">En plus,permet d&rsquo;am\u00e9liorer les fonctions des reins et traites les maladies associ\u00e9es \u00e0 l&rsquo;insuffisance r\u00e9nale qui sont :<\/p>\n<ul>\n<li style=\"text-align: center;\"><b>l&rsquo;hypertension art\u00e9rielle<\/b><\/li>\n<li style=\"text-align: center;\"><b>chol\u00e9st\u00e9rol<\/b><\/li>\n<li style=\"text-align: center;\"><b>n\u00e9phites et diab\u00e8te\u00a0<\/b><\/li>\n<\/ul>","protected":false},"featured_media":945,"comment_status":"open","ping_status":"closed","template":"","meta":[],"product_cat":[70],"product_tag":[],"class_list":["post-893","product","type-product","status-publish","has-post-thumbnail","hentry","product_cat-super-food"],"yoast_head":"<!-- This site is optimized with the Yoast SEO plugin v19.13 - https:\/\/yoast.com\/wordpress\/plugins\/seo\/ -->\n<title>La gomme arabique Bio (Gomme d&#039;acacia) - (\u0627\u0644\u0635\u0645\u063a \u0627\u0644\u0639\u0631\u0628\u064a -\u0627\u0644\u0639\u0644\u0643) - SaidaPlants<\/title>\n<meta name=\"description\" content=\"La gomme arabique Bio - Nous faisons de notre mieux pour nos clients Obtenez le produit parfait et bio 100% fabriqu\u00e9 \u00e0 partir de la nature.\" \/>\n<meta name=\"robots\" content=\"index, follow, max-snippet:-1, max-image-preview:large, max-video-preview:-1\" \/>\n<link rel=\"canonical\" href=\"https:\/\/saida-plants.com\/ar\/product\/la-gomme-arabique-bio-gomme-dacacia-\u0627\u0644\u0635\u0645\u063a-\u0627\u0644\u0639\u0631\u0628\u064a-\u0627\u0644\u0639\u0644\u0643\/\" \/>\n<meta property=\"og:locale\" content=\"ar_AR\" \/>\n<meta property=\"og:type\" content=\"article\" \/>\n<meta property=\"og:title\" content=\"La gomme arabique Bio (Gomme d&#039;acacia) - (\u0627\u0644\u0635\u0645\u063a \u0627\u0644\u0639\u0631\u0628\u064a -\u0627\u0644\u0639\u0644\u0643) - SaidaPlants\" \/>\n<meta property=\"og:description\" content=\"La gomme arabique Bio - Nous faisons de notre mieux pour nos clients Obtenez le produit parfait et bio 100% fabriqu\u00e9 \u00e0 partir de la nature.\" \/>\n<meta property=\"og:url\" content=\"https:\/\/saida-plants.com\/ar\/product\/la-gomme-arabique-bio-gomme-dacacia-\u0627\u0644\u0635\u0645\u063a-\u0627\u0644\u0639\u0631\u0628\u064a-\u0627\u0644\u0639\u0644\u0643\/\" \/>\n<meta property=\"og:site_name\" content=\"SaidaPlants\" \/>\n<meta property=\"article:publisher\" content=\"https:\/\/www.facebook.com\/SaidaPlants\" \/>\n<meta property=\"article:modified_time\" content=\"2025-05-14T14:34:56+00:00\" \/>\n<meta property=\"og:image\" content=\"https:\/\/saida-plants.com\/wp-content\/uploads\/2021\/09\/mlj.jpg\" \/>\n\t<meta property=\"og:image:width\" content=\"1000\" \/>\n\t<meta property=\"og:image:height\" content=\"747\" \/>\n\t<meta property=\"og:image:type\" content=\"image\/jpeg\" \/>\n<meta name=\"twitter:card\" content=\"summary_large_image\" \/>\n<meta name=\"twitter:label1\" content=\"\u0648\u0642\u062a \u0627\u0644\u0642\u0631\u0627\u0621\u0629 \u0627\u0644\u0645\u064f\u0642\u062f\u0651\u0631\" \/>\n\t<meta name=\"twitter:data1\" content=\"\u062f\u0642\u064a\u0642\u062a\u0627\u0646\" \/>\n<script type=\"application\/ld+json\" class=\"yoast-schema-graph\">{\"@context\":\"https:\/\/schema.org\",\"@graph\":[{\"@type\":\"WebPage\",\"@id\":\"https:\/\/saida-plants.com\/product\/la-gomme-arabique-bio-gomme-dacacia-%d8%a7%d9%84%d8%b5%d9%85%d8%ba-%d8%a7%d9%84%d8%b9%d8%b1%d8%a8%d9%8a-%d8%a7%d9%84%d8%b9%d9%84%d9%83\/\",\"url\":\"https:\/\/saida-plants.com\/product\/la-gomme-arabique-bio-gomme-dacacia-%d8%a7%d9%84%d8%b5%d9%85%d8%ba-%d8%a7%d9%84%d8%b9%d8%b1%d8%a8%d9%8a-%d8%a7%d9%84%d8%b9%d9%84%d9%83\/\",\"name\":\"La gomme arabique Bio (Gomme d'acacia) - (\u0627\u0644\u0635\u0645\u063a \u0627\u0644\u0639\u0631\u0628\u064a -\u0627\u0644\u0639\u0644\u0643) - SaidaPlants\",\"isPartOf\":{\"@id\":\"https:\/\/saida-plants.com\/#website\"},\"datePublished\":\"2021-09-10T16:19:12+00:00\",\"dateModified\":\"2025-05-14T14:34:56+00:00\",\"description\":\"La gomme arabique Bio - Nous faisons de notre mieux pour nos clients Obtenez le produit parfait et bio 100% fabriqu\u00e9 \u00e0 partir de la nature.\",\"breadcrumb\":{\"@id\":\"https:\/\/saida-plants.com\/product\/la-gomme-arabique-bio-gomme-dacacia-%d8%a7%d9%84%d8%b5%d9%85%d8%ba-%d8%a7%d9%84%d8%b9%d8%b1%d8%a8%d9%8a-%d8%a7%d9%84%d8%b9%d9%84%d9%83\/#breadcrumb\"},\"inLanguage\":\"ar\",\"potentialAction\":[{\"@type\":\"ReadAction\",\"target\":[\"https:\/\/saida-plants.com\/product\/la-gomme-arabique-bio-gomme-dacacia-%d8%a7%d9%84%d8%b5%d9%85%d8%ba-%d8%a7%d9%84%d8%b9%d8%b1%d8%a8%d9%8a-%d8%a7%d9%84%d8%b9%d9%84%d9%83\/\"]}]},{\"@type\":\"BreadcrumbList\",\"@id\":\"https:\/\/saida-plants.com\/product\/la-gomme-arabique-bio-gomme-dacacia-%d8%a7%d9%84%d8%b5%d9%85%d8%ba-%d8%a7%d9%84%d8%b9%d8%b1%d8%a8%d9%8a-%d8%a7%d9%84%d8%b9%d9%84%d9%83\/#breadcrumb\",\"itemListElement\":[{\"@type\":\"ListItem\",\"position\":1,\"name\":\"Home\",\"item\":\"https:\/\/saida-plants.com\/\"},{\"@type\":\"ListItem\",\"position\":2,\"name\":\"Shop\",\"item\":\"https:\/\/saida-plants.com\/ar\/shop\/\"},{\"@type\":\"ListItem\",\"position\":3,\"name\":\"La gomme arabique Bio (Gomme d&#8217;acacia) &#8211; (\u0627\u0644\u0635\u0645\u063a \u0627\u0644\u0639\u0631\u0628\u064a -\u0627\u0644\u0639\u0644\u0643)\"}]},{\"@type\":\"WebSite\",\"@id\":\"https:\/\/saida-plants.com\/#website\",\"url\":\"https:\/\/saida-plants.com\/\",\"name\":\"SaidaPlants\",\"description\":\"1er Boutique En ligne Produit 100% Bio\",\"publisher\":{\"@id\":\"https:\/\/saida-plants.com\/#organization\"},\"potentialAction\":[{\"@type\":\"SearchAction\",\"target\":{\"@type\":\"EntryPoint\",\"urlTemplate\":\"https:\/\/saida-plants.com\/?s={search_term_string}\"},\"query-input\":\"required name=search_term_string\"}],\"inLanguage\":\"ar\"},{\"@type\":\"Organization\",\"@id\":\"https:\/\/saida-plants.com\/#organization\",\"name\":\"SaidaPlants\",\"url\":\"https:\/\/saida-plants.com\/\",\"logo\":{\"@type\":\"ImageObject\",\"inLanguage\":\"ar\",\"@id\":\"https:\/\/saida-plants.com\/#\/schema\/logo\/image\/\",\"url\":\"https:\/\/saida-plants.com\/wp-content\/uploads\/2021\/08\/WhatsApp-Image-2021-08-11-at-17.44.40.jpeg\",\"contentUrl\":\"https:\/\/saida-plants.com\/wp-content\/uploads\/2021\/08\/WhatsApp-Image-2021-08-11-at-17.44.40.jpeg\",\"width\":1280,\"height\":463,\"caption\":\"SaidaPlants\"},\"image\":{\"@id\":\"https:\/\/saida-plants.com\/#\/schema\/logo\/image\/\"},\"sameAs\":[\"https:\/\/www.instagram.com\/saidaplants\/\",\"https:\/\/www.facebook.com\/SaidaPlants\"]}]}<\/script>\n<!-- \/ Yoast SEO plugin. -->","yoast_head_json":{"title":"La gomme arabique Bio (Gomme d'acacia) - (\u0627\u0644\u0635\u0645\u063a \u0627\u0644\u0639\u0631\u0628\u064a -\u0627\u0644\u0639\u0644\u0643) - SaidaPlants","description":"La gomme arabique Bio - Nous faisons de notre mieux pour nos clients Obtenez le produit parfait et bio 100% fabriqu\u00e9 \u00e0 partir de la nature.","robots":{"index":"index","follow":"follow","max-snippet":"max-snippet:-1","max-image-preview":"max-image-preview:large","max-video-preview":"max-video-preview:-1"},"canonical":"https:\/\/saida-plants.com\/ar\/product\/la-gomme-arabique-bio-gomme-dacacia-\u0627\u0644\u0635\u0645\u063a-\u0627\u0644\u0639\u0631\u0628\u064a-\u0627\u0644\u0639\u0644\u0643\/","og_locale":"ar_AR","og_type":"article","og_title":"La gomme arabique Bio (Gomme d'acacia) - (\u0627\u0644\u0635\u0645\u063a \u0627\u0644\u0639\u0631\u0628\u064a -\u0627\u0644\u0639\u0644\u0643) - SaidaPlants","og_description":"La gomme arabique Bio - Nous faisons de notre mieux pour nos clients Obtenez le produit parfait et bio 100% fabriqu\u00e9 \u00e0 partir de la nature.","og_url":"https:\/\/saida-plants.com\/ar\/product\/la-gomme-arabique-bio-gomme-dacacia-\u0627\u0644\u0635\u0645\u063a-\u0627\u0644\u0639\u0631\u0628\u064a-\u0627\u0644\u0639\u0644\u0643\/","og_site_name":"SaidaPlants","article_publisher":"https:\/\/www.facebook.com\/SaidaPlants","article_modified_time":"2025-05-14T14:34:56+00:00","og_image":[{"width":1000,"height":747,"url":"https:\/\/saida-plants.com\/wp-content\/uploads\/2021\/09\/mlj.jpg","type":"image\/jpeg"}],"twitter_card":"summary_large_image","twitter_misc":{"\u0648\u0642\u062a \u0627\u0644\u0642\u0631\u0627\u0621\u0629 \u0627\u0644\u0645\u064f\u0642\u062f\u0651\u0631":"\u062f\u0642\u064a\u0642\u062a\u0627\u0646"},"schema":{"@context":"https:\/\/schema.org","@graph":[{"@type":"WebPage","@id":"https:\/\/saida-plants.com\/product\/la-gomme-arabique-bio-gomme-dacacia-%d8%a7%d9%84%d8%b5%d9%85%d8%ba-%d8%a7%d9%84%d8%b9%d8%b1%d8%a8%d9%8a-%d8%a7%d9%84%d8%b9%d9%84%d9%83\/","url":"https:\/\/saida-plants.com\/product\/la-gomme-arabique-bio-gomme-dacacia-%d8%a7%d9%84%d8%b5%d9%85%d8%ba-%d8%a7%d9%84%d8%b9%d8%b1%d8%a8%d9%8a-%d8%a7%d9%84%d8%b9%d9%84%d9%83\/","name":"La gomme arabique Bio (Gomme d'acacia) - (\u0627\u0644\u0635\u0645\u063a \u0627\u0644\u0639\u0631\u0628\u064a -\u0627\u0644\u0639\u0644\u0643) - SaidaPlants","isPartOf":{"@id":"https:\/\/saida-plants.com\/#website"},"datePublished":"2021-09-10T16:19:12+00:00","dateModified":"2025-05-14T14:34:56+00:00","description":"La gomme arabique Bio - Nous faisons de notre mieux pour nos clients Obtenez le produit parfait et bio 100% fabriqu\u00e9 \u00e0 partir de la nature.","breadcrumb":{"@id":"https:\/\/saida-plants.com\/product\/la-gomme-arabique-bio-gomme-dacacia-%d8%a7%d9%84%d8%b5%d9%85%d8%ba-%d8%a7%d9%84%d8%b9%d8%b1%d8%a8%d9%8a-%d8%a7%d9%84%d8%b9%d9%84%d9%83\/#breadcrumb"},"inLanguage":"ar","potentialAction":[{"@type":"ReadAction","target":["https:\/\/saida-plants.com\/product\/la-gomme-arabique-bio-gomme-dacacia-%d8%a7%d9%84%d8%b5%d9%85%d8%ba-%d8%a7%d9%84%d8%b9%d8%b1%d8%a8%d9%8a-%d8%a7%d9%84%d8%b9%d9%84%d9%83\/"]}]},{"@type":"BreadcrumbList","@id":"https:\/\/saida-plants.com\/product\/la-gomme-arabique-bio-gomme-dacacia-%d8%a7%d9%84%d8%b5%d9%85%d8%ba-%d8%a7%d9%84%d8%b9%d8%b1%d8%a8%d9%8a-%d8%a7%d9%84%d8%b9%d9%84%d9%83\/#breadcrumb","itemListElement":[{"@type":"ListItem","position":1,"name":"Home","item":"https:\/\/saida-plants.com\/"},{"@type":"ListItem","position":2,"name":"Shop","item":"https:\/\/saida-plants.com\/ar\/shop\/"},{"@type":"ListItem","position":3,"name":"La gomme arabique Bio (Gomme d&#8217;acacia) &#8211; (\u0627\u0644\u0635\u0645\u063a \u0627\u0644\u0639\u0631\u0628\u064a -\u0627\u0644\u0639\u0644\u0643)"}]},{"@type":"WebSite","@id":"https:\/\/saida-plants.com\/#website","url":"https:\/\/saida-plants.com\/","name":"SaidaPlants","description":"1er Boutique En ligne Produit 100% Bio","publisher":{"@id":"https:\/\/saida-plants.com\/#organization"},"potentialAction":[{"@type":"SearchAction","target":{"@type":"EntryPoint","urlTemplate":"https:\/\/saida-plants.com\/?s={search_term_string}"},"query-input":"required name=search_term_string"}],"inLanguage":"ar"},{"@type":"Organization","@id":"https:\/\/saida-plants.com\/#organization","name":"SaidaPlants","url":"https:\/\/saida-plants.com\/","logo":{"@type":"ImageObject","inLanguage":"ar","@id":"https:\/\/saida-plants.com\/#\/schema\/logo\/image\/","url":"https:\/\/saida-plants.com\/wp-content\/uploads\/2021\/08\/WhatsApp-Image-2021-08-11-at-17.44.40.jpeg","contentUrl":"https:\/\/saida-plants.com\/wp-content\/uploads\/2021\/08\/WhatsApp-Image-2021-08-11-at-17.44.40.jpeg","width":1280,"height":463,"caption":"SaidaPlants"},"image":{"@id":"https:\/\/saida-plants.com\/#\/schema\/logo\/image\/"},"sameAs":["https:\/\/www.instagram.com\/saidaplants\/","https:\/\/www.facebook.com\/SaidaPlants"]}]}},"_links":{"self":[{"href":"https:\/\/saida-plants.com\/ar\/wp-json\/wp\/v2\/product\/893"}],"collection":[{"href":"https:\/\/saida-plants.com\/ar\/wp-json\/wp\/v2\/product"}],"about":[{"href":"https:\/\/saida-plants.com\/ar\/wp-json\/wp\/v2\/types\/product"}],"replies":[{"embeddable":true,"href":"https:\/\/saida-plants.com\/ar\/wp-json\/wp\/v2\/comments?post=893"}],"wp:featuredmedia":[{"embeddable":true,"href":"https:\/\/saida-plants.com\/ar\/wp-json\/wp\/v2\/media\/945"}],"wp:attachment":[{"href":"https:\/\/saida-plants.com\/ar\/wp-json\/wp\/v2\/media?parent=893"}],"wp:term":[{"taxonomy":"product_cat","embeddable":true,"href":"https:\/\/saida-plants.com\/ar\/wp-json\/wp\/v2\/product_cat?post=893"},{"taxonomy":"product_tag","embeddable":true,"href":"https:\/\/saida-plants.com\/ar\/wp-json\/wp\/v2\/product_tag?post=893"}],"curies":[{"name":"wp","href":"https:\/\/api.w.org\/{rel}","templated":true}]}}