{"id":894,"date":"2021-09-10T16:18:22","date_gmt":"2021-09-10T16:18:22","guid":{"rendered":"https:\/\/saida-plants.com\/?post_type=product&#038;p=894"},"modified":"2021-09-10T16:18:22","modified_gmt":"2021-09-10T16:18:22","slug":"graines-de-pollen-%d8%ad%d8%a8%d9%88%d8%a8-%d8%a7%d9%84%d9%84%d9%82%d8%a7%d8%ad","status":"publish","type":"product","link":"https:\/\/saida-plants.com\/ar\/product\/graines-de-pollen-%d8%ad%d8%a8%d9%88%d8%a8-%d8%a7%d9%84%d9%84%d9%82%d8%a7%d8%ad\/","title":{"rendered":"Graines de Pollen &#8211; (\u062d\u0628\u0648\u0628 \u0627\u0644\u0644\u0642\u0627\u062d)"},"content":{"rendered":"<h1><b>BIENFAITS\u00a0GRAINES DE POLLEN 100g<\/b><\/h1>\n<ul>\n<li>Produit naturel ne comportant aucun conservateur dans sa pr\u00e9paration<\/li>\n<li>Ce sont les produits respectant les principes Vegan qui se basent principalement sur le refus de l&rsquo;exploitation animale<\/li>\n<\/ul>\n<p>Le pollen repr\u00e9sente une collection de grains microscopiques produits par les \u00e9tamines, qui repr\u00e9sentent les \u00e9l\u00e9ments m\u00e2les des plantes \u00e0 fleurs. Lorsque le vent ou les insectes transportent du pollen, il germe sur la stigmatisation du pistil.<\/p>\n<p>Les graines de pollen poss\u00e9dent de multiples vertus et avantages sur votre sant\u00e9.<\/p>\n<h2><b>LES BIENFAITS DU POLLEN<\/b><\/h2>\n<ul>\n<li>Est un energisant naturel et combat l\u2019an\u00e9mie<\/li>\n<li>Permet de renforcer le syst\u00e8me immunitaire(encens oliban)<\/li>\n<li>il aide \u00e0 pr\u00e9venir la grippe(badiane chinoise)<\/li>\n<li>Equilibre la digestion<\/li>\n<li>Permet de traiter les allergies saisonni\u00e8res<\/li>\n<li>Aide \u00e9galement \u00e0\u00a0votre condition physique<\/li>\n<li>Le pollen permet aussi de prot\u00e8ger les voies respiratoires<\/li>\n<li>Renforce et favorise le syst\u00e8me Cardio-Vasculaire(myrtilles)<\/li>\n<li>Apaise les douleurs de la prostate<\/li>\n<li>Permet de combattre les probl\u00e8mes d&rsquo;infertilit\u00e9(ginseng en poudre)<\/li>\n<\/ul>\n<h3><b>VALEUR NUTRITIONNELLE\u00a0<\/b><\/h3>\n<p>Le pollen est tr\u00e8s riche en ingr\u00e9dients, il est donc devenu un aliment tr\u00e9s n\u00e9cessaire pour les personnes qui le consomment, notamment:<\/p>\n<ul>\n<li>Des vitamines notamment celles des groupes A, B, C,etc)<\/li>\n<li>Des min\u00e9raux\u00a0(fer, calcium,phosphore, magn\u00e9sium, postassium,etc)<span class=\"Apple-converted-space\">\u00a0<\/span><\/li>\n<li>Oligo-\u00e9l\u00e9ments<span class=\"Apple-converted-space\">\u00a0<\/span><\/li>\n<li>Des prot\u00e9ines v\u00e9g\u00e9tales<span class=\"Apple-converted-space\">\u00a0<\/span><\/li>\n<li>Des antioxydants<span class=\"Apple-converted-space\">\u00a0<\/span><\/li>\n<li>Acides amin\u00e9s<\/li>\n<li>Des phytost\u00e9rols<span class=\"Apple-converted-space\">\u00a0<\/span><\/li>\n<li>Antibiotiques naturels<\/li>\n<\/ul>\n<h3><b>COMPOSITION<\/b><\/h3>\n<p>Le pollen poss\u00e9de des aliments 100% naturels, il ne contenant aucun conservateur ou ingr\u00e9dient chimique<\/p>\n<h3><b>Informations de livraison<\/b><\/h3>\n<ul>\n<li>Livraison assur\u00e9e par <a href=\"https:\/\/saida-plants.com\/ar\/product-category\/super-food\/\">SaidaPlants<\/a>, sous 24H \u00e0 Marrakech et sous 1 \u00e0 5 jours pour les autres villes du Maroc.<\/li>\n<li>Exp\u00e9dition pour les commandes \u00e0 l\u2019international sous 1 jour ouvr\u00e9. Les d\u00e9lais de livraison sont variables selon la destination et le mode de livraison choisi.<\/li>\n<\/ul>","protected":false},"excerpt":{"rendered":"<h1 style=\"text-align: center;\"><b>BIENFAITS\u00a0GRAINES DE POLLEN 100g<\/b><\/h1>\n<ul style=\"text-align: center;\">\n<li>Produit naturel ne comportant aucun conservateur dans sa pr\u00e9paration<\/li>\n<li>Ce sont les produits respectant les principes Vegan qui se basent principalement sur le refus de l&rsquo;exploitation animale<\/li>\n<\/ul>\n<p style=\"text-align: center;\">Le pollen repr\u00e9sente une collection de grains microscopiques produits par les \u00e9tamines, qui repr\u00e9sentent les \u00e9l\u00e9ments m\u00e2les des plantes \u00e0 fleurs. Lorsque le vent ou les insectes transportent du pollen, il germe sur la stigmatisation du pistil.<\/p>\n<p style=\"text-align: center;\">Les graines de pollen poss\u00e9dent de multiples vertus et avantages sur votre sant\u00e9.<\/p>","protected":false},"featured_media":944,"comment_status":"open","ping_status":"closed","template":"","meta":[],"product_cat":[70],"product_tag":[],"class_list":["post-894","product","type-product","status-publish","has-post-thumbnail","hentry","product_cat-super-food"],"yoast_head":"<!-- This site is optimized with the Yoast SEO plugin v19.13 - https:\/\/yoast.com\/wordpress\/plugins\/seo\/ -->\n<title>Graines de Pollen - (\u062d\u0628\u0648\u0628 \u0627\u0644\u0644\u0642\u0627\u062d) - SaidaPlants<\/title>\n<meta name=\"description\" content=\"Graines de Pollen - Nous faisons de notre mieux pour nos clients Obtenez le produit parfait et bio 100% fabriqu\u00e9 \u00e0 partir de la nature.\" \/>\n<meta name=\"robots\" content=\"index, follow, max-snippet:-1, max-image-preview:large, max-video-preview:-1\" \/>\n<link rel=\"canonical\" href=\"https:\/\/saida-plants.com\/ar\/product\/graines-de-pollen-\u062d\u0628\u0648\u0628-\u0627\u0644\u0644\u0642\u0627\u062d\/\" \/>\n<meta property=\"og:locale\" content=\"ar_AR\" \/>\n<meta property=\"og:type\" content=\"article\" \/>\n<meta property=\"og:title\" content=\"Graines de Pollen - (\u062d\u0628\u0648\u0628 \u0627\u0644\u0644\u0642\u0627\u062d) - SaidaPlants\" \/>\n<meta property=\"og:description\" content=\"Graines de Pollen - Nous faisons de notre mieux pour nos clients Obtenez le produit parfait et bio 100% fabriqu\u00e9 \u00e0 partir de la nature.\" \/>\n<meta property=\"og:url\" content=\"https:\/\/saida-plants.com\/ar\/product\/graines-de-pollen-\u062d\u0628\u0648\u0628-\u0627\u0644\u0644\u0642\u0627\u062d\/\" \/>\n<meta property=\"og:site_name\" content=\"SaidaPlants\" \/>\n<meta property=\"article:publisher\" content=\"https:\/\/www.facebook.com\/SaidaPlants\" \/>\n<meta property=\"og:image\" content=\"https:\/\/saida-plants.com\/wp-content\/uploads\/2021\/09\/kugukg.jpg\" \/>\n\t<meta property=\"og:image:width\" content=\"1400\" \/>\n\t<meta property=\"og:image:height\" content=\"933\" \/>\n\t<meta property=\"og:image:type\" content=\"image\/jpeg\" \/>\n<meta name=\"twitter:card\" content=\"summary_large_image\" \/>\n<meta name=\"twitter:label1\" content=\"\u0648\u0642\u062a \u0627\u0644\u0642\u0631\u0627\u0621\u0629 \u0627\u0644\u0645\u064f\u0642\u062f\u0651\u0631\" \/>\n\t<meta name=\"twitter:data1\" content=\"\u062f\u0642\u064a\u0642\u062a\u0627\u0646\" \/>\n<script type=\"application\/ld+json\" class=\"yoast-schema-graph\">{\"@context\":\"https:\/\/schema.org\",\"@graph\":[{\"@type\":\"WebPage\",\"@id\":\"https:\/\/saida-plants.com\/product\/graines-de-pollen-%d8%ad%d8%a8%d9%88%d8%a8-%d8%a7%d9%84%d9%84%d9%82%d8%a7%d8%ad\/\",\"url\":\"https:\/\/saida-plants.com\/product\/graines-de-pollen-%d8%ad%d8%a8%d9%88%d8%a8-%d8%a7%d9%84%d9%84%d9%82%d8%a7%d8%ad\/\",\"name\":\"Graines de Pollen - (\u062d\u0628\u0648\u0628 \u0627\u0644\u0644\u0642\u0627\u062d) - SaidaPlants\",\"isPartOf\":{\"@id\":\"https:\/\/saida-plants.com\/#website\"},\"datePublished\":\"2021-09-10T16:18:22+00:00\",\"dateModified\":\"2021-09-10T16:18:22+00:00\",\"description\":\"Graines de Pollen - Nous faisons de notre mieux pour nos clients Obtenez le produit parfait et bio 100% fabriqu\u00e9 \u00e0 partir de la nature.\",\"breadcrumb\":{\"@id\":\"https:\/\/saida-plants.com\/product\/graines-de-pollen-%d8%ad%d8%a8%d9%88%d8%a8-%d8%a7%d9%84%d9%84%d9%82%d8%a7%d8%ad\/#breadcrumb\"},\"inLanguage\":\"ar\",\"potentialAction\":[{\"@type\":\"ReadAction\",\"target\":[\"https:\/\/saida-plants.com\/product\/graines-de-pollen-%d8%ad%d8%a8%d9%88%d8%a8-%d8%a7%d9%84%d9%84%d9%82%d8%a7%d8%ad\/\"]}]},{\"@type\":\"BreadcrumbList\",\"@id\":\"https:\/\/saida-plants.com\/product\/graines-de-pollen-%d8%ad%d8%a8%d9%88%d8%a8-%d8%a7%d9%84%d9%84%d9%82%d8%a7%d8%ad\/#breadcrumb\",\"itemListElement\":[{\"@type\":\"ListItem\",\"position\":1,\"name\":\"Home\",\"item\":\"https:\/\/saida-plants.com\/\"},{\"@type\":\"ListItem\",\"position\":2,\"name\":\"Shop\",\"item\":\"https:\/\/saida-plants.com\/ar\/shop\/\"},{\"@type\":\"ListItem\",\"position\":3,\"name\":\"Graines de Pollen &#8211; (\u062d\u0628\u0648\u0628 \u0627\u0644\u0644\u0642\u0627\u062d)\"}]},{\"@type\":\"WebSite\",\"@id\":\"https:\/\/saida-plants.com\/#website\",\"url\":\"https:\/\/saida-plants.com\/\",\"name\":\"SaidaPlants\",\"description\":\"1er Boutique En ligne Produit 100% Bio\",\"publisher\":{\"@id\":\"https:\/\/saida-plants.com\/#organization\"},\"potentialAction\":[{\"@type\":\"SearchAction\",\"target\":{\"@type\":\"EntryPoint\",\"urlTemplate\":\"https:\/\/saida-plants.com\/?s={search_term_string}\"},\"query-input\":\"required name=search_term_string\"}],\"inLanguage\":\"ar\"},{\"@type\":\"Organization\",\"@id\":\"https:\/\/saida-plants.com\/#organization\",\"name\":\"SaidaPlants\",\"url\":\"https:\/\/saida-plants.com\/\",\"logo\":{\"@type\":\"ImageObject\",\"inLanguage\":\"ar\",\"@id\":\"https:\/\/saida-plants.com\/#\/schema\/logo\/image\/\",\"url\":\"https:\/\/saida-plants.com\/wp-content\/uploads\/2021\/08\/WhatsApp-Image-2021-08-11-at-17.44.40.jpeg\",\"contentUrl\":\"https:\/\/saida-plants.com\/wp-content\/uploads\/2021\/08\/WhatsApp-Image-2021-08-11-at-17.44.40.jpeg\",\"width\":1280,\"height\":463,\"caption\":\"SaidaPlants\"},\"image\":{\"@id\":\"https:\/\/saida-plants.com\/#\/schema\/logo\/image\/\"},\"sameAs\":[\"https:\/\/www.instagram.com\/saidaplants\/\",\"https:\/\/www.facebook.com\/SaidaPlants\"]}]}<\/script>\n<!-- \/ Yoast SEO plugin. -->","yoast_head_json":{"title":"Graines de Pollen - (\u062d\u0628\u0648\u0628 \u0627\u0644\u0644\u0642\u0627\u062d) - SaidaPlants","description":"Graines de Pollen - Nous faisons de notre mieux pour nos clients Obtenez le produit parfait et bio 100% fabriqu\u00e9 \u00e0 partir de la nature.","robots":{"index":"index","follow":"follow","max-snippet":"max-snippet:-1","max-image-preview":"max-image-preview:large","max-video-preview":"max-video-preview:-1"},"canonical":"https:\/\/saida-plants.com\/ar\/product\/graines-de-pollen-\u062d\u0628\u0648\u0628-\u0627\u0644\u0644\u0642\u0627\u062d\/","og_locale":"ar_AR","og_type":"article","og_title":"Graines de Pollen - (\u062d\u0628\u0648\u0628 \u0627\u0644\u0644\u0642\u0627\u062d) - SaidaPlants","og_description":"Graines de Pollen - Nous faisons de notre mieux pour nos clients Obtenez le produit parfait et bio 100% fabriqu\u00e9 \u00e0 partir de la nature.","og_url":"https:\/\/saida-plants.com\/ar\/product\/graines-de-pollen-\u062d\u0628\u0648\u0628-\u0627\u0644\u0644\u0642\u0627\u062d\/","og_site_name":"SaidaPlants","article_publisher":"https:\/\/www.facebook.com\/SaidaPlants","og_image":[{"width":1400,"height":933,"url":"https:\/\/saida-plants.com\/wp-content\/uploads\/2021\/09\/kugukg.jpg","type":"image\/jpeg"}],"twitter_card":"summary_large_image","twitter_misc":{"\u0648\u0642\u062a \u0627\u0644\u0642\u0631\u0627\u0621\u0629 \u0627\u0644\u0645\u064f\u0642\u062f\u0651\u0631":"\u062f\u0642\u064a\u0642\u062a\u0627\u0646"},"schema":{"@context":"https:\/\/schema.org","@graph":[{"@type":"WebPage","@id":"https:\/\/saida-plants.com\/product\/graines-de-pollen-%d8%ad%d8%a8%d9%88%d8%a8-%d8%a7%d9%84%d9%84%d9%82%d8%a7%d8%ad\/","url":"https:\/\/saida-plants.com\/product\/graines-de-pollen-%d8%ad%d8%a8%d9%88%d8%a8-%d8%a7%d9%84%d9%84%d9%82%d8%a7%d8%ad\/","name":"Graines de Pollen - (\u062d\u0628\u0648\u0628 \u0627\u0644\u0644\u0642\u0627\u062d) - SaidaPlants","isPartOf":{"@id":"https:\/\/saida-plants.com\/#website"},"datePublished":"2021-09-10T16:18:22+00:00","dateModified":"2021-09-10T16:18:22+00:00","description":"Graines de Pollen - Nous faisons de notre mieux pour nos clients Obtenez le produit parfait et bio 100% fabriqu\u00e9 \u00e0 partir de la nature.","breadcrumb":{"@id":"https:\/\/saida-plants.com\/product\/graines-de-pollen-%d8%ad%d8%a8%d9%88%d8%a8-%d8%a7%d9%84%d9%84%d9%82%d8%a7%d8%ad\/#breadcrumb"},"inLanguage":"ar","potentialAction":[{"@type":"ReadAction","target":["https:\/\/saida-plants.com\/product\/graines-de-pollen-%d8%ad%d8%a8%d9%88%d8%a8-%d8%a7%d9%84%d9%84%d9%82%d8%a7%d8%ad\/"]}]},{"@type":"BreadcrumbList","@id":"https:\/\/saida-plants.com\/product\/graines-de-pollen-%d8%ad%d8%a8%d9%88%d8%a8-%d8%a7%d9%84%d9%84%d9%82%d8%a7%d8%ad\/#breadcrumb","itemListElement":[{"@type":"ListItem","position":1,"name":"Home","item":"https:\/\/saida-plants.com\/"},{"@type":"ListItem","position":2,"name":"Shop","item":"https:\/\/saida-plants.com\/ar\/shop\/"},{"@type":"ListItem","position":3,"name":"Graines de Pollen &#8211; (\u062d\u0628\u0648\u0628 \u0627\u0644\u0644\u0642\u0627\u062d)"}]},{"@type":"WebSite","@id":"https:\/\/saida-plants.com\/#website","url":"https:\/\/saida-plants.com\/","name":"SaidaPlants","description":"1er Boutique En ligne Produit 100% Bio","publisher":{"@id":"https:\/\/saida-plants.com\/#organization"},"potentialAction":[{"@type":"SearchAction","target":{"@type":"EntryPoint","urlTemplate":"https:\/\/saida-plants.com\/?s={search_term_string}"},"query-input":"required name=search_term_string"}],"inLanguage":"ar"},{"@type":"Organization","@id":"https:\/\/saida-plants.com\/#organization","name":"SaidaPlants","url":"https:\/\/saida-plants.com\/","logo":{"@type":"ImageObject","inLanguage":"ar","@id":"https:\/\/saida-plants.com\/#\/schema\/logo\/image\/","url":"https:\/\/saida-plants.com\/wp-content\/uploads\/2021\/08\/WhatsApp-Image-2021-08-11-at-17.44.40.jpeg","contentUrl":"https:\/\/saida-plants.com\/wp-content\/uploads\/2021\/08\/WhatsApp-Image-2021-08-11-at-17.44.40.jpeg","width":1280,"height":463,"caption":"SaidaPlants"},"image":{"@id":"https:\/\/saida-plants.com\/#\/schema\/logo\/image\/"},"sameAs":["https:\/\/www.instagram.com\/saidaplants\/","https:\/\/www.facebook.com\/SaidaPlants"]}]}},"_links":{"self":[{"href":"https:\/\/saida-plants.com\/ar\/wp-json\/wp\/v2\/product\/894"}],"collection":[{"href":"https:\/\/saida-plants.com\/ar\/wp-json\/wp\/v2\/product"}],"about":[{"href":"https:\/\/saida-plants.com\/ar\/wp-json\/wp\/v2\/types\/product"}],"replies":[{"embeddable":true,"href":"https:\/\/saida-plants.com\/ar\/wp-json\/wp\/v2\/comments?post=894"}],"wp:featuredmedia":[{"embeddable":true,"href":"https:\/\/saida-plants.com\/ar\/wp-json\/wp\/v2\/media\/944"}],"wp:attachment":[{"href":"https:\/\/saida-plants.com\/ar\/wp-json\/wp\/v2\/media?parent=894"}],"wp:term":[{"taxonomy":"product_cat","embeddable":true,"href":"https:\/\/saida-plants.com\/ar\/wp-json\/wp\/v2\/product_cat?post=894"},{"taxonomy":"product_tag","embeddable":true,"href":"https:\/\/saida-plants.com\/ar\/wp-json\/wp\/v2\/product_tag?post=894"}],"curies":[{"name":"wp","href":"https:\/\/api.w.org\/{rel}","templated":true}]}}