{"id":895,"date":"2021-09-10T16:45:28","date_gmt":"2021-09-10T16:45:28","guid":{"rendered":"https:\/\/saida-plants.com\/?post_type=product&#038;p=895"},"modified":"2026-01-11T20:35:55","modified_gmt":"2026-01-11T20:35:55","slug":"safran-taliouine-maroccaine-100-bio-pur-%d8%b2%d8%b9%d9%81%d8%b1%d8%a7%d9%86-%d8%ad%d8%b1","status":"publish","type":"product","link":"https:\/\/saida-plants.com\/ar\/product\/safran-taliouine-maroccaine-100-bio-pur-%d8%b2%d8%b9%d9%81%d8%b1%d8%a7%d9%86-%d8%ad%d8%b1\/","title":{"rendered":"Safran Taliouine Maroccaine 100% Bio &#038; Pur &#8211; (\u0632\u0639\u0641\u0631\u0627\u0646 \u062d\u0631)"},"content":{"rendered":"<h1><b>BIENFAITS\u00a0SAFRAN TALIOUINE MAROCCAINE 1g<\/b><\/h1>\n<ul>\n<li>Produit naturel ne comportant aucun conservateur dans sa pr\u00e9paration<\/li>\n<li>Ce sont les produits respectant les principes Vegan qui se basent principalement sur le refus de l&rsquo;exploitation animale<\/li>\n<\/ul>\n<p>Le safran est l&rsquo;\u00e9pice la plus ch\u00e8re au monde.Il est parmi les \u00c9pices les plus c\u00e9l\u00e8bres ou renomm\u00e9es,consid\u00e9r\u00e9 comme une plante m\u00e9dicinale et puissant.<\/p>\n<p>le safran taliouine bio poss\u00e9de de plusieurs avantages fondamentaux. Il a \u00e0 la fois des effets analg\u00e9siques et toniques et peut r\u00e9sister aux cellules canc\u00e9reuses(feuilles de neem), \u00e0 la fatigue, aux douleurs menstruelles, \u00e0 la d\u00e9pression l\u00e9g\u00e8re, \u00e0 l&rsquo;insomnie et aux maladies cardiovasculaires.<\/p>\n<p>De plus,IL est pr\u00e9sent\u00e9 comme\u00a0un aphrodisiaque f\u00e9minin de premier ordre.<\/p>\n<h2><b>CARACT\u00c9RISTIQUES DU\u00a0SAFRAN TALIOUINE MAROCCAINE<\/b><\/h2>\n<p>il se caract\u00e9rise de plusieurs \u00e9l\u00e9ments essentiels, \u00e0 savoir:<\/p>\n<ul>\n<li>Antioxydant<\/li>\n<li>Relaxant(sel de bain,sel de mer)<\/li>\n<li>Permet de stimuler la digestion(fenugrec helba)<\/li>\n<li>Il est riche en aliments comme le <a href=\"https:\/\/www.passeportsante.net\/fr\/Solutions\/PlantesSupplements\/Fiche.aspx?doc=fer_ps\">fer <\/a>et le <a href=\"https:\/\/www.doctissimo.fr\/html\/nutrition\/vitamines_mineraux\/magnesium.htm\">magn\u00e9sium<\/a><\/li>\n<li>Est une source de <a href=\"https:\/\/www.doctissimo.fr\/html\/nutrition\/vitamines_mineraux\/vitamine_b6.htm\">vitamine B6<\/a><\/li>\n<\/ul>\n<h3><b>PROPRI\u00c9T\u00c9S &amp; BIENFAITS DU\u00a0SAFRAN TALIOUINE MAROCCAINE<\/b><\/h3>\n<p>Le Safran pur de taliouine pr\u00e9sente 3 avantages fondamentaux:<\/p>\n<ul>\n<li>\u00e9pice renomm\u00e9e<\/li>\n<li>plante m\u00e9dicinale<\/li>\n<li>un puissant colorant naturel<\/li>\n<li>Il est tonifiant et\u00a0analg\u00e9sique<\/li>\n<li>Permet de combattre plusieurs probl\u00e9mes li\u00e9s \u00e0 votre sant\u00e9 comme le cancer, fatigue, douleurs menstruelles<\/li>\n<li>Il permet \u00e9galement d&rsquo;envisager\u00a0et surmonter sur la d\u00e9pression l\u00e9g\u00e8re, insomnie et accidents cardiovasculaires<\/li>\n<\/ul>\n<h3><b>COMPOSANTES DU SAFRAN<\/b><\/h3>\n<p>Les \u00e9pices, en particulier le safran bio, sont compos\u00e9es de trois ingr\u00e9dients principaux:<\/p>\n<ul>\n<li>la saveur<\/li>\n<li>la couleur<\/li>\n<li>l\u2019ar\u00f4me<\/li>\n<\/ul>\n<p>c\u2019est ce qu\u2019on appelle l\u2019architecture organoleptique. Si nous voulons simplifier l&rsquo;explication, chimiquement le safran taliouine est compos\u00e9 de :<\/p>\n<ul>\n<li>piccrocrocine (saveur)<\/li>\n<li>\u03b1-crocine (couleur)<\/li>\n<li>safranal (saveur)<\/li>\n<\/ul>\n<h3><b>Informations de livraison<\/b><\/h3>\n<ul>\n<li>Livraison assur\u00e9e par <a href=\"https:\/\/saida-plants.com\/ar\/product-category\/super-food\/\">SaidaPlants<\/a>, sous 24H \u00e0 Marrakech et sous 1 \u00e0 5 jours pour les autres villes du Maroc.<\/li>\n<li>Exp\u00e9dition pour les commandes \u00e0 l\u2019international sous 1 jour ouvr\u00e9. Les d\u00e9lais de livraison sont variables selon la destination et le mode de livraison choisi.<\/li>\n<\/ul>","protected":false},"excerpt":{"rendered":"<h1 style=\"text-align: center;\"><b>BIENFAITS\u00a0SAFRAN TALIOUINE MAROCCAINE 1g<\/b><\/h1>\n<ul style=\"text-align: center;\">\n<li>Produit naturel ne comportant aucun conservateur dans sa pr\u00e9paration<\/li>\n<li>Ce sont les produits respectant les principes Vegan qui se basent principalement sur le refus de l&rsquo;exploitation animale<\/li>\n<\/ul>\n<p style=\"text-align: center;\">Le safran est l&rsquo;\u00e9pice la plus ch\u00e8re au monde.Il est parmi les \u00c9pices les plus c\u00e9l\u00e8bres ou renomm\u00e9es,consid\u00e9r\u00e9 comme une plante m\u00e9dicinale et puissant.<\/p>\n<p style=\"text-align: center;\">le safran taliouine bio poss\u00e9de de plusieurs avantages fondamentaux. Il a \u00e0 la fois des effets analg\u00e9siques et toniques et peut r\u00e9sister aux cellules canc\u00e9reuses(feuilles de neem), \u00e0 la fatigue, aux douleurs menstruelles, \u00e0 la d\u00e9pression l\u00e9g\u00e8re, \u00e0 l&rsquo;insomnie et aux maladies cardiovasculaires.<\/p>\n<p style=\"text-align: center;\">De plus,IL est pr\u00e9sent\u00e9 comme\u00a0un aphrodisiaque f\u00e9minin de premier ordre.<\/p>","protected":false},"featured_media":962,"comment_status":"open","ping_status":"closed","template":"","meta":[],"product_cat":[70],"product_tag":[],"class_list":["post-895","product","type-product","status-publish","has-post-thumbnail","hentry","product_cat-super-food"],"yoast_head":"<!-- This site is optimized with the Yoast SEO plugin v19.13 - https:\/\/yoast.com\/wordpress\/plugins\/seo\/ -->\n<title>Safran Taliouine Maroccaine 100% Bio &amp; Pur - (\u0632\u0639\u0641\u0631\u0627\u0646 \u062d\u0631) - SaidaPlants<\/title>\n<meta name=\"description\" content=\"Safran Taliouine Maroccaine - Nous faisons de notre mieux pour nos clients Obtenez le produit parfait et bio 100% fabriqu\u00e9 \u00e0 partir de la nature.\" \/>\n<meta name=\"robots\" content=\"index, follow, max-snippet:-1, max-image-preview:large, max-video-preview:-1\" \/>\n<link rel=\"canonical\" href=\"https:\/\/saida-plants.com\/ar\/product\/safran-taliouine-maroccaine-100-bio-pur-\u0632\u0639\u0641\u0631\u0627\u0646-\u062d\u0631\/\" \/>\n<meta property=\"og:locale\" content=\"ar_AR\" \/>\n<meta property=\"og:type\" content=\"article\" \/>\n<meta property=\"og:title\" content=\"Safran Taliouine Maroccaine 100% Bio &amp; Pur - (\u0632\u0639\u0641\u0631\u0627\u0646 \u062d\u0631) - SaidaPlants\" \/>\n<meta property=\"og:description\" content=\"Safran Taliouine Maroccaine - Nous faisons de notre mieux pour nos clients Obtenez le produit parfait et bio 100% fabriqu\u00e9 \u00e0 partir de la nature.\" \/>\n<meta property=\"og:url\" content=\"https:\/\/saida-plants.com\/ar\/product\/safran-taliouine-maroccaine-100-bio-pur-\u0632\u0639\u0641\u0631\u0627\u0646-\u062d\u0631\/\" \/>\n<meta property=\"og:site_name\" content=\"SaidaPlants\" \/>\n<meta property=\"article:publisher\" content=\"https:\/\/www.facebook.com\/SaidaPlants\" \/>\n<meta property=\"article:modified_time\" content=\"2026-01-11T20:35:55+00:00\" \/>\n<meta property=\"og:image\" content=\"https:\/\/saida-plants.com\/wp-content\/uploads\/2021\/09\/lkncezmk.png\" \/>\n\t<meta property=\"og:image:width\" content=\"381\" \/>\n\t<meta property=\"og:image:height\" content=\"492\" \/>\n\t<meta property=\"og:image:type\" content=\"image\/png\" \/>\n<meta name=\"twitter:card\" content=\"summary_large_image\" \/>\n<meta name=\"twitter:label1\" content=\"\u0648\u0642\u062a \u0627\u0644\u0642\u0631\u0627\u0621\u0629 \u0627\u0644\u0645\u064f\u0642\u062f\u0651\u0631\" \/>\n\t<meta name=\"twitter:data1\" content=\"\u062f\u0642\u064a\u0642\u062a\u0627\u0646\" \/>\n<script type=\"application\/ld+json\" class=\"yoast-schema-graph\">{\"@context\":\"https:\/\/schema.org\",\"@graph\":[{\"@type\":\"WebPage\",\"@id\":\"https:\/\/saida-plants.com\/product\/safran-taliouine-maroccaine-100-bio-pur-%d8%b2%d8%b9%d9%81%d8%b1%d8%a7%d9%86-%d8%ad%d8%b1\/\",\"url\":\"https:\/\/saida-plants.com\/product\/safran-taliouine-maroccaine-100-bio-pur-%d8%b2%d8%b9%d9%81%d8%b1%d8%a7%d9%86-%d8%ad%d8%b1\/\",\"name\":\"Safran Taliouine Maroccaine 100% Bio & Pur - (\u0632\u0639\u0641\u0631\u0627\u0646 \u062d\u0631) - SaidaPlants\",\"isPartOf\":{\"@id\":\"https:\/\/saida-plants.com\/#website\"},\"datePublished\":\"2021-09-10T16:45:28+00:00\",\"dateModified\":\"2026-01-11T20:35:55+00:00\",\"description\":\"Safran Taliouine Maroccaine - Nous faisons de notre mieux pour nos clients Obtenez le produit parfait et bio 100% fabriqu\u00e9 \u00e0 partir de la nature.\",\"breadcrumb\":{\"@id\":\"https:\/\/saida-plants.com\/product\/safran-taliouine-maroccaine-100-bio-pur-%d8%b2%d8%b9%d9%81%d8%b1%d8%a7%d9%86-%d8%ad%d8%b1\/#breadcrumb\"},\"inLanguage\":\"ar\",\"potentialAction\":[{\"@type\":\"ReadAction\",\"target\":[\"https:\/\/saida-plants.com\/product\/safran-taliouine-maroccaine-100-bio-pur-%d8%b2%d8%b9%d9%81%d8%b1%d8%a7%d9%86-%d8%ad%d8%b1\/\"]}]},{\"@type\":\"BreadcrumbList\",\"@id\":\"https:\/\/saida-plants.com\/product\/safran-taliouine-maroccaine-100-bio-pur-%d8%b2%d8%b9%d9%81%d8%b1%d8%a7%d9%86-%d8%ad%d8%b1\/#breadcrumb\",\"itemListElement\":[{\"@type\":\"ListItem\",\"position\":1,\"name\":\"Home\",\"item\":\"https:\/\/saida-plants.com\/\"},{\"@type\":\"ListItem\",\"position\":2,\"name\":\"Shop\",\"item\":\"https:\/\/saida-plants.com\/ar\/shop\/\"},{\"@type\":\"ListItem\",\"position\":3,\"name\":\"Safran Taliouine Maroccaine 100% Bio &#038; Pur &#8211; (\u0632\u0639\u0641\u0631\u0627\u0646 \u062d\u0631)\"}]},{\"@type\":\"WebSite\",\"@id\":\"https:\/\/saida-plants.com\/#website\",\"url\":\"https:\/\/saida-plants.com\/\",\"name\":\"SaidaPlants\",\"description\":\"1er Boutique En ligne Produit 100% Bio\",\"publisher\":{\"@id\":\"https:\/\/saida-plants.com\/#organization\"},\"potentialAction\":[{\"@type\":\"SearchAction\",\"target\":{\"@type\":\"EntryPoint\",\"urlTemplate\":\"https:\/\/saida-plants.com\/?s={search_term_string}\"},\"query-input\":\"required name=search_term_string\"}],\"inLanguage\":\"ar\"},{\"@type\":\"Organization\",\"@id\":\"https:\/\/saida-plants.com\/#organization\",\"name\":\"SaidaPlants\",\"url\":\"https:\/\/saida-plants.com\/\",\"logo\":{\"@type\":\"ImageObject\",\"inLanguage\":\"ar\",\"@id\":\"https:\/\/saida-plants.com\/#\/schema\/logo\/image\/\",\"url\":\"https:\/\/saida-plants.com\/wp-content\/uploads\/2021\/08\/WhatsApp-Image-2021-08-11-at-17.44.40.jpeg\",\"contentUrl\":\"https:\/\/saida-plants.com\/wp-content\/uploads\/2021\/08\/WhatsApp-Image-2021-08-11-at-17.44.40.jpeg\",\"width\":1280,\"height\":463,\"caption\":\"SaidaPlants\"},\"image\":{\"@id\":\"https:\/\/saida-plants.com\/#\/schema\/logo\/image\/\"},\"sameAs\":[\"https:\/\/www.instagram.com\/saidaplants\/\",\"https:\/\/www.facebook.com\/SaidaPlants\"]}]}<\/script>\n<!-- \/ Yoast SEO plugin. -->","yoast_head_json":{"title":"Safran Taliouine Maroccaine 100% Bio & Pur - (\u0632\u0639\u0641\u0631\u0627\u0646 \u062d\u0631) - SaidaPlants","description":"Safran Taliouine Maroccaine - Nous faisons de notre mieux pour nos clients Obtenez le produit parfait et bio 100% fabriqu\u00e9 \u00e0 partir de la nature.","robots":{"index":"index","follow":"follow","max-snippet":"max-snippet:-1","max-image-preview":"max-image-preview:large","max-video-preview":"max-video-preview:-1"},"canonical":"https:\/\/saida-plants.com\/ar\/product\/safran-taliouine-maroccaine-100-bio-pur-\u0632\u0639\u0641\u0631\u0627\u0646-\u062d\u0631\/","og_locale":"ar_AR","og_type":"article","og_title":"Safran Taliouine Maroccaine 100% Bio & Pur - (\u0632\u0639\u0641\u0631\u0627\u0646 \u062d\u0631) - SaidaPlants","og_description":"Safran Taliouine Maroccaine - Nous faisons de notre mieux pour nos clients Obtenez le produit parfait et bio 100% fabriqu\u00e9 \u00e0 partir de la nature.","og_url":"https:\/\/saida-plants.com\/ar\/product\/safran-taliouine-maroccaine-100-bio-pur-\u0632\u0639\u0641\u0631\u0627\u0646-\u062d\u0631\/","og_site_name":"SaidaPlants","article_publisher":"https:\/\/www.facebook.com\/SaidaPlants","article_modified_time":"2026-01-11T20:35:55+00:00","og_image":[{"width":381,"height":492,"url":"https:\/\/saida-plants.com\/wp-content\/uploads\/2021\/09\/lkncezmk.png","type":"image\/png"}],"twitter_card":"summary_large_image","twitter_misc":{"\u0648\u0642\u062a \u0627\u0644\u0642\u0631\u0627\u0621\u0629 \u0627\u0644\u0645\u064f\u0642\u062f\u0651\u0631":"\u062f\u0642\u064a\u0642\u062a\u0627\u0646"},"schema":{"@context":"https:\/\/schema.org","@graph":[{"@type":"WebPage","@id":"https:\/\/saida-plants.com\/product\/safran-taliouine-maroccaine-100-bio-pur-%d8%b2%d8%b9%d9%81%d8%b1%d8%a7%d9%86-%d8%ad%d8%b1\/","url":"https:\/\/saida-plants.com\/product\/safran-taliouine-maroccaine-100-bio-pur-%d8%b2%d8%b9%d9%81%d8%b1%d8%a7%d9%86-%d8%ad%d8%b1\/","name":"Safran Taliouine Maroccaine 100% Bio & Pur - (\u0632\u0639\u0641\u0631\u0627\u0646 \u062d\u0631) - SaidaPlants","isPartOf":{"@id":"https:\/\/saida-plants.com\/#website"},"datePublished":"2021-09-10T16:45:28+00:00","dateModified":"2026-01-11T20:35:55+00:00","description":"Safran Taliouine Maroccaine - Nous faisons de notre mieux pour nos clients Obtenez le produit parfait et bio 100% fabriqu\u00e9 \u00e0 partir de la nature.","breadcrumb":{"@id":"https:\/\/saida-plants.com\/product\/safran-taliouine-maroccaine-100-bio-pur-%d8%b2%d8%b9%d9%81%d8%b1%d8%a7%d9%86-%d8%ad%d8%b1\/#breadcrumb"},"inLanguage":"ar","potentialAction":[{"@type":"ReadAction","target":["https:\/\/saida-plants.com\/product\/safran-taliouine-maroccaine-100-bio-pur-%d8%b2%d8%b9%d9%81%d8%b1%d8%a7%d9%86-%d8%ad%d8%b1\/"]}]},{"@type":"BreadcrumbList","@id":"https:\/\/saida-plants.com\/product\/safran-taliouine-maroccaine-100-bio-pur-%d8%b2%d8%b9%d9%81%d8%b1%d8%a7%d9%86-%d8%ad%d8%b1\/#breadcrumb","itemListElement":[{"@type":"ListItem","position":1,"name":"Home","item":"https:\/\/saida-plants.com\/"},{"@type":"ListItem","position":2,"name":"Shop","item":"https:\/\/saida-plants.com\/ar\/shop\/"},{"@type":"ListItem","position":3,"name":"Safran Taliouine Maroccaine 100% Bio &#038; Pur &#8211; (\u0632\u0639\u0641\u0631\u0627\u0646 \u062d\u0631)"}]},{"@type":"WebSite","@id":"https:\/\/saida-plants.com\/#website","url":"https:\/\/saida-plants.com\/","name":"SaidaPlants","description":"1er Boutique En ligne Produit 100% Bio","publisher":{"@id":"https:\/\/saida-plants.com\/#organization"},"potentialAction":[{"@type":"SearchAction","target":{"@type":"EntryPoint","urlTemplate":"https:\/\/saida-plants.com\/?s={search_term_string}"},"query-input":"required name=search_term_string"}],"inLanguage":"ar"},{"@type":"Organization","@id":"https:\/\/saida-plants.com\/#organization","name":"SaidaPlants","url":"https:\/\/saida-plants.com\/","logo":{"@type":"ImageObject","inLanguage":"ar","@id":"https:\/\/saida-plants.com\/#\/schema\/logo\/image\/","url":"https:\/\/saida-plants.com\/wp-content\/uploads\/2021\/08\/WhatsApp-Image-2021-08-11-at-17.44.40.jpeg","contentUrl":"https:\/\/saida-plants.com\/wp-content\/uploads\/2021\/08\/WhatsApp-Image-2021-08-11-at-17.44.40.jpeg","width":1280,"height":463,"caption":"SaidaPlants"},"image":{"@id":"https:\/\/saida-plants.com\/#\/schema\/logo\/image\/"},"sameAs":["https:\/\/www.instagram.com\/saidaplants\/","https:\/\/www.facebook.com\/SaidaPlants"]}]}},"_links":{"self":[{"href":"https:\/\/saida-plants.com\/ar\/wp-json\/wp\/v2\/product\/895"}],"collection":[{"href":"https:\/\/saida-plants.com\/ar\/wp-json\/wp\/v2\/product"}],"about":[{"href":"https:\/\/saida-plants.com\/ar\/wp-json\/wp\/v2\/types\/product"}],"replies":[{"embeddable":true,"href":"https:\/\/saida-plants.com\/ar\/wp-json\/wp\/v2\/comments?post=895"}],"wp:featuredmedia":[{"embeddable":true,"href":"https:\/\/saida-plants.com\/ar\/wp-json\/wp\/v2\/media\/962"}],"wp:attachment":[{"href":"https:\/\/saida-plants.com\/ar\/wp-json\/wp\/v2\/media?parent=895"}],"wp:term":[{"taxonomy":"product_cat","embeddable":true,"href":"https:\/\/saida-plants.com\/ar\/wp-json\/wp\/v2\/product_cat?post=895"},{"taxonomy":"product_tag","embeddable":true,"href":"https:\/\/saida-plants.com\/ar\/wp-json\/wp\/v2\/product_tag?post=895"}],"curies":[{"name":"wp","href":"https:\/\/api.w.org\/{rel}","templated":true}]}}