{"id":896,"date":"2021-08-20T15:45:51","date_gmt":"2021-08-20T15:45:51","guid":{"rendered":"https:\/\/saida-plants.com\/?post_type=product&#038;p=896"},"modified":"2025-09-26T13:48:15","modified_gmt":"2025-09-26T13:48:15","slug":"baies-de-goji-en-vrac-%d8%a7%d9%84%d9%83%d9%88%d8%ac%d9%8a","status":"publish","type":"product","link":"https:\/\/saida-plants.com\/ar\/product\/baies-de-goji-en-vrac-%d8%a7%d9%84%d9%83%d9%88%d8%ac%d9%8a\/","title":{"rendered":"Baies de Goji en Vrac &#8211; (\u0627\u0644\u0643\u0648\u062c\u064a)"},"content":{"rendered":"<h1><b>BIENFAITS\u00a0BAIES DE GOJI 100g<\/b><\/h1>\n<ul>\n<li>Produit naturel ne comportant aucun conservateur dans sa pr\u00e9paration<\/li>\n<li>Ce sont les produits respectant les principes Vegan qui se basent principalement sur le refus de l&rsquo;exploitation animale<\/li>\n<\/ul>\n<h2><b>BAIES DE GOJI BIO:PROPRI\u00c9T\u00c9S ET BIENFAITS<\/b><\/h2>\n<p><b>La baie de Goji<\/b>\u00a0en arabe\u00a0 :\u00a0 \u0627\u0644\u0643\u0648\u062c\u064a est pr\u00e9sent\u00e9e comme un produit tr\u00e8s utile dans les cas comme fatigue, faiblesse immunitaire et Qualifi\u00e9e de \u00ab <b>superfruits<\/b> \u00bb, les baies de Goji ont beaucoup de bienfaits car sont de v\u00e9ritables aliments-sant\u00e9.<\/p>\n<p><a href=\"https:\/\/saida-plants.com\/ar\/product-category\/super-food\/\"><b>Les bienfaits<\/b><\/a> de baie de Goji sur la sant\u00e9 sont diversifi\u00e9s tels que, infection urinaire, pr\u00e9vention des troubles, renforce le syst\u00e8me immunitaire, ralentit le vieillissement cellulaire et aide \u00e0 combattre la fatigue.<\/p>\n<ul>\n<li>\n<h3><b>Conservation:<\/b><\/h3>\n<\/li>\n<\/ul>\n<p>La baie de goji peut \u00eatre conserv\u00e9e pendant 12 mois sans perte de qualit\u00e9 nutritionnelle. Il est pr\u00e9f\u00e9rable de les conserver dans un contenant ou un r\u00e9cipient herm\u00e9tique. La cl\u00e9 pour les prot\u00e9ger est de les garder au sec.<\/p>\n<p>G\u00e9n\u00e9ralement, les baies de goji s\u00e9ch\u00e9es peuvent \u00eatre bien conserv\u00e9es \u00e0 temp\u00e9rature ambiante, mais vous devez les mettre au r\u00e9frig\u00e9rateur pour les prot\u00e9ger de l&rsquo;\u00e9t\u00e9 chaud, sinon les baies resteront ensemble.<\/p>\n<ul>\n<li>\n<h3><b><a href=\"https:\/\/www.passeportsante.net\/fr\/Solutions\/PlantesSupplements\/Fiche.aspx?doc=goji_ps\">Mode d&rsquo;utilisation<\/a>:<\/b><\/h3>\n<\/li>\n<\/ul>\n<p>Pendant le traitement, il est recommand\u00e9 de consommer 10 \u00e0 20g de baies s\u00e9ch\u00e9es par jour. La consommation quotidienne peut \u00eatre prolong\u00e9e de 30 jours.<\/p>\n<p>Vous pouvez les d\u00e9guster ainsi comme des raisins secs, au go\u00fbter, ou les m\u00e9langer dans vos desserts : salades de fruits, cr\u00e8mes caramel, biscuits secs, fromages blancs, autant de mani\u00e8res de varier les plaisir !<\/p>\n<p>Si vous pr\u00e9f\u00e9rez le sal\u00e9, le goji se marie parfaitement \u00e0 des pr\u00e9parations telles que les salades de crudit\u00e9s pour un , les cakes, la viande et m\u00eame le poisson. Et pour les amateurs de th\u00e9, sachez qu\u2019il est possible de concocter des infusions en servant de l\u2019eau chaude sur une cuill\u00e8re \u00e0 soupe de baies de Goji.<\/p>\n<ul>\n<li>\n<h3><b>Contre-indications:<\/b><\/h3>\n<\/li>\n<\/ul>\n<p>Les enfants de moins de 7 ans ne doivent pas consommer de baies de goji. Les personnes allergiques aux aliments solanac\u00e9s ne devraient pas consommer de baies goji (y compris les tomates, les pommes de terre, les aubergines, les poivrons, etc.). Il n&rsquo;est pas recommand\u00e9 aux personnes qui utilisent des anticoagulants d&rsquo;utiliser le goji.<\/p>\n<p>Les femmes enceintes ou qui allaitent ne doivent pas consommer de baies goji, car le goji a un effet stimulant sur l&rsquo;ut\u00e9rus.<\/p>\n<ul>\n<li>\n<h3><b>Pr\u00e9caution d&#8217;emploi:<\/b><\/h3>\n<\/li>\n<\/ul>\n<p>Les baies de Goji sont tr\u00e8s stimulantes, c&rsquo;est pourquoi il n&rsquo;est pas recommand\u00e9 de les consommer en fin de journ\u00e9e.<\/p>\n<ul>\n<li>\n<h3><b>Valeur nutritive de la baie de goji<\/b><\/h3>\n<\/li>\n<\/ul>\n<table cellspacing=\"0\" cellpadding=\"0\">\n<tbody>\n<tr>\n<td valign=\"top\"><b>Pour 28 g<\/b><\/td>\n<td valign=\"top\"><\/td>\n<\/tr>\n<tr>\n<td valign=\"top\">Calories<\/td>\n<td valign=\"top\">98 kcal<\/td>\n<\/tr>\n<tr>\n<td valign=\"top\">Eau<\/td>\n<td valign=\"top\">2,1 g<\/td>\n<\/tr>\n<tr>\n<td valign=\"top\">Glucides<\/td>\n<td valign=\"top\">21,6 g<\/td>\n<\/tr>\n<tr>\n<td valign=\"top\">Fibres alimentaires<\/td>\n<td valign=\"top\">3,6 g<\/td>\n<\/tr>\n<tr>\n<td valign=\"top\">Prot\u00e9ines<\/td>\n<td valign=\"top\">4 g<\/td>\n<\/tr>\n<tr>\n<td valign=\"top\">Lipides<\/td>\n<td valign=\"top\">0,1 g<\/td>\n<\/tr>\n<tr>\n<td valign=\"top\">Vitamine C<\/td>\n<td valign=\"top\">13,6 mg<\/td>\n<\/tr>\n<tr>\n<td valign=\"top\">Calcium<\/td>\n<td valign=\"top\">53 mg<\/td>\n<\/tr>\n<tr>\n<td valign=\"top\">Fer<\/td>\n<td valign=\"top\">1,9 mg<\/td>\n<\/tr>\n<tr>\n<td valign=\"top\">Vitamine A<\/td>\n<td valign=\"top\">2255 \u00b5g<\/td>\n<\/tr>\n<\/tbody>\n<\/table>\n<h3><b>\u00a0 \u00a0Utilisation<\/b><\/h3>\n<ul>\n<li>Livr\u00e9 dans un Sachet ZIP anti-UV et refermable.<\/li>\n<li>Il est souhaitable de prendre 20 \u00e0 40 grammes, de pr\u00e9f\u00e9rence le matin. Le Goji peut \u00eatre consomm\u00e9 nature (tr\u00e8s agr\u00e9able), m\u00e9lang\u00e9 avec un yaourt, dans une boisson ou ajout\u00e9 \u00e0 diff\u00e9rents plats et salades.<\/li>\n<\/ul>\n<p><b>Mode de s\u00e9chage\u00a0:<\/b> \u00e0 l&rsquo;ancienne, sans sucre, sans conservateurs et sans additifs.<\/p>\n<h3><b>Informations de livraison<\/b><\/h3>\n<ul>\n<li>Livraison assur\u00e9e par SaidaPlants, sous 24H \u00e0 Marrakech et sous 1 \u00e0 5 jours pour les autres villes du Maroc.<\/li>\n<li>Exp\u00e9dition pour les commandes \u00e0 l\u2019international sous 1 jour ouvr\u00e9. Les d\u00e9lais de livraison sont variables selon la destination et le mode de livraison choisi.<\/li>\n<\/ul>","protected":false},"excerpt":{"rendered":"<h1 style=\"text-align: center;\"><b>BIENFAITS\u00a0BAIES DE GOJI 100g<\/b><\/h1>\n<ul style=\"text-align: center;\">\n<li>Produit naturel ne comportant aucun conservateur dans sa pr\u00e9paration<\/li>\n<li>Ce sont les produits respectant les principes Vegan qui se basent principalement sur le refus de l&rsquo;exploitation animale<\/li>\n<\/ul>\n<h2 style=\"text-align: center;\"><b>BAIES DE GOJI BIO:PROPRI\u00c9T\u00c9S ET BIENFAITS<\/b><\/h2>\n<p style=\"text-align: center;\">\u00a0<b>La baie de Goji<\/b>\u00a0en arabe\u00a0 :\u00a0 \u0627\u0644\u0643\u0648\u062c\u064a est pr\u00e9sent\u00e9e comme un produit tr\u00e8s utile dans les cas comme fatigue, faiblesse immunitaire et Qualifi\u00e9e de \u00ab <b>superfruits<\/b> \u00bb, les baies de Goji ont beaucoup de bienfaits car sont de v\u00e9ritables aliments-sant\u00e9.<\/p>\n<p style=\"text-align: center;\"><b>Les bienfaits<\/b> de baie de Goji sur la sant\u00e9 sont diversifi\u00e9s tels que, infection urinaire, pr\u00e9vention des troubles, renforce le syst\u00e8me immunitaire, ralentit le vieillissement cellulaire et aide \u00e0 combattre la fatigue.<\/p>","protected":false},"featured_media":897,"comment_status":"open","ping_status":"closed","template":"","meta":[],"product_cat":[70],"product_tag":[],"class_list":["post-896","product","type-product","status-publish","has-post-thumbnail","hentry","product_cat-super-food"],"yoast_head":"<!-- This site is optimized with the Yoast SEO plugin v19.13 - https:\/\/yoast.com\/wordpress\/plugins\/seo\/ -->\n<title>Baies de Goji en Vrac - (\u0627\u0644\u0643\u0648\u062c\u064a) - SaidaPlants<\/title>\n<meta name=\"description\" content=\"Baies de Goji - Nous faisons de notre mieux pour nos clients Obtenez le produit parfait et bio 100% fabriqu\u00e9 \u00e0 partir de la nature.\" \/>\n<meta name=\"robots\" content=\"index, follow, max-snippet:-1, max-image-preview:large, max-video-preview:-1\" \/>\n<link rel=\"canonical\" href=\"https:\/\/saida-plants.com\/ar\/product\/baies-de-goji-en-vrac-\u0627\u0644\u0643\u0648\u062c\u064a\/\" \/>\n<meta property=\"og:locale\" content=\"ar_AR\" \/>\n<meta property=\"og:type\" content=\"article\" \/>\n<meta property=\"og:title\" content=\"Baies de Goji en Vrac - (\u0627\u0644\u0643\u0648\u062c\u064a) - SaidaPlants\" \/>\n<meta property=\"og:description\" content=\"Baies de Goji - Nous faisons de notre mieux pour nos clients Obtenez le produit parfait et bio 100% fabriqu\u00e9 \u00e0 partir de la nature.\" \/>\n<meta property=\"og:url\" content=\"https:\/\/saida-plants.com\/ar\/product\/baies-de-goji-en-vrac-\u0627\u0644\u0643\u0648\u062c\u064a\/\" \/>\n<meta property=\"og:site_name\" content=\"SaidaPlants\" \/>\n<meta property=\"article:publisher\" content=\"https:\/\/www.facebook.com\/SaidaPlants\" \/>\n<meta property=\"article:modified_time\" content=\"2025-09-26T13:48:15+00:00\" \/>\n<meta property=\"og:image\" content=\"https:\/\/saida-plants.com\/wp-content\/uploads\/2021\/08\/11-1400x788.png\" \/>\n\t<meta property=\"og:image:width\" content=\"1400\" \/>\n\t<meta property=\"og:image:height\" content=\"788\" \/>\n\t<meta property=\"og:image:type\" content=\"image\/png\" \/>\n<meta name=\"twitter:card\" content=\"summary_large_image\" \/>\n<meta name=\"twitter:label1\" content=\"\u0648\u0642\u062a \u0627\u0644\u0642\u0631\u0627\u0621\u0629 \u0627\u0644\u0645\u064f\u0642\u062f\u0651\u0631\" \/>\n\t<meta name=\"twitter:data1\" content=\"3 \u062f\u0642\u0627\u0626\u0642\" \/>\n<script type=\"application\/ld+json\" class=\"yoast-schema-graph\">{\"@context\":\"https:\/\/schema.org\",\"@graph\":[{\"@type\":\"WebPage\",\"@id\":\"https:\/\/saida-plants.com\/product\/baies-de-goji-en-vrac-%d8%a7%d9%84%d9%83%d9%88%d8%ac%d9%8a\/\",\"url\":\"https:\/\/saida-plants.com\/product\/baies-de-goji-en-vrac-%d8%a7%d9%84%d9%83%d9%88%d8%ac%d9%8a\/\",\"name\":\"Baies de Goji en Vrac - (\u0627\u0644\u0643\u0648\u062c\u064a) - SaidaPlants\",\"isPartOf\":{\"@id\":\"https:\/\/saida-plants.com\/#website\"},\"datePublished\":\"2021-08-20T15:45:51+00:00\",\"dateModified\":\"2025-09-26T13:48:15+00:00\",\"description\":\"Baies de Goji - Nous faisons de notre mieux pour nos clients Obtenez le produit parfait et bio 100% fabriqu\u00e9 \u00e0 partir de la nature.\",\"breadcrumb\":{\"@id\":\"https:\/\/saida-plants.com\/product\/baies-de-goji-en-vrac-%d8%a7%d9%84%d9%83%d9%88%d8%ac%d9%8a\/#breadcrumb\"},\"inLanguage\":\"ar\",\"potentialAction\":[{\"@type\":\"ReadAction\",\"target\":[\"https:\/\/saida-plants.com\/product\/baies-de-goji-en-vrac-%d8%a7%d9%84%d9%83%d9%88%d8%ac%d9%8a\/\"]}]},{\"@type\":\"BreadcrumbList\",\"@id\":\"https:\/\/saida-plants.com\/product\/baies-de-goji-en-vrac-%d8%a7%d9%84%d9%83%d9%88%d8%ac%d9%8a\/#breadcrumb\",\"itemListElement\":[{\"@type\":\"ListItem\",\"position\":1,\"name\":\"Home\",\"item\":\"https:\/\/saida-plants.com\/\"},{\"@type\":\"ListItem\",\"position\":2,\"name\":\"Shop\",\"item\":\"https:\/\/saida-plants.com\/ar\/shop\/\"},{\"@type\":\"ListItem\",\"position\":3,\"name\":\"Baies de Goji en Vrac &#8211; (\u0627\u0644\u0643\u0648\u062c\u064a)\"}]},{\"@type\":\"WebSite\",\"@id\":\"https:\/\/saida-plants.com\/#website\",\"url\":\"https:\/\/saida-plants.com\/\",\"name\":\"SaidaPlants\",\"description\":\"1er Boutique En ligne Produit 100% Bio\",\"publisher\":{\"@id\":\"https:\/\/saida-plants.com\/#organization\"},\"potentialAction\":[{\"@type\":\"SearchAction\",\"target\":{\"@type\":\"EntryPoint\",\"urlTemplate\":\"https:\/\/saida-plants.com\/?s={search_term_string}\"},\"query-input\":\"required name=search_term_string\"}],\"inLanguage\":\"ar\"},{\"@type\":\"Organization\",\"@id\":\"https:\/\/saida-plants.com\/#organization\",\"name\":\"SaidaPlants\",\"url\":\"https:\/\/saida-plants.com\/\",\"logo\":{\"@type\":\"ImageObject\",\"inLanguage\":\"ar\",\"@id\":\"https:\/\/saida-plants.com\/#\/schema\/logo\/image\/\",\"url\":\"https:\/\/saida-plants.com\/wp-content\/uploads\/2021\/08\/WhatsApp-Image-2021-08-11-at-17.44.40.jpeg\",\"contentUrl\":\"https:\/\/saida-plants.com\/wp-content\/uploads\/2021\/08\/WhatsApp-Image-2021-08-11-at-17.44.40.jpeg\",\"width\":1280,\"height\":463,\"caption\":\"SaidaPlants\"},\"image\":{\"@id\":\"https:\/\/saida-plants.com\/#\/schema\/logo\/image\/\"},\"sameAs\":[\"https:\/\/www.instagram.com\/saidaplants\/\",\"https:\/\/www.facebook.com\/SaidaPlants\"]}]}<\/script>\n<!-- \/ Yoast SEO plugin. -->","yoast_head_json":{"title":"Baies de Goji en Vrac - (\u0627\u0644\u0643\u0648\u062c\u064a) - SaidaPlants","description":"Baies de Goji - Nous faisons de notre mieux pour nos clients Obtenez le produit parfait et bio 100% fabriqu\u00e9 \u00e0 partir de la nature.","robots":{"index":"index","follow":"follow","max-snippet":"max-snippet:-1","max-image-preview":"max-image-preview:large","max-video-preview":"max-video-preview:-1"},"canonical":"https:\/\/saida-plants.com\/ar\/product\/baies-de-goji-en-vrac-\u0627\u0644\u0643\u0648\u062c\u064a\/","og_locale":"ar_AR","og_type":"article","og_title":"Baies de Goji en Vrac - (\u0627\u0644\u0643\u0648\u062c\u064a) - SaidaPlants","og_description":"Baies de Goji - Nous faisons de notre mieux pour nos clients Obtenez le produit parfait et bio 100% fabriqu\u00e9 \u00e0 partir de la nature.","og_url":"https:\/\/saida-plants.com\/ar\/product\/baies-de-goji-en-vrac-\u0627\u0644\u0643\u0648\u062c\u064a\/","og_site_name":"SaidaPlants","article_publisher":"https:\/\/www.facebook.com\/SaidaPlants","article_modified_time":"2025-09-26T13:48:15+00:00","og_image":[{"width":1400,"height":788,"url":"https:\/\/saida-plants.com\/wp-content\/uploads\/2021\/08\/11-1400x788.png","type":"image\/png"}],"twitter_card":"summary_large_image","twitter_misc":{"\u0648\u0642\u062a \u0627\u0644\u0642\u0631\u0627\u0621\u0629 \u0627\u0644\u0645\u064f\u0642\u062f\u0651\u0631":"3 \u062f\u0642\u0627\u0626\u0642"},"schema":{"@context":"https:\/\/schema.org","@graph":[{"@type":"WebPage","@id":"https:\/\/saida-plants.com\/product\/baies-de-goji-en-vrac-%d8%a7%d9%84%d9%83%d9%88%d8%ac%d9%8a\/","url":"https:\/\/saida-plants.com\/product\/baies-de-goji-en-vrac-%d8%a7%d9%84%d9%83%d9%88%d8%ac%d9%8a\/","name":"Baies de Goji en Vrac - (\u0627\u0644\u0643\u0648\u062c\u064a) - SaidaPlants","isPartOf":{"@id":"https:\/\/saida-plants.com\/#website"},"datePublished":"2021-08-20T15:45:51+00:00","dateModified":"2025-09-26T13:48:15+00:00","description":"Baies de Goji - Nous faisons de notre mieux pour nos clients Obtenez le produit parfait et bio 100% fabriqu\u00e9 \u00e0 partir de la nature.","breadcrumb":{"@id":"https:\/\/saida-plants.com\/product\/baies-de-goji-en-vrac-%d8%a7%d9%84%d9%83%d9%88%d8%ac%d9%8a\/#breadcrumb"},"inLanguage":"ar","potentialAction":[{"@type":"ReadAction","target":["https:\/\/saida-plants.com\/product\/baies-de-goji-en-vrac-%d8%a7%d9%84%d9%83%d9%88%d8%ac%d9%8a\/"]}]},{"@type":"BreadcrumbList","@id":"https:\/\/saida-plants.com\/product\/baies-de-goji-en-vrac-%d8%a7%d9%84%d9%83%d9%88%d8%ac%d9%8a\/#breadcrumb","itemListElement":[{"@type":"ListItem","position":1,"name":"Home","item":"https:\/\/saida-plants.com\/"},{"@type":"ListItem","position":2,"name":"Shop","item":"https:\/\/saida-plants.com\/ar\/shop\/"},{"@type":"ListItem","position":3,"name":"Baies de Goji en Vrac &#8211; (\u0627\u0644\u0643\u0648\u062c\u064a)"}]},{"@type":"WebSite","@id":"https:\/\/saida-plants.com\/#website","url":"https:\/\/saida-plants.com\/","name":"SaidaPlants","description":"1er Boutique En ligne Produit 100% Bio","publisher":{"@id":"https:\/\/saida-plants.com\/#organization"},"potentialAction":[{"@type":"SearchAction","target":{"@type":"EntryPoint","urlTemplate":"https:\/\/saida-plants.com\/?s={search_term_string}"},"query-input":"required name=search_term_string"}],"inLanguage":"ar"},{"@type":"Organization","@id":"https:\/\/saida-plants.com\/#organization","name":"SaidaPlants","url":"https:\/\/saida-plants.com\/","logo":{"@type":"ImageObject","inLanguage":"ar","@id":"https:\/\/saida-plants.com\/#\/schema\/logo\/image\/","url":"https:\/\/saida-plants.com\/wp-content\/uploads\/2021\/08\/WhatsApp-Image-2021-08-11-at-17.44.40.jpeg","contentUrl":"https:\/\/saida-plants.com\/wp-content\/uploads\/2021\/08\/WhatsApp-Image-2021-08-11-at-17.44.40.jpeg","width":1280,"height":463,"caption":"SaidaPlants"},"image":{"@id":"https:\/\/saida-plants.com\/#\/schema\/logo\/image\/"},"sameAs":["https:\/\/www.instagram.com\/saidaplants\/","https:\/\/www.facebook.com\/SaidaPlants"]}]}},"_links":{"self":[{"href":"https:\/\/saida-plants.com\/ar\/wp-json\/wp\/v2\/product\/896"}],"collection":[{"href":"https:\/\/saida-plants.com\/ar\/wp-json\/wp\/v2\/product"}],"about":[{"href":"https:\/\/saida-plants.com\/ar\/wp-json\/wp\/v2\/types\/product"}],"replies":[{"embeddable":true,"href":"https:\/\/saida-plants.com\/ar\/wp-json\/wp\/v2\/comments?post=896"}],"wp:featuredmedia":[{"embeddable":true,"href":"https:\/\/saida-plants.com\/ar\/wp-json\/wp\/v2\/media\/897"}],"wp:attachment":[{"href":"https:\/\/saida-plants.com\/ar\/wp-json\/wp\/v2\/media?parent=896"}],"wp:term":[{"taxonomy":"product_cat","embeddable":true,"href":"https:\/\/saida-plants.com\/ar\/wp-json\/wp\/v2\/product_cat?post=896"},{"taxonomy":"product_tag","embeddable":true,"href":"https:\/\/saida-plants.com\/ar\/wp-json\/wp\/v2\/product_tag?post=896"}],"curies":[{"name":"wp","href":"https:\/\/api.w.org\/{rel}","templated":true}]}}